{"id":4600,"date":"2016-08-26T11:10:14","date_gmt":"2016-08-26T14:10:14","guid":{"rendered":"http:\/\/inesmoreno.com.ar\/estudio\/?page_id=4600"},"modified":"2023-10-06T11:16:53","modified_gmt":"2023-10-06T14:16:53","slug":"espacios-de-juego","status":"publish","type":"page","link":"https:\/\/estudioinesmoreno.com.ar\/estudio\/libros\/espacios-de-juego\/","title":{"rendered":"Espacios de Juego"},"content":{"rendered":"\t\t<div data-elementor-type=\"wp-page\" data-elementor-id=\"4600\" class=\"elementor elementor-4600\" data-elementor-post-type=\"page\">\n\t\t\t\t\t\t<section class=\"elementor-section elementor-top-section elementor-element elementor-element-51c01102 elementor-section-content-middle elementor-section-stretched elementor-section-boxed elementor-section-height-default elementor-section-height-default\" data-id=\"51c01102\" data-element_type=\"section\" data-e-type=\"section\" data-settings=\"{&quot;stretch_section&quot;:&quot;section-stretched&quot;}\">\n\t\t\t\t\t\t<div class=\"elementor-container elementor-column-gap-wider\">\n\t\t\t\t\t<div class=\"elementor-column elementor-col-100 elementor-top-column elementor-element elementor-element-2a3e8bab\" data-id=\"2a3e8bab\" data-element_type=\"column\" data-e-type=\"column\">\n\t\t\t<div class=\"elementor-widget-wrap elementor-element-populated\">\n\t\t\t\t\t\t<div class=\"elementor-element elementor-element-3a16c09 elementor-widget elementor-widget-text-editor\" data-id=\"3a16c09\" data-element_type=\"widget\" data-e-type=\"widget\" data-widget_type=\"text-editor.default\">\n\t\t\t\t<div class=\"elementor-widget-container\">\n\t\t\t\t\t\t\t\t\t<h3><img fetchpriority=\"high\" decoding=\"async\" class=\"alignleft wp-image-10439 size-full\" src=\"https:\/\/estudioinesmoreno.com.ar\/estudio\/wp-content\/uploads\/2023\/03\/Espacios-de-juego.jpg\" alt=\"Espacios De Juego\" width=\"545\" height=\"800\" srcset=\"https:\/\/estudioinesmoreno.com.ar\/estudio\/wp-content\/uploads\/2023\/03\/Espacios-de-juego.jpg 545w, https:\/\/estudioinesmoreno.com.ar\/estudio\/wp-content\/uploads\/2023\/03\/Espacios-de-juego-204x300.jpg 204w\" sizes=\"(max-width: 545px) 100vw, 545px\" \/>Espacios de Juego<\/h3><p>Intervenciones l\u00fadicas en educaci\u00f3n, salud, empresas y \u00e1reas p\u00fablicas<br \/>Prof. In\u00e9s Moreno<br \/>Editorial Bonum<br \/>2\u00ba Edici\u00f3n (2012)<\/p><p>Espacios de juego convoca a im\u00e1genes diversas: un \u00e1rbol, el rinc\u00f3n de una habitaci\u00f3n, la sala de espera de un hospital, el shopping o la propia ciudad pueden convertirse en espacios de juego, espont\u00e1neos o planeados intencionalmente. Todos ellos tienen aspectos comunes respecto de los dos conceptos centrales: espacio y juego. De un modo llano y sencillo, el libro presenta los fundamentos, la metodolog\u00eda y las estrategias requeridas para el dise\u00f1o, la construcci\u00f3n y la gesti\u00f3n de espacios de juego.<\/p><p><strong>In\u00e9s Moreno<\/strong><br \/>Es profesora en Ciencias de la Educaci\u00f3n (UBA). Creadora y directora, desde 1977, del Estudio In\u00e9s Moreno, centro especializado en la aplicaci\u00f3n del juego y t\u00e9cnicas no convencionales para la formaci\u00f3n y entrenamiento de personas, la creaci\u00f3n, asesoramiento y supervisi\u00f3n de proyectos y programas en empresas, educaci\u00f3n, salud, trabajo comunitario.<\/p><p>Representante de la Argentina y asesora en organismos internacionales: WOLRA-ALATIR-Consejo Editor del International Play Journal (Inglaterra).<\/p><p>Fue maestra y directora de jardines de infantes y escuela primaria. Profesora de institutos de ense\u00f1anza media y terciaria, profesora titular de carreras de grado y posgrado de diversas universidades: UBA, UB, FASTA. Docente Invitada en Universidades Extranjeras. Capacitadora y coach en organismos oficiales, ONG y empresas de Argentina, Brasil, Costa Rica, M\u00e9xico, Espa\u00f1a y Portugal. Participa en congresos internacionales, dicta conferencias, seminarios, talleres y cursos de capacitaci\u00f3n.<\/p><p>Es autora de numerosos art\u00edculos para publicaciones acad\u00e9micas internacionales y de libros sobre juego, recreaci\u00f3n, rol docente, liderazgo, adolescencia y tiempo libre.2<\/p>\t\t\t\t\t\t\t\t<\/div>\n\t\t\t\t<\/div>\n\t\t\t\t\t<\/div>\n\t\t<\/div>\n\t\t\t\t\t<\/div>\n\t\t<\/section>\n\t\t\t\t<\/div>\n\t\t","protected":false},"excerpt":{"rendered":"<p>Espacios de Juego Intervenciones l\u00fadicas en educaci\u00f3n, salud, empresas y \u00e1reas p\u00fablicasProf. In\u00e9s MorenoEditorial Bonum2\u00ba Edici\u00f3n (2012) Espacios de juego convoca a im\u00e1genes diversas: un \u00e1rbol, el rinc\u00f3n de una habitaci\u00f3n, la sala de espera de un hospital, el shopping o la propia ciudad pueden convertirse en espacios de juego, espont\u00e1neos o planeados intencionalmente. Todos&hellip;<\/p>\n","protected":false},"author":1,"featured_media":0,"parent":2724,"menu_order":0,"comment_status":"closed","ping_status":"closed","template":"","meta":{"_joinchat":[],"footnotes":""},"class_list":["post-4600","page","type-page","status-publish","hentry"],"_links":{"self":[{"href":"https:\/\/estudioinesmoreno.com.ar\/estudio\/wp-json\/wp\/v2\/pages\/4600","targetHints":{"allow":["GET"]}}],"collection":[{"href":"https:\/\/estudioinesmoreno.com.ar\/estudio\/wp-json\/wp\/v2\/pages"}],"about":[{"href":"https:\/\/estudioinesmoreno.com.ar\/estudio\/wp-json\/wp\/v2\/types\/page"}],"author":[{"embeddable":true,"href":"https:\/\/estudioinesmoreno.com.ar\/estudio\/wp-json\/wp\/v2\/users\/1"}],"replies":[{"embeddable":true,"href":"https:\/\/estudioinesmoreno.com.ar\/estudio\/wp-json\/wp\/v2\/comments?post=4600"}],"version-history":[{"count":9,"href":"https:\/\/estudioinesmoreno.com.ar\/estudio\/wp-json\/wp\/v2\/pages\/4600\/revisions"}],"predecessor-version":[{"id":11620,"href":"https:\/\/estudioinesmoreno.com.ar\/estudio\/wp-json\/wp\/v2\/pages\/4600\/revisions\/11620"}],"up":[{"embeddable":true,"href":"https:\/\/estudioinesmoreno.com.ar\/estudio\/wp-json\/wp\/v2\/pages\/2724"}],"wp:attachment":[{"href":"https:\/\/estudioinesmoreno.com.ar\/estudio\/wp-json\/wp\/v2\/media?parent=4600"}],"curies":[{"name":"wp","href":"https:\/\/api.w.org\/{rel}","templated":true}]}}