{"id":4566,"date":"2016-08-24T14:24:17","date_gmt":"2016-08-24T17:24:17","guid":{"rendered":"http:\/\/inesmoreno.com.ar\/estudio\/?page_id=4566"},"modified":"2023-01-03T16:15:17","modified_gmt":"2023-01-03T16:15:17","slug":"una-historia-intrigante-el-misterio-del-jugador","status":"publish","type":"page","link":"https:\/\/estudioinesmoreno.com.ar\/estudio\/una-historia-intrigante-el-misterio-del-jugador\/","title":{"rendered":"Una Historia Intrigante: \u201cEl Misterio del Jugador\u201d"},"content":{"rendered":"\t\t<div data-elementor-type=\"wp-page\" data-elementor-id=\"4566\" class=\"elementor elementor-4566\" data-elementor-post-type=\"page\">\n\t\t\t\t\t\t<section class=\"elementor-section elementor-top-section elementor-element elementor-element-3736189d elementor-section-content-middle elementor-section-stretched elementor-section-boxed elementor-section-height-default elementor-section-height-default\" data-id=\"3736189d\" data-element_type=\"section\" data-e-type=\"section\" data-settings=\"{&quot;stretch_section&quot;:&quot;section-stretched&quot;}\">\n\t\t\t\t\t\t<div class=\"elementor-container elementor-column-gap-wider\">\n\t\t\t\t\t<div class=\"elementor-column elementor-col-100 elementor-top-column elementor-element elementor-element-7ba97ad2\" data-id=\"7ba97ad2\" data-element_type=\"column\" data-e-type=\"column\">\n\t\t\t<div class=\"elementor-widget-wrap elementor-element-populated\">\n\t\t\t\t\t\t<div class=\"elementor-element elementor-element-2d11676c elementor-widget elementor-widget-text-editor\" data-id=\"2d11676c\" data-element_type=\"widget\" data-e-type=\"widget\" data-widget_type=\"text-editor.default\">\n\t\t\t\t<div class=\"elementor-widget-container\">\n\t\t\t\t\t\t\t\t\t<p>Son las cuatro de la madrugada y todav\u00eda estoy dando vueltas en la cama sin poder dormir.<br \/>\u00bfPor qu\u00e9? \u00bfQu\u00e9 me pasa?<\/p><p>Parecer\u00eda ser una pregunta sencilla cuya respuesta tendr\u00eda que estar a la vista&#8230;<br \/>Tal vez no puedo descansar por el caf\u00e9 que tom\u00e9 con los colegas despu\u00e9s de la jornada.<br \/>Pero esta es una t\u00edpica \u201cPRIMERA RESPUESTA\u201d; entonces, este indicio es refrendable.<br \/>Siento que hay algo m\u00e1s, algo oculto. Percibo que debe ser por otra cosa.<br \/>Pero&#8230; \u00bfQu\u00e9 ser\u00e1? Deber\u00eda seguir indagando&#8230;<br \/>A lo mejor, no puedo conciliar el sue\u00f1o por las preocupaciones personales. Esta es una suposici\u00f3n mucho m\u00e1s fuerte, pero no deja de ser s\u00f3lo una posibilidad m\u00e1s.<br \/>Tal vez sea por la movilizaci\u00f3n interna que surgi\u00f3 con mi grupo de estudio (durante el momento de reflexi\u00f3n) esa \u201ctarde de juego con otros\u201d.<br \/>La intriga de un jugador por descubrir su personaje en el escenario de la historia personal.\u00bfQui\u00e9n sabe?<br \/>Conf\u00edo que este enigma tenga respuesta en alg\u00fan lugar.<\/p><p>El campo del juego vivencial nos permite ingresar a un mundo de sensaciones, emociones e interacciones con otros. Recuperar el espacio restringido y olvidado del juego nos enriquece y por sobre todo nos hace sensibles a condiciones que son eminentemente humanas.<\/p><p>Sigue lloviendo en la ciudad, unos se est\u00e1n levantando, otros duermen todav\u00eda y algunos s\u00f3lo lo intentamos&#8230;<br \/>Un cl\u00e1sico caso no resuelto de misterio&#8230; El misterio de una jornada de juego y reflexi\u00f3n.<br \/>Leonidas Pablo Loza.<br \/>26 de marzo de 2006.-<\/p><p>Inspirado en un encuentro con In\u00e9s Moreno sobre el juego.<br \/>En su discurso nombr\u00f3 a Claudio Naranjo quien dijo que: \u201chay dos maneras de realizar abordajes sobre las cosas: El enigma y el misterio\u201d&#8230;-<br \/>El enigma se soluciona buscando bibliograf\u00eda. El misterio no se puede resolver encontrando bibliograf\u00eda. El juego es mucho m\u00e1s de lo que parece, es un misterio a develar por cada uno.<br \/>Durante el juego se involucra todo el ser. Todas sus emociones; su historia.<br \/>No se podr\u00eda resumir con decir que es un momento placentero. Se cruzan situaciones de placer y displacer, de conexi\u00f3n y desconexi\u00f3n, de libertad y ataduras, de timidez y soltura, aburrimiento y diversi\u00f3n, y de tantas cosas como los participantes sientan. Entenderlo as\u00ed permite entrar al mundo del juego con m\u00e1s posibilidades para el jugador.<br \/>No s\u00f3lo con la posibilidad de divertirse sin temer al rid\u00edculo, abre el abanico a las emociones, inclusive a las que no nos gustan, o las que negamos.<br \/>Dice In\u00e9s Moreno: \u201c<em>El juego es acci\u00f3n<\/em>\u201d m\u00e1s que el mero movimiento, pues \u201c<em>involucra todo nuestro ser<\/em>\u201d en un momento particular de nuestra historia.<br \/>\u201c<em>El juego es una instancia pero lo m\u00e1s importante pasa despu\u00e9s del juego. Es una herramienta de crecimiento personal. Lo importante no es que se diviertan sino que aprendan<\/em>\u201d Cuando nos vemos, nosotros mismos como jugadores, comprendemos m\u00e1s qui\u00e9nes somos y lo que hacemos.<\/p><p>Uno juega cuando pierde la noci\u00f3n de espacio y de tiempo. (In\u00e9s Moreno)<\/p><h4><u>Para Pensar<\/u><\/h4><p>En la escuela puede que el juego sea visto como distracci\u00f3n o diversi\u00f3n, esto es un empobrecimiento de las amplias posibilidades que presenta el juego como herramienta de aprendizaje en torno a las interacciones que genera.<br \/>\u00bfQu\u00e9 posibilidades tenemos de jugar en el contexto que nos encontremos?<br \/>(pensemos en las posibilidades de formaci\u00f3n personal que genera como tambi\u00e9n a lo largo de nuestra vida pasamos por varias instancias que nos posicionan de diversas maneras como jugador, debido a la interacci\u00f3n social producida en la familia, el trabajo, etc.)<br \/>\u00bfEl que no quiere jugar es libre?<br \/>\u00bfC\u00f3mo considero al juego propio y de los otros?<br \/>\u00bfEl facilitador puede ser jugador? Est\u00e1 claro que deba ejercitarse como jugador pero cuando es gu\u00eda podr\u00e1 transformarse en jugador.<br \/>No es lo mismo ser jugador que hacer como si jugaras. (ejemplo de ello son los adolescentes que no le encuentran sentido a la clases de Educaci\u00f3n F\u00edsica, y por eso se aburren)<\/p><h4><u>Axioma<\/u><\/h4><h5 align=\"center\">\u201cPara poder conducir el juego es necesario formarse como jugador\u201d<br \/>(dice In\u00e9s Moreno)<\/h5><p>Algunas consideraciones sobre el Facilitador:<\/p><ol><li>El facilitador es mas que un explicador de consignas.<\/li><li>Es un observador especializado<\/li><li>Atento a la interacci\u00f3n grupal<\/li><li>Buen administrador del tiempo para cada propuesta<\/li><li>En relaci\u00f3n al punto anterior: diferencia las propuestas individuales (m\u00e1s variaciones) y grupales.<\/li><\/ol>\t\t\t\t\t\t\t\t<\/div>\n\t\t\t\t<\/div>\n\t\t\t\t\t<\/div>\n\t\t<\/div>\n\t\t\t\t\t<\/div>\n\t\t<\/section>\n\t\t\t\t<\/div>\n\t\t","protected":false},"excerpt":{"rendered":"<p>Son las cuatro de la madrugada y todav\u00eda estoy dando vueltas en la cama sin poder dormir.\u00bfPor qu\u00e9? \u00bfQu\u00e9 me pasa? Parecer\u00eda ser una pregunta sencilla cuya respuesta tendr\u00eda que estar a la vista&#8230;Tal vez no puedo descansar por el caf\u00e9 que tom\u00e9 con los colegas despu\u00e9s de la jornada.Pero esta es una t\u00edpica \u201cPRIMERA&hellip;<\/p>\n","protected":false},"author":1,"featured_media":0,"parent":0,"menu_order":0,"comment_status":"closed","ping_status":"closed","template":"","meta":{"_joinchat":[],"footnotes":""},"class_list":["post-4566","page","type-page","status-publish","hentry"],"_links":{"self":[{"href":"https:\/\/estudioinesmoreno.com.ar\/estudio\/wp-json\/wp\/v2\/pages\/4566","targetHints":{"allow":["GET"]}}],"collection":[{"href":"https:\/\/estudioinesmoreno.com.ar\/estudio\/wp-json\/wp\/v2\/pages"}],"about":[{"href":"https:\/\/estudioinesmoreno.com.ar\/estudio\/wp-json\/wp\/v2\/types\/page"}],"author":[{"embeddable":true,"href":"https:\/\/estudioinesmoreno.com.ar\/estudio\/wp-json\/wp\/v2\/users\/1"}],"replies":[{"embeddable":true,"href":"https:\/\/estudioinesmoreno.com.ar\/estudio\/wp-json\/wp\/v2\/comments?post=4566"}],"version-history":[{"count":9,"href":"https:\/\/estudioinesmoreno.com.ar\/estudio\/wp-json\/wp\/v2\/pages\/4566\/revisions"}],"predecessor-version":[{"id":6613,"href":"https:\/\/estudioinesmoreno.com.ar\/estudio\/wp-json\/wp\/v2\/pages\/4566\/revisions\/6613"}],"wp:attachment":[{"href":"https:\/\/estudioinesmoreno.com.ar\/estudio\/wp-json\/wp\/v2\/media?parent=4566"}],"curies":[{"name":"wp","href":"https:\/\/api.w.org\/{rel}","templated":true}]}}