{"id":3850,"date":"2016-03-31T21:44:55","date_gmt":"2016-03-31T21:44:55","guid":{"rendered":"http:\/\/www.inesmoreno.com.ar\/estudio\/?page_id=3073"},"modified":"2023-03-26T11:04:51","modified_gmt":"2023-03-26T14:04:51","slug":"escritos-academicos","status":"publish","type":"page","link":"https:\/\/estudioinesmoreno.com.ar\/estudio\/escritos-academicos\/","title":{"rendered":"Escritos Acad\u00e9micos"},"content":{"rendered":"\t\t<div data-elementor-type=\"wp-page\" data-elementor-id=\"3850\" class=\"elementor elementor-3850\" data-elementor-post-type=\"page\">\n\t\t\t\t\t\t<section class=\"elementor-section elementor-top-section elementor-element elementor-element-63d07609 elementor-section-content-middle elementor-section-stretched elementor-section-boxed elementor-section-height-default elementor-section-height-default\" data-id=\"63d07609\" data-element_type=\"section\" data-e-type=\"section\" data-settings=\"{&quot;stretch_section&quot;:&quot;section-stretched&quot;}\">\n\t\t\t\t\t\t<div class=\"elementor-container elementor-column-gap-wider\">\n\t\t\t\t\t<div class=\"elementor-column elementor-col-100 elementor-top-column elementor-element elementor-element-38e77bcf\" data-id=\"38e77bcf\" data-element_type=\"column\" data-e-type=\"column\">\n\t\t\t<div class=\"elementor-widget-wrap elementor-element-populated\">\n\t\t\t\t\t\t<div class=\"elementor-element elementor-element-bf7bbb9 elementor-widget elementor-widget-text-editor\" data-id=\"bf7bbb9\" data-element_type=\"widget\" data-e-type=\"widget\" data-widget_type=\"text-editor.default\">\n\t\t\t\t<div class=\"elementor-widget-container\">\n\t\t\t\t\t\t\t\t\t<ul>\n \t<li><a href=\"https:\/\/estudioinesmoreno.com.ar\/estudio\/el-juego-importancia-en-lo-subjetivo-y-social\/\">EL JUEGO: importancia en lo subjetivo y social<\/a> &#8211; Prof. In\u00e9s Moreno &#8211; 2009<\/li>\n \t<li><a href=\"https:\/\/estudioinesmoreno.com.ar\/estudio\/publicaciones\/escritos-academicos\/entrevista-a-la-prof-ines-moreno-desde-el-portal-de-telefonica-argentina\/\">Entrevista a la Prof. In\u00e9s Moreno desde el Portal de Telef\u00f3nica Argentina<\/a><\/li>\n<\/ul>\n<ul>\n \t<li><a href=\"https:\/\/estudioinesmoreno.com.ar\/estudio\/el-juego-en-la-escuela\/\">El juego en la escuela<\/a>\u00a0&#8211; S\u00edntesis de la Conferencia de la Prof. In\u00e9s Moreno en el Encuentro Internacional de Educadores &#8211; Mar del Plata &#8211; Argentina 29\/05\/2008<\/li>\n<\/ul>\n<ul>\n \t<li><a href=\"https:\/\/estudioinesmoreno.com.ar\/estudio\/la-enfermedad-del-tiempo\/\">LA ENFERMEDAD DEL TIEMPO<\/a> &#8211; ANTICIPO del libro \u00abRECREACI\u00d3N- Tomo 2\u00bb escrito por la Por. In\u00e9s Moreno<\/li>\n \t<li>\u00ab<a href=\"https:\/\/estudioinesmoreno.com.ar\/estudio\/mi-proceso-teatro-leido\/\">MI PROCESO<\/a>\u201d Teatro le\u00eddo. Autora:\u00a0MAR\u00cdA JUDITH CABRAL DE VEL\u00c1ZQUEZ &#8211; Coloquio del Curso \u00abCreatividad y Desarrollo Personal\u00bb &#8211; 2008<\/li>\n \t<li><a href=\"https:\/\/estudioinesmoreno.com.ar\/estudio\/juego-creatividad-y-desarrollo-personal\/\">JUEGO-CREATIVIDAD Y DESARROLLO PERSONAL<\/a> &#8211; Autores: Tenerife &#8211; Islas Canarias<\/li>\n \t<li><a href=\"https:\/\/estudioinesmoreno.com.ar\/estudio\/a-mitad-de-camino\/\">A MITAD DE CAMINO<\/a> &#8211; Autora: Lic. IVANA L. PETRUELO<\/li>\n \t<li><a href=\"http:\/\/www.inesmoreno.com.ar\/estudio\/wp-content\/uploads\/2016\/04\/en-el-espacio-vacio.pdf\" target=\"_blank\" rel=\"noopener\">EN EL ESPACIO VACIO: LA DROGA O EL JUEGO <\/a> &#8211; Autoras:\u00a0 Lic. Martha Y. Fern\u00e1ndez\u00a0 y\u00a0 Lic. Leonor M. Mu\u00f1oz &#8211; Trabajo presentado en las PRIMERAS JORNADAS DE LA RESIDENCIA DE TRABAJO SOCIAL EN SALUD<\/li>\n \t<li><a href=\"http:\/\/www.inesmoreno.com.ar\/estudio\/wp-content\/uploads\/2016\/04\/seminario-salud.pdf\" target=\"_blank\" rel=\"noopener\">JUEGO y CREATIVIDAD en la PREVENCI\u00d3N Y ASISTENCIA TERAP\u00c9UTICA<\/a> &#8211; Autora: Patricia Belbr\u00fan<\/li>\n \t<li><a href=\"http:\/\/www.inesmoreno.com.ar\/estudio\/wp-content\/uploads\/2016\/04\/seminario-proyectos-comunitarios.pdf\" target=\"_blank\" rel=\"noopener\">JUEGO y CREATIVIDAD en PROYECTOS COMUNITARIOS<\/a> &#8211; Autora: Patricia Belbr\u00fan<\/li>\n \t<li><a href=\"https:\/\/estudioinesmoreno.com.ar\/estudio\/la-creatividad-en-el-proceso-terapeutico\/\">LA CREATIVIDAD EN EL PROCESO TERAP\u00c9UTICO<\/a> &#8211; Autoras: ex-alumnas del estudio in\u00e9s moreno: Gabriela Almozny &#8211; Mar\u00eda Ana Sfeir &#8211; Victor Tom\u00e9<\/li>\n \t<li><a href=\"https:\/\/estudioinesmoreno.com.ar\/estudio\/actualidad-de-las-colonias-de-vacaciones\/\">ACTUALIDAD DE LAS COLONIAS DE VACACIONES<\/a> &#8211; Prof. In\u00e9s Moreno<\/li>\n \t<li><a href=\"https:\/\/estudioinesmoreno.com.ar\/estudio\/los-puentes-del-juego\/\">Los Puentes del Juego<\/a>\u00a0&#8211; Autores Varios<\/li>\n \t<li><a href=\"https:\/\/estudioinesmoreno.com.ar\/estudio\/los-talleres-de-arte-de-mayo\/\">LOS TALLERES de ARTE de MAYO<\/a> &#8211; Autora: <strong>Prof. ANDREA BISCIONE &#8211; Alumna del curso CONDUCCI\u00d3N DE GRUPOS ESPECIALIZADA EN T\u00c9CNICAS L\u00daDICAS Y EXPRESIVAS\u00a0<\/strong><\/li>\n \t<li><a href=\"https:\/\/estudioinesmoreno.com.ar\/estudio\/reflexiones-desde-la-huella\/\">REFLEXIONES desde la HUELLA<\/a> &#8211; Autora: <strong>Prof. PATRICIA C\u00c1CERES &#8211; Pcia. de C\u00f3rdoba<\/strong> <strong>Participante del GRUPO de Estudio \u00abEL JUEGO\u00a0 y los JUEGOS\u00bb\u00a0 que dicta la Prof. In\u00e9s Moreno en C\u00f3rdoba<\/strong><\/li>\n \t<li><a href=\"https:\/\/estudioinesmoreno.com.ar\/estudio\/seguimos-jugando\/\">Seguimos Jugando<\/a> &#8211; Autores: <strong>Hugo Maffi &#8211; Lina M\u00f3llica &#8211; Taru Ramat &#8211; Silvia Kohan &#8211; Juliana Maximo Villas Boas<\/strong><\/li>\n \t<li><a href=\"http:\/\/www.inesmoreno.com.ar\/estudio\/wp-content\/uploads\/2016\/04\/tiempo-libre.pdf\" target=\"_blank\" rel=\"noopener\">Tiempo Libre y Recreaci\u00f3n<\/a> &#8211; Autora T\u00e9cnica <strong>Natalia Fiori<\/strong><\/li>\n \t<li><a href=\"http:\/\/www.inesmoreno.com.ar\/estudio\/wp-content\/uploads\/2016\/04\/prevencion-asistencia-terapeutica.pdf\" target=\"_blank\" rel=\"noopener\">El Juego en la Prevenci\u00f3n y Asistencia Terap\u00e9utica<\/a>\u00a0&#8211; Autora T\u00e9cnica <strong>Natalia Fiori<\/strong><\/li>\n \t<li><a href=\"http:\/\/www.inesmoreno.com.ar\/estudio\/wp-content\/uploads\/2016\/04\/juegos-ludotecas.pdf\" target=\"_blank\" rel=\"noopener\">Juegos y Ludotecas<\/a> &#8211; Autora T\u00e9cnica <strong>Natalia Fiori<\/strong><\/li>\n \t<li><a href=\"https:\/\/estudioinesmoreno.com.ar\/estudio\/por-que-juego-para-coaching\/\">\u00bfPor qu\u00e9 Juego para Coaching?<\/a> &#8211; <strong>Ana Sanguinetti<\/strong><\/li>\n \t<li><a href=\"https:\/\/estudioinesmoreno.com.ar\/estudio\/la-vivencia-del-aburrimiento-es-importante\/\">La vivencia del aburrimiento es importante<\/a> &#8211; <strong>Prof. In\u00e9s Moreno<\/strong><\/li>\n \t<li><a href=\"https:\/\/estudioinesmoreno.com.ar\/estudio\/publicaciones\/escritos-academicos\/ahora-a-los-gerentes-los-invitan-a-jugar\/\">Ahora a los gerentes los invitan a jugar<\/a> &#8211; <strong>Prof. In\u00e9s Moreno<\/strong><\/li>\n \t<li><a href=\"https:\/\/estudioinesmoreno.com.ar\/estudio\/una-historia-intrigante-el-misterio-del-jugador\/\">Una Historia Intrigante:\u201cEl Misterio del Jugador\u201d<\/a>\u00a0 &#8211; <strong>Prof. Pablo Loza<\/strong> &#8211; C\u00f3rdoba<\/li>\n<\/ul>\t\t\t\t\t\t\t\t<\/div>\n\t\t\t\t<\/div>\n\t\t\t\t\t<\/div>\n\t\t<\/div>\n\t\t\t\t\t<\/div>\n\t\t<\/section>\n\t\t\t\t<\/div>\n\t\t","protected":false},"excerpt":{"rendered":"<p>EL JUEGO: importancia en lo subjetivo y social &#8211; Prof. In\u00e9s Moreno &#8211; 2009 Entrevista a la Prof. In\u00e9s Moreno desde el Portal de Telef\u00f3nica Argentina El juego en la escuela\u00a0&#8211; S\u00edntesis de la Conferencia de la Prof. In\u00e9s Moreno en el Encuentro Internacional de Educadores &#8211; Mar del Plata &#8211; Argentina 29\/05\/2008 LA ENFERMEDAD&hellip;<\/p>\n","protected":false},"author":1,"featured_media":0,"parent":0,"menu_order":0,"comment_status":"closed","ping_status":"closed","template":"","meta":{"_joinchat":[],"footnotes":""},"class_list":["post-3850","page","type-page","status-publish","hentry"],"_links":{"self":[{"href":"https:\/\/estudioinesmoreno.com.ar\/estudio\/wp-json\/wp\/v2\/pages\/3850","targetHints":{"allow":["GET"]}}],"collection":[{"href":"https:\/\/estudioinesmoreno.com.ar\/estudio\/wp-json\/wp\/v2\/pages"}],"about":[{"href":"https:\/\/estudioinesmoreno.com.ar\/estudio\/wp-json\/wp\/v2\/types\/page"}],"author":[{"embeddable":true,"href":"https:\/\/estudioinesmoreno.com.ar\/estudio\/wp-json\/wp\/v2\/users\/1"}],"replies":[{"embeddable":true,"href":"https:\/\/estudioinesmoreno.com.ar\/estudio\/wp-json\/wp\/v2\/comments?post=3850"}],"version-history":[{"count":75,"href":"https:\/\/estudioinesmoreno.com.ar\/estudio\/wp-json\/wp\/v2\/pages\/3850\/revisions"}],"predecessor-version":[{"id":10340,"href":"https:\/\/estudioinesmoreno.com.ar\/estudio\/wp-json\/wp\/v2\/pages\/3850\/revisions\/10340"}],"wp:attachment":[{"href":"https:\/\/estudioinesmoreno.com.ar\/estudio\/wp-json\/wp\/v2\/media?parent=3850"}],"curies":[{"name":"wp","href":"https:\/\/api.w.org\/{rel}","templated":true}]}}