{"id":3844,"date":"2016-03-31T21:13:39","date_gmt":"2016-03-31T21:13:39","guid":{"rendered":"http:\/\/www.inesmoreno.com.ar\/estudio\/?page_id=3019"},"modified":"2023-11-21T21:47:45","modified_gmt":"2023-11-22T00:47:45","slug":"entrenamiento-capacitadores","status":"publish","type":"page","link":"https:\/\/estudioinesmoreno.com.ar\/estudio\/formacion\/entrenamiento-capacitadores\/","title":{"rendered":"Entrenamiento de Capacitadores"},"content":{"rendered":"\t\t<div data-elementor-type=\"wp-page\" data-elementor-id=\"3844\" class=\"elementor elementor-3844\" data-elementor-post-type=\"page\">\n\t\t\t\t\t\t<section class=\"elementor-section elementor-top-section elementor-element elementor-element-8ae8759 elementor-section-boxed elementor-section-height-default elementor-section-height-default\" data-id=\"8ae8759\" data-element_type=\"section\" data-e-type=\"section\">\n\t\t\t\t\t\t<div class=\"elementor-container elementor-column-gap-default\">\n\t\t\t\t\t<div class=\"elementor-column elementor-col-100 elementor-top-column elementor-element elementor-element-87bfcd0\" data-id=\"87bfcd0\" data-element_type=\"column\" data-e-type=\"column\">\n\t\t\t<div class=\"elementor-widget-wrap elementor-element-populated\">\n\t\t\t\t\t\t<div class=\"elementor-element elementor-element-f84981b elementor-widget elementor-widget-heading\" data-id=\"f84981b\" data-element_type=\"widget\" data-e-type=\"widget\" data-widget_type=\"heading.default\">\n\t\t\t\t<div class=\"elementor-widget-container\">\n\t\t\t\t\t<h2 class=\"elementor-heading-title elementor-size-default\">Entrenamiento de Capacitadores<\/h2>\t\t\t\t<\/div>\n\t\t\t\t<\/div>\n\t\t\t\t\t<\/div>\n\t\t<\/div>\n\t\t\t\t\t<\/div>\n\t\t<\/section>\n\t\t\t\t<section class=\"elementor-section elementor-top-section elementor-element elementor-element-7194f87b elementor-section-content-middle elementor-section-stretched elementor-section-boxed elementor-section-height-default elementor-section-height-default\" data-id=\"7194f87b\" data-element_type=\"section\" data-e-type=\"section\" data-settings=\"{&quot;stretch_section&quot;:&quot;section-stretched&quot;}\">\n\t\t\t\t\t\t<div class=\"elementor-container elementor-column-gap-wider\">\n\t\t\t\t\t<div class=\"elementor-column elementor-col-100 elementor-top-column elementor-element elementor-element-25703f90\" data-id=\"25703f90\" data-element_type=\"column\" data-e-type=\"column\">\n\t\t\t<div class=\"elementor-widget-wrap elementor-element-populated\">\n\t\t\t\t\t\t<div class=\"elementor-element elementor-element-c7fd21d elementor-widget elementor-widget-text-editor\" data-id=\"c7fd21d\" data-element_type=\"widget\" data-e-type=\"widget\" data-widget_type=\"text-editor.default\">\n\t\t\t\t<div class=\"elementor-widget-container\">\n\t\t\t\t\t\t\t\t\t<p><span style=\"background-color: rgba(255, 255, 255, 0); color: var(--the7-base-color); letter-spacing: var(--the7-base-letter-spacing); text-transform: var(--the7-base-text-transform); word-spacing: normal;\">El <\/span><strong style=\"background-color: rgba(255, 255, 255, 0); color: var(--the7-base-color); letter-spacing: var(--the7-base-letter-spacing); text-transform: var(--the7-base-text-transform); word-spacing: normal;\">estudio in\u00e9s moreno<\/strong><span style=\"background-color: rgba(255, 255, 255, 0); color: var(--the7-base-color); letter-spacing: var(--the7-base-letter-spacing); text-transform: var(--the7-base-text-transform); word-spacing: normal;\"> ofrece alternativas para&nbsp; quienes desarrollan procesos de facilitaci\u00f3n, formaci\u00f3n y capacitaci\u00f3n de <\/span><strong style=\"background-color: rgba(255, 255, 255, 0); color: var(--the7-base-color); letter-spacing: var(--the7-base-letter-spacing); text-transform: var(--the7-base-text-transform); word-spacing: normal;\">ADULTOS<\/strong><span style=\"background-color: rgba(255, 255, 255, 0); color: var(--the7-base-color); letter-spacing: var(--the7-base-letter-spacing); text-transform: var(--the7-base-text-transform); word-spacing: normal;\"> en empresas, consultoras, salud, couching, educaci\u00f3n formal &#8211; no formal, cultura, arte, entre otras \u00e1reas<\/span><\/p>\n<ul>\n<li><strong>CURSOS de FORMACI\u00d3N: Escuela de Juego\/ Formaci\u00f3n de Capacitadores\/ El FACILITADOR de grupos.<\/strong><\/li>\n<li><strong>CURSOS &#8211; TALLERES: INTENSIVOS &#8211; BREVES.&nbsp;<\/strong><\/li>\n<\/ul>\n<p><strong style=\"text-align: center; background-color: rgba(255, 255, 255, 0); color: var(--the7-base-color); letter-spacing: var(--the7-base-letter-spacing); text-transform: var(--the7-base-text-transform); word-spacing: normal;\">&nbsp;<\/strong><\/p>\n<p><em><span style=\"text-decoration: underline;\"><strong style=\"text-align: center; background-color: rgba(255, 255, 255, 0); color: var(--the7-base-color); letter-spacing: var(--the7-base-letter-spacing); text-transform: var(--the7-base-text-transform); word-spacing: normal; text-decoration: underline;\">CURSOS de FORMACI\u00d3N:&nbsp;&nbsp;<\/strong><\/span><\/em><strong style=\"background-color: rgba(255, 255, 255, 0); color: var(--the7-base-color); font-family: ; font-size: ; font-style: ; font-variant-ligatures: ; font-variant-caps: ; letter-spacing: var(--the7-base-letter-spacing); text-decoration-line: ; text-transform: var(--the7-base-text-transform); word-spacing: normal;\">Brindan saberes te\u00f3ricos y pr\u00e1cticos para lograr asertividad y solidez en el manejo de grupos-contenidos-t\u00e9cnicas l\u00fadicas y particularmente la \u201ccreaci\u00f3n de recursos a medida de las necesidades\u201d<br><\/strong><strong style=\"background-color: rgba(255, 255, 255, 0); color: var(--the7-base-color); font-family: ; font-size: ; font-style: ; font-variant-ligatures: ; font-variant-caps: ; letter-spacing: var(--the7-base-letter-spacing); text-decoration-line: ; text-transform: var(--the7-base-text-transform); word-spacing: normal;\">Existen opciones para realizar en nuestra instituci\u00f3n. Contactate con nosotros para evaluar la m\u00e1s precisa en base a tus necesidades.<\/strong><\/p>\n<p><\/p>\n<h6>La <em>diferencia se encuentra en los contenidos<\/em>. Mientras que JUEGO pone el \u00e9nfasis en diferentes propuestas l\u00fadicas y su conducci\u00f3n; Formaci\u00f3n de CAPACITADORES&nbsp;focaliza en la did\u00e1ctica que se requiere para trabajar con ADULTOS; planeamiento-ejecuci\u00f3n y evaluaci\u00f3n de la tarea. EL FACILITADOR de grupo trabaja en las dimensiones del JUEGO Y LA CREATIVIDAD y todo lo que hay que contener para poder trabajar estos temas en los diferentes tipos de grupos, en los diferentes tipos de contextos.<br>La formaci\u00f3n comienza en ABRIL y culmina en NOVIEMBRE<strong>. Con su respectivo coloquio en DICIEMBRE.<\/strong><\/h6>\n<h6><strong style=\"text-align: center; background-color: rgba(255, 255, 255, 0); color: var(--the7-base-color); letter-spacing: var(--the7-base-letter-spacing); text-transform: var(--the7-base-text-transform); word-spacing: normal;\">&nbsp;<\/strong><\/h6>\n<h6><em><span style=\"text-decoration: underline;\"><strong style=\"text-align: center; background-color: rgba(255, 255, 255, 0); color: var(--the7-base-color); letter-spacing: var(--the7-base-letter-spacing); text-transform: var(--the7-base-text-transform); word-spacing: normal; text-decoration: underline;\">CURSOS &#8211; TALLERES: INTENSIVOS &#8211; BREVES:<\/strong><\/span><\/em>Se dictan cursos y talleres sobre tem\u00e1ticas puntuales y espec\u00edficas. Durante Febrero-Marzo se dictan ACTIVIDADES ESPECIALES que cuentan con intensivos y en los cuatrimestres de cada a\u00f1o existen propuestas breves.<br>Tambi\u00e9n es posible solicitar la realizaci\u00f3n de Cursos y Talleres in company. En este caso las propuestas se planifican y ejecutan con programas \u201ca medida\u201d de las necesidades<\/h6>\n<p><\/p>\t\t\t\t\t\t\t\t<\/div>\n\t\t\t\t<\/div>\n\t\t\t\t\t<\/div>\n\t\t<\/div>\n\t\t\t\t\t<\/div>\n\t\t<\/section>\n\t\t\t\t<\/div>\n\t\t","protected":false},"excerpt":{"rendered":"<p>Entrenamiento de Capacitadores El estudio in\u00e9s moreno ofrece alternativas para&nbsp; quienes desarrollan procesos de facilitaci\u00f3n, formaci\u00f3n y capacitaci\u00f3n de ADULTOS en empresas, consultoras, salud, couching, educaci\u00f3n formal &#8211; no formal, cultura, arte, entre otras \u00e1reas CURSOS de FORMACI\u00d3N: Escuela de Juego\/ Formaci\u00f3n de Capacitadores\/ El FACILITADOR de grupos. CURSOS &#8211; TALLERES: INTENSIVOS &#8211; BREVES.&nbsp; &nbsp;&hellip;<\/p>\n","protected":false},"author":1,"featured_media":0,"parent":3837,"menu_order":0,"comment_status":"closed","ping_status":"closed","template":"","meta":{"_joinchat":[],"footnotes":""},"class_list":["post-3844","page","type-page","status-publish","hentry"],"_links":{"self":[{"href":"https:\/\/estudioinesmoreno.com.ar\/estudio\/wp-json\/wp\/v2\/pages\/3844","targetHints":{"allow":["GET"]}}],"collection":[{"href":"https:\/\/estudioinesmoreno.com.ar\/estudio\/wp-json\/wp\/v2\/pages"}],"about":[{"href":"https:\/\/estudioinesmoreno.com.ar\/estudio\/wp-json\/wp\/v2\/types\/page"}],"author":[{"embeddable":true,"href":"https:\/\/estudioinesmoreno.com.ar\/estudio\/wp-json\/wp\/v2\/users\/1"}],"replies":[{"embeddable":true,"href":"https:\/\/estudioinesmoreno.com.ar\/estudio\/wp-json\/wp\/v2\/comments?post=3844"}],"version-history":[{"count":21,"href":"https:\/\/estudioinesmoreno.com.ar\/estudio\/wp-json\/wp\/v2\/pages\/3844\/revisions"}],"predecessor-version":[{"id":12436,"href":"https:\/\/estudioinesmoreno.com.ar\/estudio\/wp-json\/wp\/v2\/pages\/3844\/revisions\/12436"}],"up":[{"embeddable":true,"href":"https:\/\/estudioinesmoreno.com.ar\/estudio\/wp-json\/wp\/v2\/pages\/3837"}],"wp:attachment":[{"href":"https:\/\/estudioinesmoreno.com.ar\/estudio\/wp-json\/wp\/v2\/media?parent=3844"}],"curies":[{"name":"wp","href":"https:\/\/api.w.org\/{rel}","templated":true}]}}