{"id":3824,"date":"2016-04-15T22:41:28","date_gmt":"2016-04-16T01:41:28","guid":{"rendered":"http:\/\/www.inesmoreno.com.ar\/estudio\/?page_id=3824"},"modified":"2023-01-03T15:17:23","modified_gmt":"2023-01-03T15:17:23","slug":"seguimos-jugando","status":"publish","type":"page","link":"https:\/\/estudioinesmoreno.com.ar\/estudio\/seguimos-jugando\/","title":{"rendered":"SEGUIMOS JUGANDO!!!"},"content":{"rendered":"\t\t<div data-elementor-type=\"wp-page\" data-elementor-id=\"3824\" class=\"elementor elementor-3824\" data-elementor-post-type=\"page\">\n\t\t\t\t\t\t<section class=\"elementor-section elementor-top-section elementor-element elementor-element-585387b3 elementor-section-content-middle elementor-section-stretched elementor-section-boxed elementor-section-height-default elementor-section-height-default\" data-id=\"585387b3\" data-element_type=\"section\" data-e-type=\"section\" data-settings=\"{&quot;stretch_section&quot;:&quot;section-stretched&quot;}\">\n\t\t\t\t\t\t<div class=\"elementor-container elementor-column-gap-wider\">\n\t\t\t\t\t<div class=\"elementor-column elementor-col-100 elementor-top-column elementor-element elementor-element-7ee6da1a\" data-id=\"7ee6da1a\" data-element_type=\"column\" data-e-type=\"column\">\n\t\t\t<div class=\"elementor-widget-wrap elementor-element-populated\">\n\t\t\t\t\t\t<div class=\"elementor-element elementor-element-70e7d42f elementor-widget elementor-widget-text-editor\" data-id=\"70e7d42f\" data-element_type=\"widget\" data-e-type=\"widget\" data-widget_type=\"text-editor.default\">\n\t\t\t\t<div class=\"elementor-widget-container\">\n\t\t\t\t\t\t\t\t\t<p><span style=\"color: blue; background-color: rgba(255, 255, 255, 0); letter-spacing: var(--the7-base-letter-spacing); text-transform: var(--the7-base-text-transform); word-spacing: normal;\">En el marco del curso anual \u00abEL JUEGO Y LOS JUEGOS\u00bb que dicta la Prof. In\u00e9s Moreno los d\u00edas lunes en el estudio, el grupo de profesionales que participa ha generado una red de intercambios y producciones durante el transcurso de la semana, m\u00e1s all\u00e1 de la clase. La idea es tener la \u00abllamita\u00bb del juego encendida&#8230;a partir de est\u00edmulos diferentes y lograr ampliar la matriz l\u00fadica que cada adulto contiene. En este caso, compartimos la producci\u00f3n que han realizado algunos de los integrantes del grupo a partir de un juego (Bingo Musical).<\/span><\/p>\n<p><\/p>\n<p><u><strong>JUEGO<\/strong><\/u><strong>: Bingo Musical<br><u>AUTOR<\/u>: HUGO MAFFI<\/strong><\/p>\n<p>Descripci\u00f3n del Juego<\/p>\n<p>Cada jugador recibi\u00f3 un cart\u00f3n dividido en 9 casilleros donde en cada uno figuraba el nombre de un ritmo musical.<br>En un CD estaban grabados los ritmos musicales incluidos en los cartones distribuidos entre los jugadores.<br>Los ritmos incluidos en el CD y en los cartones de los jugadores fueron:<br>Carnavalito, Chacarera, Chamam\u00e9, Chamarrita, Cueca, Rock, Salsa, Milonga, Pasodoble, Polca, Ranchera, Ritmo Jud\u00edo, Ritmo \u00c1rabe, Rumba, Merengue, Tango Electr\u00f3nico, Tango, Takirari, Tarantela, Vals, Zamba, Jota Aragonesa.<\/p>\n<p>Cada jugador deb\u00eda identificar el ritmo que se estaba escuchando, y verificar si lo ten\u00eda en su cart\u00f3n.<br>A su turno cada jugador fue sacando un n\u00famero de una caja.<br>A continuaci\u00f3n se escuchaba la pista del CD correspondiente al n\u00famero elegido.<br>Luego de escuchar cada ritmo, se le ped\u00eda a los jugadores que dijeran una palabra que les sugiriera el ritmo que acababan de escuchar.<br>Con las palabras que iban surgiendo luego de escuchar cada tema se iba confeccionando una lista.<br>El jugador que primero complet\u00f3 su cart\u00f3n identificando los ritmos que se pasaron result\u00f3 el ganador.<br>Se invit\u00f3 a los jugadores a utilizar las palabras que surgieron durante el transcurso del juego en oraciones, cuentos, canciones, acr\u00f3sticos, dibujos, frases, grafittis, etc, etc, etc.<\/p>\n<p><span style=\"color: blue;\">A continuaci\u00f3n la lista de palabras que surgieron de los ritmos escuchados:<\/span><\/p>\n<ul>\n<li><span style=\"color: blue;\">Tronco<\/span><\/li>\n<li><span style=\"color: blue;\">Seducci\u00f3n<\/span><\/li>\n<li><span style=\"color: blue;\">Intriga<\/span><\/li>\n<li><span style=\"color: blue;\">Suspenso<\/span><\/li>\n<li><span style=\"color: blue;\">Misterio<\/span><\/li>\n<li><span style=\"color: blue;\">Amenaza<\/span><\/li>\n<li><span style=\"color: blue;\">Playa<\/span><\/li>\n<li><span style=\"color: blue;\">Bandone\u00f3n<\/span><\/li>\n<li><span style=\"color: blue;\">Torero<\/span><\/li>\n<li><span style=\"color: blue;\">Patio de tierra<\/span><\/li>\n<li><span style=\"color: blue;\">No<\/span><\/li>\n<li><span style=\"color: blue;\">Compadrito<\/span><\/li>\n<li><span style=\"color: blue;\">Fiesta<\/span><\/li>\n<li><span style=\"color: blue;\">Pizza<\/span><\/li>\n<li><span style=\"color: blue;\">15 a\u00f1os<\/span><\/li>\n<li><span style=\"color: blue;\">Corrientes<\/span><\/li>\n<li><span style=\"color: blue;\">Vino<\/span><\/li>\n<li><span style=\"color: blue;\">Pa\u00f1uelo<\/span><\/li>\n<li><span style=\"color: blue;\">Puna<\/span><\/li>\n<li><span style=\"color: blue;\">Odalisca<\/span><\/li>\n<li><span style=\"color: blue;\">Maraca<\/span><\/li>\n<li><span style=\"color: blue;\">Embudo<\/span><\/li>\n<\/ul>\n<p><u><strong><span style=\"color: red;\">CUENTO &#8211; RELATO<\/span><\/strong><\/u><span style=\"color: red;\"><strong><br><u>AUTORA<\/u>: LINA M\u00d3LLICA<\/strong><\/span><\/p>\n<p><span style=\"color: red;\">Deber\u00eda haber sido <i>torero<\/i>, pero un error en la base de datos c\u00f3smica, lo hizo nacer en una casa con <i>patio de tierra<\/i> rodeado de <i>troncos<\/i> clavados a pique, apenas desbastados,&nbsp; en <i>Corrientes<\/i>, bien a la derecha del mapa, donde no hab\u00eda ni <i>suspenso<\/i> ni<i> intriga<\/i>, s\u00f3lo una vaga <i>amenaza<\/i>, cuyo origen no era un<i> misterio<\/i>.<\/span><\/p>\n<p><span style=\"color: red;\">Hab\u00eda que mantenerse lejos del <i>embudo<\/i>.&nbsp; Se tragaba los mejores hombres, <i>compadritos<\/i> a la hora de medirse con otros semejantes, pero llenos de temor ante la <i>seducci\u00f3n <\/i>que ejerc\u00eda el hueco negro.<\/span><\/p>\n<p><span style=\"color: red;\">Esa atracci\u00f3n se deb\u00eda sobre todo a vagos ecos musicales.&nbsp; <i>No <\/i>se pon\u00edan de acuerdo: no era f\u00e1cil superar el miedo de acercarse.&nbsp; Unas veces sonaba a <i>fiesta <\/i>de pitos y <i>maracas<\/i>, otra a tristeza de<i>bandone\u00f3n.<\/i><\/span><\/p>\n<p><span style=\"color: red;\">La \u00fanica forma de superar la <i>intriga <\/i>era dejarse atrapar por el embudo y desaparecer del pueblo.&nbsp; Pero nadie hab\u00eda vuelto para contar de qu\u00e9 se trataba el asunto.<\/span><\/p>\n<p><span style=\"color: red;\">\u00c9l, cuyo coraje estaba dormido en el m\u00e1s secreto fondo de su ser, se anim\u00f3 una noche.<\/span><\/p>\n<p><span style=\"color: red;\">Dig\u00e1moslo: se ayud\u00f3 con un buen vaso de <i>vino<\/i> casero, pero el caso es que pertrechado con varias porciones de <i>pizza<\/i> envueltas en un<i> pa\u00f1uelo<\/i> con nudos, cruz\u00f3 el umbral de la amenazante boca.<\/span><\/p>\n<p><span style=\"color: red;\">Ten\u00eda en la mente un sue\u00f1o de <i>odaliscas<\/i>, o de suaves bailarinas de hula en una <i>playa<\/i> del pac\u00edfico , pero en cambio, luego de precipitarse a ciegas,&nbsp; dej\u00f3 de o\u00edr lo que hubiera para deslizarse r\u00e1pidamente por un sinf\u00edn que lo oblig\u00f3 a un culi-pat\u00edn ciertamente poco digno.&nbsp; Rasp\u00e1ndo codos, rodillas y fundillos se encontr\u00f3 finalmente sobre el \u00e1spero terreno de una <i>puna<\/i> seca y \u00e1rida.<\/span><\/p>\n<p><span style=\"color: red;\">Vag\u00f3 <i>15 a\u00f1os<\/i>. Aliment\u00e1ndose primero con la pizza f\u00f3sil que guardaba el pa\u00f1uelo,&nbsp; termin\u00f3 adquiriendo una notable habilidad en la obtenci\u00f3n de una dieta severa pero suficiente.&nbsp; Con una desconfianza alimentada por duras experiencias, por fin encontr\u00f3 un camino.<\/span><\/p>\n<p><span style=\"color: red;\">Y as\u00ed fue que una ma\u00f1ana luminosa y florida regres\u00f3 al patio de tierra de su infancia, y se transform\u00f3 en leyenda\u2026 Casi, casi, como si hubiera sido torero.<\/span><\/p>\n<p><span style=\"color: red;\"><strong>Lina M\u00f3llica<br>21 junio 06<\/strong><\/span><\/p>\n<p><\/p>\n<p><strong style=\"\"><span style=\"color: green;\"><u>CUENTO &#8211; RELATO<\/u>&nbsp;<\/span><\/strong><span style=\"color: green;\"><strong>Todo Natural<br><u>AUTOR<\/u>: HUGO MAFFI<\/strong><\/span><\/p>\n<p><span style=\"color: green;\"><b>Hugo Maffi 14\/6\/07<\/b><\/span><\/p>\n<p><span style=\"color: green;\">El manco Pereyra se hab\u00eda arrimado al rancho de la Lucrecia, cabarute pueblerino de mala muerte, a tomarse un VINO y comerse un cacho de PIZZA, con unos mangos que se hab\u00eda ganado cazando yacar\u00e9s, en los esteros de CORRIENTES.<\/span><\/p>\n<p><span style=\"color: green;\">Ella \u201catend\u00eda\u201d a los paisanos de la zona desde hac\u00eda m\u00e1s de 15 A\u00d1OS, cuando cay\u00f3 por los esteros del Iber\u00e1, despu\u00e9s de mucho andar, desde su pueblito en la PUNA juje\u00f1a.<\/span><\/p>\n<p><span style=\"color: green;\">Estaba vieja y desali\u00f1ada, y ataviada de ODALISCA se contorneaba en un baile entre pat\u00e9tico y torpe, envuelta en PA\u00d1UELOS que alguna vez hab\u00edan sido coloridos, mientras que un \u201cMARACA\u201d, Josecito, vestido de gitano le hac\u00eda de partenaire.<\/span><\/p>\n<p><span style=\"color: green;\">El manco Pereyra, era famoso en la zona por COMPADRITO y peleador.<\/span><\/p>\n<p><span style=\"color: green;\">Se contaban mil an\u00e9cdotas que lo ten\u00edan como principal protagonista.<\/span><\/p>\n<p><span style=\"color: green;\">Que hab\u00eda perdido la mano en un duelo a cuchillo, que hab\u00eda matado a varios en una FIESTA, que no ten\u00eda ni familia ni amigos, que hab\u00eda sido TORERO en M\u00e9xico, que a su SEDUCCI\u00d3N no hab\u00edan escapado ni dom\u00e9sticas ni patronas. Tantos QUE resultaban una INTRIGA dif\u00edcil de resolver, y por sobre todo una AMENAZA.<\/span><\/p>\n<p><span style=\"color: green;\">Aquella tarde, mientras el sol hac\u00eda arder el PATIO DE TIERRA donde ni los perros andaban, el manco chup\u00f3 y chup\u00f3 hasta que empez\u00f3 a re\u00edr sin control, a cantar en un idioma inentendible y finalmente a insultar a Josecito.<\/span><\/p>\n<p><span style=\"color: green;\">&#8211; \u201cPuto de mierda\u201d le grit\u00f3 una y otra vez entre carcajadas descontroladas y frases ininteligibles.<\/span><\/p>\n<p><span style=\"color: green;\">NO tuvo respuesta a sus agravios, que iban in crescendo, ante la indiferencia del destinatario, acostumbrado y resignado a este tipo de situaciones.<\/span><\/p>\n<p><span style=\"color: green;\">Se hizo de noche y el manco se fue como pudo, dando tumbos, hasta perderse en la espesura del monte.<\/span><\/p>\n<p><span style=\"color: green;\">3 tiros secos, y un grito de dolor que se iba apagando lentamente se escucharon en la noche cerrada. Luego, el silencio volvi\u00f3 a cubrirlo todo.<\/span><\/p>\n<p><span style=\"color: green;\">Un cuerpo apareci\u00f3 sobre un TRONCO que flotaba a la deriva arrastrado por una suave corriente, los remansos iban formando EMBUDOS que parec\u00edan jugar con todo lo que ca\u00eda en ellos.<\/span><\/p>\n<p><span style=\"color: green;\">Dos pescadores que lo vieron lo acercaron a la PLAYA. Enseguida lo reconocieron. Era \u00e9l.<\/span><\/p>\n<p><span style=\"color: green;\">Lo cargaron en un carro y lo llevaron hasta el destacamento policial del pueblo, donde el \u00fanico oficial se dispuso a hacer el acta correspondiente.<\/span><\/p>\n<p><span style=\"color: green;\">Mientras tipeaba a dos dedos en la destartalada m\u00e1quina de escibir, el sonido se mezclaba con el de un chamam\u00e9 que a puro BANDONE\u00d3N pasaban por la radio.<\/span><\/p>\n<p><span style=\"color: green;\">Escribi\u00f3:<\/span><\/p>\n<p><span style=\"color: green;\">Nombre: Pereyra<br>Apodo: Manco<br>Causa de la muerte: Natural<br>Firm\u00f3 e hizo firmar a los pescadores como testigos.<br>Luego les orden\u00f3 enterrarlo en el monte.<\/span><\/p>\n<p><span style=\"color: green;\">Desde aquel, d\u00eda mil historias de SUSPENSO y MISTERIO se cuentan en los parajes del Iber\u00e1 sobre el manco Pereyra, y dicen, dicen que dicen, que desde aquel d\u00eda, nunca m\u00e1s nadie llam\u00f3 puto a Josecito.<\/span><\/p>\n<p><span style=\"color: green;\"><b>Hugo Maffi 14\/6\/07<\/b><\/span><\/p>\n<p><\/p>\n<p><u><strong><span style=\"color: purple;\">CUENTO &#8211; RELATO <\/span><\/strong><\/u><span style=\"color: purple;\"><strong><br><u>AUTORA<\/u>: TATU RAMAT<\/strong><\/span><\/p>\n<p><span style=\"color: purple;\">La fiesta est\u00e1 atravesando su mejor momento. Sabes que es tiempo de actuar.<\/span><\/p>\n<p><span style=\"color: purple;\">Mujeres por doquier\u2026mucha competencia tambi\u00e9n, pero eso no te importa.<\/span><\/p>\n<p><span style=\"color: purple;\">Acompa\u00f1ado por un buen vaso de vino, comenz\u00e0s a circular.<\/span><\/p>\n<p><span style=\"color: purple;\">Sabes que la mirada es tu arma de seducci\u00f3n, as\u00ed que bajas levemente el ment\u00f3n, y dirig\u00eds una intensa mirada hacia un grupo de mujeres hermosas. Tu punter\u00eda falla, y empez\u00e0s a notar que un morocho medio maraca te empieza a sonre\u00edr. Asombrado por tu mala suerte, pon\u00e8s cara de pocker y continuas tu camino. Cuando llegas al patio de la casa, empiezan a sonar los primeros acordes de la conocida \u201cI will allways love you\u201d. Pensas: \u201clentos\u2026ideal\u201d. Apoyas tu vaso en un rinc\u00f3n y te propones dejarte llevar por la m\u00fasica. Tus manos, tus pies y&nbsp; tus caderas comienzan a dispersarse por el lugar sin ton ni son. Todo tu cuerpo se mueve oscilante, mientras haces grandes esfuerzos para recordar como zafaste el vals en los 15 de tu hermana.<\/span><\/p>\n<p><span style=\"color: purple;\">En tu af\u00e1n por llamar la atenci\u00f3n de aquellas muchachas, terminas haciendo unos movimientos muy bizarros que de nada te sirven. Las miradas te lo dicen\u2026 sos un tronco bailando.<\/span><\/p>\n<p><span style=\"color: purple;\">Pensas en utilizar el encanto que encuentran las mujeres en el personaje del \u201chombre misterioso\u201d. En una de esas as\u00ed tenes suerte. Mir\u00e0s la hora, para ver cuanto tiempo ten\u00e8s para caracterizarte, y te das cuenta de que no ves nada. Est\u00e0s borracho.<\/span><\/p>\n<p><span style=\"color: purple;\">Lo dudas por un instante, pero sabes que es la mejor decisi\u00f3n de la noche. Te pones la campera, palpas el bolsillo derecho cercior\u00e1ndote de la presencia de la billetera, y salis en busca de un taxi.<\/span><\/p>\n<p><span style=\"color: purple;\">\u201cCorrientes y Esmeralda\u201d, indicas. En el viaje empezas a sentir un poco de hambre, asi que decid\u00eds hacer escala en Las Cuartetas. Dos porciones de muzza\u2026 faina? Por supuesto. Terminas tu pizza, y te aventuras a cruzar la avenida, pero un amenazante bocinazo te hace demorar unos instantes m\u00e1s en la vereda. Por lo menos hasta que vuelva a cortar el sem\u00e1foro.<\/span><\/p>\n<p><span style=\"color: purple;\">Por fin llegas. Chiquito pero&nbsp; muy atractivo. Ese lugar siempre tuvo su encanto.<\/span><\/p>\n<p><span style=\"color: purple;\">Buscas un asiento y te deleitas con el paisaje\u2026 esas mujeres no ser\u00e0n odaliscas, pero como saben mover la \u201cpelvis\u201d!!<\/span><\/p>\n<p><\/p>\n<p><u><strong><span style=\"color: green;\">CUENTO &#8211; RELATO <\/span><\/strong><\/u><span style=\"color: green;\"><strong><br><u>AUTORA<\/u>:&nbsp;SILVIA KOHAN<\/strong><\/span><\/p>\n<p><span style=\"color: green;\">Estaba en Corrientes y Anchorena, en el barrio del tango de Gardel.<br>Se me cayo un pa\u00f1uelo con el viento.<br>Lo levanto y al levantar la vista, la veo<br>Una odalisca que&nbsp; me ofrece un ambiente de seduccion.<br>Pienso que estoy so\u00f1ando pero no.<br>Me guia con su&nbsp; embrujo&nbsp; por una calle oscura<br>Yo, soy el compadrito del barrio, como voy a dejarme llevar por ella<br>No.<br>Pero insiste y me genera mucha intriga, la sigo<br>Sigo sus pasos. Su perfume. Suspiro.<br>Abre la puerta, esta oscuro. la sigo<br>En el patio no habia nadie. La sigo<br>Que misterio!<br>Al pasar al cuarto ella dice<br>FELIZ CUMPLEA\u00d1OS<br>Estaban todos mis amigos. Que sorpresa!<br>Se juntaron para agasajarme y todos disfrazados<br>El torero, el maraca, el perro. Nos pusimos a bailar<br>Pero soy un tronco. Comimos pizza, tomamos vino. Me acorde<br>Cuando se festejaban los l5 a\u00f1os. Que lindo!<\/span><\/p>\n<p><\/p>\n<p><strong><u><span style=\"color: purple;\">CUENTO &#8211; RELATO<\/span><\/u><\/strong><span style=\"color: purple;\"><strong>:&nbsp;&nbsp;O&nbsp;mist\u00e9rio do amor dos 15 anos<br><u>AUTORA<\/u>:&nbsp;&nbsp;Juliana Maximo Villas Boas<\/strong><\/span><\/p>\n<p><span style=\"color: purple;\">Cansado de ser o t\u00edpico malandro carioca, pulando de bar em bar depois do trabalho, Ant\u00f4nio Carlos sentiu necessidade de retemperar sua alma na praia de Ipanema no alto da Pedra do Arpoador.Aproveitou para assistir o p\u00f4r-do-sol, que \u00e9 um espet\u00e1culo \u00e0 parte para os surfistas e banhistas da regi\u00e3o. A festa do entardecer no alto dessa pedra \u00e9 t\u00e3o emocionante, que s\u00f3 faltavam maracas e fogos de artif\u00edcio. Bom,voltando \u00e0 est\u00f3ria do meu amigo Ant\u00f4nio Carlos. Ele se sentia vazio,triste,melanc\u00f3lico&#8230;<br>Estava embriagado,n\u00e3o se sabia se era de maresia ou de vinho. \u00d4pa, pera\u00ed, vinho?! N\u00e3o, ele est\u00e1 em um pa\u00eds tropical, vinho n\u00e3o combina, ele estava embriagado era de tanta \u00abloira gelada\u00bb! Mas enfim, isso n\u00e3o interessa.O importante \u00e9 que, meu amigo Ant\u00f4nio Carlos andava muito nost\u00e1lgico nos \u00faltimos dias. Algo tocou seu \u00edntimo.<br>Ant\u00f4nio Carlos se deixou levar pelo som das ondas do mar quebrando sobre a pedra, pensou muito na sua vida, estava cansado e angustiado.S\u00f3 tinha 33 anos, solteir\u00e3o, um gato lindo, sarado como um toureiro. Apesar&nbsp;de seu porte, n\u00e3o era um homem do tipo \u00abBad Boy\u00bb (Compradito, como diziam, antigamente ,na Argentina) e, al\u00e9m dessas qualidades maravilhosas, era bem sucedido.Vivia no Leblon. Poderia ter todas as mulheres que quisesse, mas enjoou da brincadeira de : de manh\u00e3 uma negra, de tarde uma morena e de noite uma loira.Naquele momento, tudo&nbsp;o que ele queria era reencontrar seu grande amor. Entre uma fatia de pizza e um gole de cerveja, pensou em reencontr\u00e1-la,mas como?! J\u00e1 passaram 18 anos!<br>A noite dava seu ar da gra\u00e7a, a lua estampava o mar de prata&#8230;e l\u00e1 estava Ant\u00f4nio Carlos. Algumas l\u00e1grimas amea\u00e7avam escorrer de seus olhos, tirou seu len\u00e7o perfumado de s\u00e2ndalo do bolso de sua cal\u00e7a de&nbsp;linho para enxug\u00e1-las. Como tinha outras pessoas ali perto, n\u00e3o queria que o vissem chorando. \u00c9 \u00abtoninho\u00bb&#8230;o amor te pegou!<br>Um mist\u00e9rio tomava conta do seu ser&#8230;exausto, adormeceu&#8230;<br>Em seu sonho,viu uma mulher com um qu\u00ea de mist\u00e9rio e sedu\u00e7\u00e3o. Dan\u00e7ava para ele como uma&nbsp;odalisca, essa vis\u00e3o o encheu de intriga e, um ar de&nbsp;suspense pairava no ar.<br>Despertou ofegante, tratou de se recompor, suava assustado,mas ao mesmo tempo fascinado por aquele sonho&#8230;desceu da pedra e voltou para seu loft no Leblon.<br>Os dias se passaram e , em sua vida algo mudou. Ant\u00f4nio Carlos sabia que aquela mulher n\u00e3o era um sonho, tinha algo familiar naquele olhar&#8230;era ela, \u00c2ngela, seu grande amor dos 15 anos. E que ele, precisava reencontr\u00e1-la.Quando de repente, sentiu o ritmo do tango tocar seu cora\u00e7\u00e3o e o som do bandoneon percorrer suas veias.<br>O sol estava forte, Ant\u00f4nio Carlos sentou em um tronco de um flamboyant, na Lagoa Rodrigo de Freitas, a \u00e1rvore estava bem florida, suas flores, de um vermelho vivo, inspirava paix\u00e3o.<br>Decidiu partir o mais r\u00e1pido poss\u00edvel \u00e0 Buenos Aires, seu cora\u00e7\u00e3o dizia que sua amada estaria l\u00e1.<br>Passeando pela Av. Corrientes, chegou ao bairro de San Telmo. Ali, havia um espet\u00e1culo de tango em plena pra\u00e7a. Uma mulher bel\u00edssima, de cabelos negros e olhos amendoados, chamava a aten\u00e7\u00e3o de Ant\u00f4nio Carlos. Ele se aproximou. Seu cora\u00e7\u00e3o acelerou. Seus negros olhos se encheram de emo\u00e7\u00e3o,l \u00e1 estava ela, bailando tango como uma rainha, \u00c2ngela, a mulher da sua vida, seu grande amor de 15 anos!<\/span><\/p>\t\t\t\t\t\t\t\t<\/div>\n\t\t\t\t<\/div>\n\t\t\t\t\t<\/div>\n\t\t<\/div>\n\t\t\t\t\t<\/div>\n\t\t<\/section>\n\t\t\t\t<\/div>\n\t\t","protected":false},"excerpt":{"rendered":"<p>En el marco del curso anual \u00abEL JUEGO Y LOS JUEGOS\u00bb que dicta la Prof. In\u00e9s Moreno los d\u00edas lunes en el estudio, el grupo de profesionales que participa ha generado una red de intercambios y producciones durante el transcurso de la semana, m\u00e1s all\u00e1 de la clase. La idea es tener la \u00abllamita\u00bb del&hellip;<\/p>\n","protected":false},"author":1,"featured_media":0,"parent":0,"menu_order":0,"comment_status":"closed","ping_status":"closed","template":"","meta":{"_joinchat":[],"footnotes":""},"class_list":["post-3824","page","type-page","status-publish","hentry"],"_links":{"self":[{"href":"https:\/\/estudioinesmoreno.com.ar\/estudio\/wp-json\/wp\/v2\/pages\/3824","targetHints":{"allow":["GET"]}}],"collection":[{"href":"https:\/\/estudioinesmoreno.com.ar\/estudio\/wp-json\/wp\/v2\/pages"}],"about":[{"href":"https:\/\/estudioinesmoreno.com.ar\/estudio\/wp-json\/wp\/v2\/types\/page"}],"author":[{"embeddable":true,"href":"https:\/\/estudioinesmoreno.com.ar\/estudio\/wp-json\/wp\/v2\/users\/1"}],"replies":[{"embeddable":true,"href":"https:\/\/estudioinesmoreno.com.ar\/estudio\/wp-json\/wp\/v2\/comments?post=3824"}],"version-history":[{"count":6,"href":"https:\/\/estudioinesmoreno.com.ar\/estudio\/wp-json\/wp\/v2\/pages\/3824\/revisions"}],"predecessor-version":[{"id":6574,"href":"https:\/\/estudioinesmoreno.com.ar\/estudio\/wp-json\/wp\/v2\/pages\/3824\/revisions\/6574"}],"wp:attachment":[{"href":"https:\/\/estudioinesmoreno.com.ar\/estudio\/wp-json\/wp\/v2\/media?parent=3824"}],"curies":[{"name":"wp","href":"https:\/\/api.w.org\/{rel}","templated":true}]}}