{"id":3820,"date":"2016-04-15T22:37:41","date_gmt":"2016-04-16T01:37:41","guid":{"rendered":"http:\/\/www.inesmoreno.com.ar\/estudio\/?page_id=3820"},"modified":"2023-01-03T15:00:41","modified_gmt":"2023-01-03T15:00:41","slug":"los-talleres-de-arte-de-mayo","status":"publish","type":"page","link":"https:\/\/estudioinesmoreno.com.ar\/estudio\/los-talleres-de-arte-de-mayo\/","title":{"rendered":"LOS TALLERES de ARTE de MAYO"},"content":{"rendered":"\t\t<div data-elementor-type=\"wp-page\" data-elementor-id=\"3820\" class=\"elementor elementor-3820\" data-elementor-post-type=\"page\">\n\t\t\t\t\t\t<section class=\"elementor-section elementor-top-section elementor-element elementor-element-4cccac4b elementor-section-content-middle elementor-section-stretched elementor-section-boxed elementor-section-height-default elementor-section-height-default\" data-id=\"4cccac4b\" data-element_type=\"section\" data-e-type=\"section\" data-settings=\"{&quot;stretch_section&quot;:&quot;section-stretched&quot;}\">\n\t\t\t\t\t\t<div class=\"elementor-container elementor-column-gap-wider\">\n\t\t\t\t\t<div class=\"elementor-column elementor-col-100 elementor-top-column elementor-element elementor-element-5d0b57ca\" data-id=\"5d0b57ca\" data-element_type=\"column\" data-e-type=\"column\">\n\t\t\t<div class=\"elementor-widget-wrap elementor-element-populated\">\n\t\t\t\t\t\t<div class=\"elementor-element elementor-element-65c75d4 elementor-widget elementor-widget-text-editor\" data-id=\"65c75d4\" data-element_type=\"widget\" data-e-type=\"widget\" data-widget_type=\"text-editor.default\">\n\t\t\t\t<div class=\"elementor-widget-container\">\n\t\t\t\t\t\t\t\t\t<h3>\u00abLOS TALLERES de ARTE de MAYO \u00ab<\/h3><p><b>Prof. ANDREA BISCIONE<br \/>Alumna del curso CONDUCCI\u00d3N DE GRUPOS ESPECIALIZADA EN T\u00c9CNICAS L\u00daDICAS Y EXPRESIVAS<\/b>\u00a0<\/p><p>Los talleres de Arte de Mayo\u00a0 se dictan en el \u00abCentro Comunitario 8 de Mayo\u00bb, dentro del Asentamiento barrial hom\u00f3nimo, ubicado en la localidad de J.L.Suarez, partido de Gral. San Mart\u00edn.<br \/>Se ha realizado una muestra fotogr\u00e1fica de la actividad que se desarrolla. Los Talleres estan\u00a0encuadrados dentro del Proyecto Comunitario 8 de Mayo,\u00a0pensados y propuestos para ni\u00f1os de entre 6 y 11 a\u00f1os que viven en el barrio. Asisten actualmente los d\u00edas s\u00e1bados a la tarde, unos\u00a080\u00a0nin@s\u00a0que\u00a0trabajan o estan en \u00abriesgo\u00bb<br \/>El Arte es una herramienta primordial\u00a0 en el trabajo con chicos que sufren en su propia piel la exclusi\u00f3n econ\u00f3mica, social y cultural.<br \/>A trav\u00e9s del juego, la creatividad, la imaginaci\u00f3n es posible reconstruir identidades, pensar nuevos objetivos para el futuro, contribuir a la formaci\u00f3n de personas capaces de interaccionar activamente y de manera positiva con su entorno, favoreciendo la construcci\u00f3n de una sociedad mejor.<br \/>Los talleres de\u00a0 creatividad son un recorrido de formaci\u00f3n que pasa por t\u00e9cnicas y lenguajes art\u00edsticos contempor\u00e1neos que tienen como objetivo la creaci\u00f3n de un espacio de reflexi\u00f3n sobre la sociedad, la vida cotidiana y el entorno, para poder llegar a elaborar una lectura personal de la realidad vivida cada d\u00eda. Vivir al margen\u00a0 significa,\u00a0 perder la propia identidad, crecer\u00a0 demasiado r\u00e1pido por la urgencia de contribuir a la econom\u00eda familiar y ser obligados a dejar de lado la infancia y el juego.<br \/>El taller es un recorrido educativo y una propuesta art\u00edstica de trabajo sobre la imaginaci\u00f3n, pensado para acercar las personas al arte y sus lenguajes, arte para celebrar el futuro, la autoafirmaci\u00f3n o simplemente como reconocimiento de una memoria que puede ser tambi\u00e9n dolorosa.\u00a0 A trav\u00e9s de los potenciales del arte es posible describir y reconstruir el propio destino en un mundo en constante mutaci\u00f3n, utilizando las experiencias creativas populares y sociales. El arte nos muestra la comunidad humana y su capacidad de crear formas y s\u00edmbolos que buscan la emoci\u00f3n, dentro de un proceso multidisciplinario en el cual podemos cambiar nosotros mismos y cambiar la realidad. El arte se convierte en una herramienta de encuentro y de transformaci\u00f3n del mundo.<\/p>\t\t\t\t\t\t\t\t<\/div>\n\t\t\t\t<\/div>\n\t\t\t\t\t<\/div>\n\t\t<\/div>\n\t\t\t\t\t<\/div>\n\t\t<\/section>\n\t\t\t\t<\/div>\n\t\t","protected":false},"excerpt":{"rendered":"<p>\u00abLOS TALLERES de ARTE de MAYO \u00ab Prof. ANDREA BISCIONEAlumna del curso CONDUCCI\u00d3N DE GRUPOS ESPECIALIZADA EN T\u00c9CNICAS L\u00daDICAS Y EXPRESIVAS\u00a0 Los talleres de Arte de Mayo\u00a0 se dictan en el \u00abCentro Comunitario 8 de Mayo\u00bb, dentro del Asentamiento barrial hom\u00f3nimo, ubicado en la localidad de J.L.Suarez, partido de Gral. San Mart\u00edn.Se ha realizado una&hellip;<\/p>\n","protected":false},"author":1,"featured_media":0,"parent":0,"menu_order":0,"comment_status":"closed","ping_status":"closed","template":"","meta":{"_joinchat":[],"footnotes":""},"class_list":["post-3820","page","type-page","status-publish","hentry"],"_links":{"self":[{"href":"https:\/\/estudioinesmoreno.com.ar\/estudio\/wp-json\/wp\/v2\/pages\/3820","targetHints":{"allow":["GET"]}}],"collection":[{"href":"https:\/\/estudioinesmoreno.com.ar\/estudio\/wp-json\/wp\/v2\/pages"}],"about":[{"href":"https:\/\/estudioinesmoreno.com.ar\/estudio\/wp-json\/wp\/v2\/types\/page"}],"author":[{"embeddable":true,"href":"https:\/\/estudioinesmoreno.com.ar\/estudio\/wp-json\/wp\/v2\/users\/1"}],"replies":[{"embeddable":true,"href":"https:\/\/estudioinesmoreno.com.ar\/estudio\/wp-json\/wp\/v2\/comments?post=3820"}],"version-history":[{"count":12,"href":"https:\/\/estudioinesmoreno.com.ar\/estudio\/wp-json\/wp\/v2\/pages\/3820\/revisions"}],"predecessor-version":[{"id":6553,"href":"https:\/\/estudioinesmoreno.com.ar\/estudio\/wp-json\/wp\/v2\/pages\/3820\/revisions\/6553"}],"wp:attachment":[{"href":"https:\/\/estudioinesmoreno.com.ar\/estudio\/wp-json\/wp\/v2\/media?parent=3820"}],"curies":[{"name":"wp","href":"https:\/\/api.w.org\/{rel}","templated":true}]}}