{"id":3816,"date":"2016-04-15T22:35:03","date_gmt":"2016-04-16T01:35:03","guid":{"rendered":"http:\/\/www.inesmoreno.com.ar\/estudio\/?page_id=3816"},"modified":"2023-01-03T14:44:24","modified_gmt":"2023-01-03T14:44:24","slug":"actualidad-de-las-colonias-de-vacaciones","status":"publish","type":"page","link":"https:\/\/estudioinesmoreno.com.ar\/estudio\/actualidad-de-las-colonias-de-vacaciones\/","title":{"rendered":"ACTUALIDAD DE LAS COLONIAS DE VACACIONES"},"content":{"rendered":"\t\t<div data-elementor-type=\"wp-page\" data-elementor-id=\"3816\" class=\"elementor elementor-3816\" data-elementor-post-type=\"page\">\n\t\t\t\t\t\t<section class=\"elementor-section elementor-top-section elementor-element elementor-element-3108deef elementor-section-content-middle elementor-section-stretched elementor-section-boxed elementor-section-height-default elementor-section-height-default\" data-id=\"3108deef\" data-element_type=\"section\" data-e-type=\"section\" data-settings=\"{&quot;stretch_section&quot;:&quot;section-stretched&quot;}\">\n\t\t\t\t\t\t<div class=\"elementor-container elementor-column-gap-wider\">\n\t\t\t\t\t<div class=\"elementor-column elementor-col-100 elementor-top-column elementor-element elementor-element-70e6febf\" data-id=\"70e6febf\" data-element_type=\"column\" data-e-type=\"column\">\n\t\t\t<div class=\"elementor-widget-wrap elementor-element-populated\">\n\t\t\t\t\t\t<div class=\"elementor-element elementor-element-2a16aba elementor-widget elementor-widget-text-editor\" data-id=\"2a16aba\" data-element_type=\"widget\" data-e-type=\"widget\" data-widget_type=\"text-editor.default\">\n\t\t\t\t<div class=\"elementor-widget-container\">\n\t\t\t\t\t\t\t\t\t<h3><strong style=\"background-color: rgba(255, 255, 255, 0); color: var(--the7-base-color); letter-spacing: var(--the7-base-letter-spacing); text-transform: var(--the7-base-text-transform); word-spacing: normal;\">ACTUALIDAD DE LAS COLONIAS DE VACACIONES<br \/><\/strong><span style=\"background-color: rgba(255, 255, 255, 0); color: var(--the7-base-color); letter-spacing: var(--the7-base-letter-spacing); text-transform: var(--the7-base-text-transform); word-spacing: normal;\">Prof. In\u00e9s Moreno<\/span><\/h3><p>Reportaje completorealizado a la Prof. In\u00e9s Moreno para la Revista Viva &#8211; Diario Clar\u00edn por la periodista Patricia Edgar &#8211; Noviembre 2007<\/p><p>1) \u00bfCu\u00e1les son para los chicos las mejores opciones para disfrutar del tiempo libre en vacaciones?<\/p><p><strong>LAS MEJORES OPCIONES PASAN POR EL RESPETO DE LAS NECESIDADES DE LOS NI\u00d1OS. NO SIEMPRE LAS CONDICIONES SOCIOECONOMICA DE LOS PADRES PERMITEN TENER ESTE AXIOMA EN CUENTA.<\/strong><br \/><strong>LAS COLONIAS DE VACACIONES FUERON EN LA DECADA DEL 50 Y DEL 60 DEL SIGLO PASADO UNA OPCION RECREATIVA QUE COMPLEMENTABA LA ESCOLARIDAD PROQUE TEN\u00cdA CONTENIDOS ESPECIFICOS QUE LA ESCUELA NO DESARROLLABA: MIRAR EL CIELO Y APRENDER LAS CONSTENCIONES EN UNA NOCHE ESTRELLADA&#8230;.PLANTAR SEMILLAS Y COMER UNA ENSALADA DE LA PROPIA HUERTA&#8230;ACAMPAR&#8230;..COMPARTIR UNA GUITARREADA&#8230;.<\/strong><br \/><strong>LAS CONDICIONES SOCIOECON\u00d3MICAS MODIFICARON LA ESTRUCTURA FAMILIAR TANTO COMO LOS CONTENIDOS CURRICULARES Y LAS ALTERNATIVAS DEL VERANO<\/strong><br \/><strong>EN ESA EPOCA IR A LA COLONIA DE VACACIONES ERA UNA ACONTECIMIENTO PARA EL NI\u00d1O CUYA FAMILIA LO PUDIERA SOLVENTAR, HOY LA COLONIA ES UNA INSTANCIA PARA QUE LOS PADRES PUEDAN TRABAJAR O BIEN UNA OPCION PARA CONTINUAR CON LA COMIDA QUE BRINDA LA ESCUELA DURANTE EL A\u00d1O.<\/strong><br \/><strong>EN ESTE MARCO TAMBIEN FUERON VARIANDO LAS PROPUESTAS QUE BRINDABAN LAS COLONIAS&#8230;..DESDE UN PROGRAMA PLENO PARA EL DESARROLLO DE TODAS LAS POTENCIALIDADES ( EXPRESIVAS, COGNITIVAS, SOCIOEMOCIONALES, MOTRICES, ETC) HASTA UNA ALTERNATIVA FUNDAMENTALMENTE DEPORTIVA CENTRADA EN PILETA COMO EJE MOTIVADOR. <\/strong><br \/><strong>NO SIEMPRE LAS COLONIAS CUENTAN CON EL ESPACIO PERTINENTE PARA QUE LA ACTIVIDAD DEPORTIVA SE DESARROLLE Y EN OCASIONES EL TIEMPO DESTINADO A LA PISCINA ES MUY LIMITADO POR LAS CONDICIONES Y RECLAMOS DE LOS SOCIOS DE LA ORGANIZACI\u00d3N QUE ALBERGA LA COLONIA. aUNQUE EL ESPACIO SEA ATRACTIVO NO SIEMPRE ES APROVECHADO EN SU TOTALIDAD.<\/strong><br \/><strong>HAY QUE SUMAR EN ESTE ANALISIS QUE EL PERSONAL A CARGO NO SIEMPRE ES ESPECIALIZADO. SER MAESTRA JARDINERA O PROFESOR DE EDUCACI\u00d3N F\u00cdSICA NO HABILITA HOY PARA CONDUCIR EL JUEGO Y LA RECREACION. ESTAS DISCIPLINAS SE HAN DESARROLLADO DE TAL FORMA QUE HOY SE ENCUENTRAN EN LOS AMBITOS ESCOLARES&#8230;.Y MUCHAS VECES ES M\u00c1S DIVERTIDO ESTAR EN LA ESCUELA QUE UNA COLONIA. CUANDO LOS COORDINADORES REITERAN LAS FORMULAS DE ESTRUCUTRA GRUPAL O PLANEAMIENTO QUE TIENE LA EDUCACION FORMAL NO SOLO LOS PRIVAN DE NUEVOS CONOCIMIENTOS O APRENDIZAJES SINO QUE EMPOBRECEN LOS QUE TIENEN YA CONQUISTADOS<\/strong><\/p><p>2) \u00bfEs necesario que tengan un tiempo de descanso despu\u00e9s del a\u00f1o lectivo? \u00bfEspecialmente si son ni\u00f1os que durante el a\u00f1o hacen frente una agenda completa?<\/p><p><strong>LA AGENDA COMPLETA ES UN SINDROME DE NUESTRA CULTURA QUE NO SE OBSERVA EN OTROS PAISES CON LA INTENISIDAD QUE SE DA EN ALGUNA DE NUESTRAS CIUDADES Y CLASE SOCIO-ECONOMICA-CULTURAL<\/strong><br \/><strong>QUE EL NI\u00d1O \u00abNO TENGA TIEMPO\u00bb Y QUE ADEMAS SU CRECIMIENTO SE DE BAJO ESTAS PREMISAS ATENTA CONTRA SU DESARROLLO COMO PERSONA<\/strong><br \/><strong>PRACTICAR DEPORTES, COMPUTACION, IDIOMA, BAILE, ENTRE OTRAS ACTIVIDADES NO LO HARA MAS INTELIGENTE NI NECESARIAMENTE ESTARA MEJOR POSICIONADO QUE OTRO NI\u00d1O QUE JUEGA, APRENDA A COMPARTIR, RESOLVER SUS CONFLICTOS A TRAVES DE NEGOCIACIONES, RESPETE LAS REGLAS DE JUEGO&#8230;.Y TODA LA GAMA DE CONDUCTAS QUE LUEGO SE SOLICITAN EN LA BUSQUEDA DE UN PUESTO LABORAL.<\/strong><br \/><strong>LA AGENDA COMPLETA ES UNA NECESIDAD DE LOS PADRES Y NO DE LOS NI\u00d1OS Y PROBABLEMENTE NO SE TENGA TANTA CONCIENCIA QUE LA ADICCION AL TRABAJO O AL TIEMPO TOTALMENTE ESTRUCTURADO ES TAN TEMIBLE COMO CUALQUIER OTRA ADICCION.<\/strong><\/p><p>3) \u00bfCual es la importancia del ocio y el juego en la vida de los chicos?<\/p><p><strong>APRENDER A UTILIZAR EL TIEMPO, TODO EL TIEMPO DE LA VIDA ES UNO DE LOS APRENDIZAJES QUE DEBE BRINDAR UNA BUENA OPCI\u00d3N RECREATIVA, DADO QUE HOY LA ESCOLARIZACION TIENE SU FOCO DE ATENCION EN EL CAMPO LABORAL<\/strong><br \/><strong>LA RECREACION CONSTITUYE UN DERECHO INALIENABLE PARA LAS PERSONAS. lA DECLARACION UNIVERSAL DE LOS DERECHOS HUMANOS , EN SUS ARTICULOS 24 Y 27 SE\u00d1ALA QUE TODAS LAS PERSONAS TENEMOS DERECHO AL DESCANSO Y AL OCIO, A PARTICIAPAR LIBREMENTE DE LA VIDA DE LA COMUNIDAD, GOZAR DE LAS RTES Y DEL PROGRESO CIENTIFICO, A VACACIONES PAAGADAS TANTO COMO A UNA DURACI\u00d3N RAZONABLE DEL TRABAJO.\u00a0<\/strong><strong>SIN EMBARGO TENEMOS GRANDES DIFICULTADES PARA VIVIR EL TIEMPO SIN TRABAJO Y SIN OBLIGACIONES<\/strong><\/p><p><strong>APRENDER A PLANIFICAR QU\u00c9 HACER Y COMO HACER EN EL TIEMPO, DESARROLLAR ALTERNATIVAS SIN LA NECESIDAD DE UN ANIMADOR EN FORMA PERMANENTE, TRANSITAR POR EL ABURRIMIENTO Y ENCONTRAR OTRAS OPCIONES QUE NO SEA CAER EN OTRA ADICCION<\/strong><\/p><p>4) \u00bfLa colonia de vacaciones es una buena opci\u00f3n? \u00bfpara qui\u00e9n? \u00bfpara los padres que contin\u00faan con su jornada laboral o para los chicos?<\/p><p><strong>ES UNA BUENA OPCION FUNDAMENTALMENTE PARA LOS PADRES QUE NECESITAN TENER UN LUGAR SEGURO DONDE DEJAR A SUS HIJOS O DONDE PUEDAN TENER UN PLATO DE COMIDA<\/strong><br \/><strong>DEBIERAMOS TODOS REPLANTERNOS SI ESTA REALIDAD PUEDE ENRIQUECERSE PARA LOGRAR ADEMAS PERSONAS MAS PLENAS QUE GENEREN MODOS DE INTERRELACION E INTEGRACION SOCIAL MAS CONSTRUCTIVOS Y CREATIVOS.<\/strong><\/p><p>5) En las colonias \u00bfes aconsejable la jornada completa o la media jornada?<\/p><p><strong>EL NI\u00d1O DEBE TENER POSIBILIDADES DE JUEGO NO DIRIJIDO&#8230;. SI ESTO LO BRINDA UNA COLONIA MEJOR.<\/strong><br \/><strong>NO SE TRATA DE JORNADA COMPLETA O MEDIA JORNADA&#8230;&#8230; SINO DE QUE SE OFRECE EN ESE TIEMPO<\/strong><br \/><strong>RECUERDO QUE CUANDO MI HIJO MENOR CUMPLIO 10 A\u00d1OS ME PLANTEO QUE NO QUERIA IR MAS A UNA COLONIA PORQUE NO QUERIA QUE NADIE LE DIRIGIERA \u00abSU \u00bb TIEMPO Y ESO ME AYUDO EN EL ASESORAMIENTO DE UN SERVICIO DE RECREACION QUE ATRAVESABA LA MISMA DIFICULTAD: DESGRANAMIENTO A PARTIR DE LOS 10 A\u00d1OS. CREAMOS NUEVAS ALTERNATIVAS PARA QUE LOS PUBERES Y ADOLESCENTES SE SINTIERAN ACTORES MAS QUE RECEPTORES DE \u00abFANTASTICAS\u00bb IDEAS CREADAS POR AULTOS<\/strong><br \/><strong>EL NUEVO ROL DE PLANIFICAR LOS PROYECTOS, SER ARTIFICES DE IDEAS Y LLEVARLAS A CABO CON LA AYUDA DE LOS FACILITADORES PROMOVIO LA PARTICIPACI\u00d3N MAYUOR CANTIDAD DE NI\u00d1OS Y ABRIO EL ABANICO A NUEVAS EDADES (14 Y 15 A\u00d1OS) <\/strong><br \/><strong>QUE SINTIERON EL ESPACIO COMO PROPIO Y SE APROPIARON SALUDABLEMENTE DE EL<\/strong><\/p><p>6) \u00bfQu\u00e9 otros indicadores hay que tener en cuenta a la hora de elegir una colonia de vacaciones a la medida de las necesidades de los chicos?<\/p><p><strong>DEPENDE DE CADA NI\u00d1O.<\/strong><br \/><strong>TRATAR DE TENER PARA CON ELLOS UNA ESCUCHA ACTIVA QUE PERMITA INDAGAR O AYUDAR A INDAGAR LO QUE NECESITAN, LO QUE DESEAN Y NEGOCIAR LO POSIBLE PARA CADA FAMILIA<\/strong><br \/><strong>ESTO TAMBIEN ES UN APRENDIZAJE EN EL USO DEL TIEMPO, QUE SIEMPRE COMIENZA EN LA PROPIA FAMILIA<\/strong><\/p><p>7) \u00bfLos chicos que est\u00e1n acostumbrados a tener la agenda completa durante el a\u00f1o se aburren en vacaciones?<\/p><p><strong>ABURRIRSE NO ES MALO. ES UNA EOCION QUE PERMITE RECONOCER LA PROPIA NECESIDAD Y BUSCAR RECURSOS PROPIOS Y AVECES EXTERNOS PARA ABORDARLA<\/strong><br \/><strong>ESTAMOS MUY ACOSTUMBRADOS EN ESTA CULTURA DEL CONSUMO A HACER USO DEL \u00abCHUPETE\u00bb DE UNA ACTIVIDAD PARA ACALLAR LA NECESIDAD DEL NI\u00d1O <\/strong><br \/><strong>AYUDAR AL NI\u00d1O A RECONOCER Y RECONOCERSE EN EL ABURRIMIENTO Y ENCONTRAR LOS PROPIOS CAMINOS PARA ENCONTRAR ALTERNATIVAS Y ENCONTRARSE EN LA PROPIA BUSQUEDA<\/strong><\/p><p>8) \u00bfC\u00f3mo tendr\u00eda que ser el rol docente en la colonia para facilitar el juego?<\/p><p><strong>ANTES QUE NADA SER UNA PERSONA QUE TENGA CLARIDAD SOBRE SU ROL : O ES UN \u00abCHUPETE\u00bb O ES UN FACILITADOR DEL PROCESO DE CRECIMIENTO Y DESARROLLO DE OTRA PERSONITA<\/strong><br \/><strong>DEFINIR ESTE ENCUADRE YA POSICIONA ENTRE LOS SABERES Y LAS ACTITUDES QUE DEBE TENER PARA ESTAR FRENTE AUN GRUPO<\/strong><\/p><p>9) \u00bfQue actividades recreativas colaboran en el desarrollo pleno de los ni\u00f1os y potencian sus propios modos de expresi\u00f3n?<\/p><p><strong>NO HAY RECETAS, CADA NI\u00d1O ES UN SER UNICO CON VARIADAS POTENCIALIDADES Y NECESIDADES&#8230;.. LO IMPORTANTE ES QUE EN SU DESARROLLO PUEDA TENER ACCESO A VARIADAS ALTERNATIVAS EXPRESIVAS, COGNIFIVAS, MOTRICES PARA QUE PUEDA DESCUBRIR MODOS DE EXPRESION DIVERSOS Y DESCURIRSE EN EL CAMINO<\/strong><br \/><strong>TENER CLARO QUE ES TAN BUENO EL MOMENTO GRUPAL COMO EL DE SOLEDAD, LA LECTURA COMO LA CHARLA ENTRE AMIGOS, LA COMPUTADORA COMO UN DIA AL AIRE LIBRE&#8230;&#8230;. PENSAR EN QUE TODO PUEDE SER ALIMENTO PARA EL DESARROLLO SI ES EQUILIBRADO Y QUE DEBIERA EXISTIR ALTA VARIACION PARA FAVORECER TODAS LAS INTELIGENCIAS<\/strong><\/p><p>10) El exceso de actividades estructuradas durante las vacaciones \u00bfque puede provocar en los chicos?<\/p><p><strong>NI\u00d1OS ACONSTUMBRDOS A QUE LE ORGANICEN EL TIEMPO Y LA VIDA .<\/strong><br \/><strong>QUE NO PUEDAN RECONOCER SUS NECESIDADES, HACERSE CARGO Y PILOTEAR SUS PROPIAS DECISIONES.<\/strong><br \/><strong>PERONAS QUE NECESITEN DEL ESTIMULO EXTERNO PARA SABER QUE HACER, COMO HACER, CUANDO HACER&#8230;&#8230;.<\/strong><br \/><strong>UNA BUENA RECETA PARA PADRES ES REEMPLAZAR EN LAS ORACIONES LA PALABRA TIEMPO POR VIDA. POR EJEMPLO&#8230;.<\/strong><br \/><strong>NO TENGO TIEMPO&#8230;.. POR NO TENGO VIDA<\/strong><br \/><strong>EL TIEMPO ES ORO&#8230;. POR LA VIDA ES ORO<\/strong><\/p><p><strong>QUIZ\u00c1S TOMEMOS MAS CONCIENCIA DE NUESTRO ROL COMO ADULTOS A LA HORA DE PENSAR EN EL TIEMPO LIBRE DE NUESTROS HIJOS O LA VIDA LIBRE DE NUESTROS HIJOS<\/strong><\/p>\t\t\t\t\t\t\t\t<\/div>\n\t\t\t\t<\/div>\n\t\t\t\t\t<\/div>\n\t\t<\/div>\n\t\t\t\t\t<\/div>\n\t\t<\/section>\n\t\t\t\t<\/div>\n\t\t","protected":false},"excerpt":{"rendered":"<p>ACTUALIDAD DE LAS COLONIAS DE VACACIONESProf. In\u00e9s Moreno Reportaje completorealizado a la Prof. In\u00e9s Moreno para la Revista Viva &#8211; Diario Clar\u00edn por la periodista Patricia Edgar &#8211; Noviembre 2007 1) \u00bfCu\u00e1les son para los chicos las mejores opciones para disfrutar del tiempo libre en vacaciones? LAS MEJORES OPCIONES PASAN POR EL RESPETO DE LAS&hellip;<\/p>\n","protected":false},"author":1,"featured_media":0,"parent":0,"menu_order":0,"comment_status":"closed","ping_status":"closed","template":"","meta":{"_joinchat":[],"footnotes":""},"class_list":["post-3816","page","type-page","status-publish","hentry"],"_links":{"self":[{"href":"https:\/\/estudioinesmoreno.com.ar\/estudio\/wp-json\/wp\/v2\/pages\/3816","targetHints":{"allow":["GET"]}}],"collection":[{"href":"https:\/\/estudioinesmoreno.com.ar\/estudio\/wp-json\/wp\/v2\/pages"}],"about":[{"href":"https:\/\/estudioinesmoreno.com.ar\/estudio\/wp-json\/wp\/v2\/types\/page"}],"author":[{"embeddable":true,"href":"https:\/\/estudioinesmoreno.com.ar\/estudio\/wp-json\/wp\/v2\/users\/1"}],"replies":[{"embeddable":true,"href":"https:\/\/estudioinesmoreno.com.ar\/estudio\/wp-json\/wp\/v2\/comments?post=3816"}],"version-history":[{"count":15,"href":"https:\/\/estudioinesmoreno.com.ar\/estudio\/wp-json\/wp\/v2\/pages\/3816\/revisions"}],"predecessor-version":[{"id":6520,"href":"https:\/\/estudioinesmoreno.com.ar\/estudio\/wp-json\/wp\/v2\/pages\/3816\/revisions\/6520"}],"wp:attachment":[{"href":"https:\/\/estudioinesmoreno.com.ar\/estudio\/wp-json\/wp\/v2\/media?parent=3816"}],"curies":[{"name":"wp","href":"https:\/\/api.w.org\/{rel}","templated":true}]}}