{"id":3794,"date":"2016-04-15T21:23:01","date_gmt":"2016-04-16T00:23:01","guid":{"rendered":"http:\/\/www.inesmoreno.com.ar\/estudio\/?page_id=3794"},"modified":"2023-01-03T13:38:55","modified_gmt":"2023-01-03T13:38:55","slug":"mi-proceso-teatro-leido","status":"publish","type":"page","link":"https:\/\/estudioinesmoreno.com.ar\/estudio\/mi-proceso-teatro-leido\/","title":{"rendered":"\u00abMI PROCESO\u201d &#8211; Teatro Le\u00eddo"},"content":{"rendered":"\t\t<div data-elementor-type=\"wp-page\" data-elementor-id=\"3794\" class=\"elementor elementor-3794\" data-elementor-post-type=\"page\">\n\t\t\t\t\t\t<section class=\"elementor-section elementor-top-section elementor-element elementor-element-70b25a8c elementor-section-content-middle elementor-section-stretched elementor-section-boxed elementor-section-height-default elementor-section-height-default\" data-id=\"70b25a8c\" data-element_type=\"section\" data-e-type=\"section\" data-settings=\"{&quot;stretch_section&quot;:&quot;section-stretched&quot;}\">\n\t\t\t\t\t\t<div class=\"elementor-container elementor-column-gap-wider\">\n\t\t\t\t\t<div class=\"elementor-column elementor-col-100 elementor-top-column elementor-element elementor-element-51c49540\" data-id=\"51c49540\" data-element_type=\"column\" data-e-type=\"column\">\n\t\t\t<div class=\"elementor-widget-wrap elementor-element-populated\">\n\t\t\t\t\t\t<div class=\"elementor-element elementor-element-57a638ed elementor-widget elementor-widget-text-editor\" data-id=\"57a638ed\" data-element_type=\"widget\" data-e-type=\"widget\" data-widget_type=\"text-editor.default\">\n\t\t\t\t<div class=\"elementor-widget-container\">\n\t\t\t\t\t\t\t\t\t<h3><strong style=\"background-color: rgba(255, 255, 255, 0); color: var(--the7-base-color); letter-spacing: var(--the7-base-letter-spacing); text-transform: var(--the7-base-text-transform); word-spacing: normal;\">\u00abMI PROCESO\u201d<br>Teatro le\u00eddo. Autora<\/strong><strong style=\"background-color: rgba(255, 255, 255, 0); color: var(--the7-base-color); letter-spacing: var(--the7-base-letter-spacing); text-transform: var(--the7-base-text-transform); word-spacing: normal;\">:&nbsp;<\/strong><strong style=\"background-color: rgba(255, 255, 255, 0); color: var(--the7-base-color); letter-spacing: var(--the7-base-letter-spacing); text-transform: var(--the7-base-text-transform); word-spacing: normal;\">MAR\u00cdA JUDITH CABRAL DE&nbsp;VEL\u00c1ZQUEZ<br>Coloquio del Curso&nbsp;\u00abCreatividad y Desarrollo Personal\u00bb &#8211; 2008<\/strong><\/h3>\n<p><strong>COLOQUIO FINAL<\/strong><\/p>\n<p><strong>CREATIVIDAD Y DESARROLLO PERSONAL<\/strong><br><strong>TEATRO LE\u00cdDO:<\/strong><\/p>\n<p><strong>\u201cMI PROCESO\u201d<\/strong><\/p>\n<ol>\n<li><strong>EL LLANTO DE MAM\u00c1<\/strong><\/li>\n<li><strong>UNA PUERTA PARA ABRIR Y JUGAR<\/strong><\/li>\n<li><strong>LA BUSQUEDA<\/strong><\/li>\n<\/ol>\n<p><strong>MAR\u00cdA JUDITH CABRAL DE VELAZQUEZ<\/strong><\/p>\n<p><strong>\u201cESTUDIO IN\u00c9S MORENO\u201d<\/strong><br><strong>A\u00d1O: 2008<\/strong><\/p>\n<p><strong>EL LLANTO DE MAM\u00c1<\/strong><\/p>\n<p>La casa&nbsp; donde viv\u00ed,&nbsp; hasta los 23 a\u00f1os, edad, en que me cas\u00e9, fue pasando por varias etapas.<br>La de mi ni\u00f1ez, era especial, ten\u00eda unas ligustrinas altas y bien tupidas, que te serv\u00edan de guarda espaldas al entrar, despu\u00e9s del port\u00f3n.<br>Por el lado izquierdo estaba la cochera, all\u00ed el auto de mi padre, siempre, brillante y de origen americano, importado por el mismo,&nbsp;&nbsp; y eso\u2026 hasta hoy.<br>Recuerdo c\u00f3mo mi padre cortaba con exactitud, esas hojas verdes\u2026y c\u00f3mo cuidaba su auto, lustrado brillante\u2026<br>La sala, creo que ten\u00eda una ventana grande, despu\u00e9s un pasillo largo, donde, de izquierda a derecha estaba un ba\u00f1o espacioso, la habitaci\u00f3n de mis padres, una cocina, un comedor y no recuerdo bien si en una habitaci\u00f3n est\u00e1bamos los primeros 3, 4, &nbsp;hermanos, por que prontito \u00edbamos a ser&nbsp; m\u00e1s!<br>Y luego el patio,\u2026lleno de \u00e1rboles frutales, naranjos, duraznos, guayabos, pomelos, limones.<br>Por&nbsp; las ramas del&nbsp; guayabo pon\u00edamos una piola bien fuerte y nos hamac\u00e1bamos durante las siestas. Y ni que decir los manjares que prepar\u00e1bamos, tambi\u00e9n por la siesta, con las hojas, de cada planta; arena, agua\u2026 usando el almid\u00f3n de mam\u00e1, era una mezcla!\u2026una vez cre\u00ed que hice una&nbsp; dura, pero tan dura! que se me qued\u00f3 una mancha en la mano., estaba convencida de ello.<br>Bueno, hoy se que es un lunar.<br>Ah!, pero antes de olvidar: el auto de mi padre, &nbsp;no, NO ERA NUESTRO, ERA DE EL.&#8212;- paso que,&nbsp; con&nbsp; el tiempo nos dimos cuenta, que si nos ofrec\u00edamos para&nbsp; lavar lo nos daba monedas de 5, 10 m\u00e1ximo, dependiendo si le gustaba c\u00f3mo lo hab\u00edamos hecho.<br>As\u00ed es que de repente, por mas&nbsp; que me llevara mucho trabajo por m\u00ed, a\u00fan &nbsp;peque\u00f1o f\u00edsico &nbsp;me di cuenta que ten\u00eda que adelantarme a ofrecer mis servicios, y as\u00ed, tener para comprar en los recreos\u2026depend\u00eda de cuanto ahorraba. Cu\u00e1ntas cosas, pude hacer, hasta para mis recreos en las clases de piano, que eran tan LARGAS. Recuerdo que, la empleada de la Profe &nbsp;preparaba unos ricos s\u00e1ndwich, que en casa no lo hac\u00edan\u2026<br>Hasta hubo veces &nbsp;en que le deb\u00ed, pero bueno&#8230;m\u00e1s lavado y la deuda ya estaba saldada.<\/p>\n<p>Como \u00edbamos aumentando los hermanos, llegamos a ser &nbsp;5 mujeres y un var\u00f3n\u2026se echaron las plantas, creo que la \u00faltima en ir fue una planta de naranjo.<br>Y all\u00ed empez\u00f3 una de las refacciones de la casa,&nbsp; fue &nbsp;entonces &nbsp;que me percat\u00e9 de que pap\u00e1 y mam\u00e1 no se llevaban bien. Para mi que el &nbsp;la hac\u00eda sufrir , y&nbsp; a nosotros tambi\u00e9n.!!<br>\u2026Si recuerdo, un domingo por la tarde, los obreros hab\u00edan dejado una monta\u00f1a de arena, que era nuestra diversi\u00f3n, pero que seg\u00fan pap\u00e1 ten\u00eda que estar en otro lado, ten\u00edamos que cargar &nbsp;la arena en&nbsp; baldes, y llevarlos, ya ni&nbsp; se donde, pero s\u00ed recuerdo lo mucho que pesaban! &nbsp;El cargaba cada balde y nosotros creo que \u00e9ramos los 3 &nbsp;hermanos mayores junto con mam\u00e1 que lloraba!!, los traslad\u00e1bamos.<br>Si fue dolor, impotencia. El llanto de mam\u00e1.<br>A la&nbsp; noche, ella ya acostada segu\u00eda llorando. Entre despacito, al dormitorio de mis padres y le pregunt\u00e9 si en algo pod\u00eda ayudarla y me dijo toda tapadita con un edred\u00f3n azul, que no, que no me preocupara\u2026abre tenido 3 o 4 a\u00f1os.<br>Poco despu\u00e9s me correspondi\u00f3 la habitaci\u00f3n que estaba al lado de la de mis padres. Me despertaban sus discusiones\u2026QUE MIEDO!!!, que iba a pasarnos?.Inclusive hubo veces que \u00e9l le mostr\u00f3 el pu\u00f1o.. DIOS M\u00cdO! pero yo hac\u00eda que dorm\u00eda. Esto ni a mis hermanos lo comentaba.<br>Fue por entonces, que decid\u00ed, aunque en ese tiempo no sab\u00eda:\u201d si yo me portaba bien, si &nbsp;no hac\u00eda ruido y sacaba buenas notas ( adem\u00e1s eso me gustaba!), no les iba a molestar, entonces habr\u00e1 PAZ!.<br>Muchos gritos de mi padre, amenazando, amenazando, que&nbsp; se ir\u00eda de la casa, que nos quedar\u00edamos sin padre, o peor, que no sab\u00eda hasta cuando vivir\u00eda por que el era y es diab\u00e9tico,( y dem\u00e1s males!) as\u00ed,\u2026durante todo el tiempo que all\u00ed viv\u00ed; &nbsp;sus ojos saltaban, se transformaba, todos juntos nos pon\u00edamos a ver hasta cuando iba a durar\u2026No, ya no quiero recordar&nbsp;&nbsp; esto.<br>Entre los hermanos nos agrupamos de a tres, los tres mayores, y las tres menores.<br>Nos proteg\u00edamos, est\u00e1bamos juntos siempre, f\u00edsicamente y mentalmente juntos.<br>Hab\u00eda tantos problemas entre mis padres, &nbsp;y los parientes de mis padre,\u2026y mam\u00e1, siempre sumisa, POR QUE NO DEC\u00cdA NADA? NO HAC\u00cdA NADA PARA CALLAR A ESE HOMBRE?, \u00a1no!, ella iba luego de todo ese espect\u00e1culo y le buscaba, y despu\u00e9s de unos d\u00edas&nbsp; volv\u00edamos a ser algo que pod\u00eda decirse familia.<\/p>\n<p><strong>UNA PUERTA PARA ABRIR Y JUGAR!<\/strong><\/p>\n<p>Pero estaban las vacaciones!!!, LA CASA DE MIS ABUELOS Maternos!!!,, por fin era libre, \u00a1!! Quer\u00eda y quiero a mis abuelos aunque ya no est\u00e9n y estoy tan agradecida por lo que nos dieron en su momento.<br>Mis padres viajaban generalmente 10 o 15 d\u00edas y nosotros los 6 \u00edbamos a la de los abuelos.<br>Eran humildes, pero su comedor, su cocina, todo ten\u00eda un sabor y olor especial, y limpio, todo muy limpio y ordenado.<br>Hasta ahora no saboree, un dulce de mam\u00f3n m\u00e1s rico que el de mi abuela.<br>Las galletas, su caf\u00e9 con leche, y la nata que nos guardaban, las uvas, sus ricas uvas, que nos ten\u00edan preparadas para la media ma\u00f1ana.<br>Y tomar el helado del carrito que pasaba a la siesta!.<br>Ver al abuelo casi de madrugada, &nbsp;en su ceremonia de afeitarse: UNA GRAN LATONA, .CREO QUE ERA UNA NAVAJA, UNA PASTA QUE SE PON\u00cdA POR LA CARA Y ALL\u00c1 IBA.ERA todo tan emocionante. Y luego a ver c\u00f3mo hac\u00eda su gimnasia, todos los d\u00edas.<br>Si,&nbsp; fueron las mayores alegr\u00edas de mi ni\u00f1ez.<br>CREATIVA YO SIIIII, CLARO QUE FUI, y no lo sab\u00eda. Fantas\u00edas e imaginaci\u00f3n claro &nbsp;QUE SI!, ten\u00eda mis h\u00e9roes uno mejor que el otro, en los que me refugiaba, en mis fantas\u00edas Omnipotentes. &nbsp;&nbsp;Y eso tambi\u00e9n estaba prohibido. &nbsp;Hoy se que &nbsp;por esas fantas\u00edas la pasamos todos.<br>Me atrevo a contarles algo mas, a ver si entienden por que cuento, por que justo hoy!, les cuento.<br>Fueron pasando los a\u00f1os, empec\u00e9 mi adolescencia, me gustaba estar bien arreglada, probar los polvos de mam\u00e1, a escondidas, por que si pap\u00e1 se daba cuenta, no le gustaba nada, por que \u201c<u>todas&nbsp; &nbsp;ten\u00edamos &nbsp;belleza &nbsp;natural<\/u>\u201d dec\u00eda, el y as\u00ed te n\u00eda mos que seguir. Y &nbsp;eso que &nbsp;el representaba la l\u00ednea Max Factor!.( qu\u00e9 iron\u00eda!)<br>Schiiich! El silencio, aquel que cubre con su manto obscuro, lo que no se debe ver ni saber!, el que esconde miedos y sometimientos. Schich!<br>Pasaron los a\u00f1os, \u2026y fui la mejor alumna en un nivel, en otro, di conciertos de piano\u2026y &nbsp;algo cambi\u00f3 en esa familia que me dio origen? No,\u2026 aunque en &nbsp;mis hermanos, empec\u00e9 a percibir que fueron como,\u201d lo que se aspira inspira algo \u201clos fui viendo as\u00ed de a poco, ya no \u00e9ramos aquellos\u2026 que est\u00e1bamos siempre juntitos. Creo tener algo de melancol\u00eda de esos tiempos. Pero ya no somos los mismos.<br>Eleg\u00ed la carrera de Lic. En matem\u00e1ticas.<br>1,2,3,4,5,6,7,8,9,10, &nbsp;2+3=5; resolver esta ecuaci\u00f3n::::,integrales..QUE FELICIDAD! hab\u00eda algo que me pod\u00edan dar soluciones y exactas!! Matem\u00e1tica pura, matem\u00e1tica aplicada?,\u2026en ese tiempo hasta que me recib\u00ed me sent\u00ed bien, satisfecha.<\/p>\n<p><strong>LA&nbsp;<\/strong><b>B\u00daSQUEDA<\/b><\/p>\n<p>El amor, si, lo tuve y lo tengo, mi esposo y mis tres hijos!, y otros 3 que nos protegen desde&nbsp; all\u00e1, aqu\u00ed\u2026 y un d\u00eda ser\u00e9 MUY FELIZ CUANDO LOS VEA Y LOS PUEDA ABRAZAR.<br>\u2026Y, quiero ser docente, me gusta, y soy buena en eso\u2026pero no me gusta como ense\u00f1an, yo he probado con algunos alumnos, que hay otros caminos, entonces, comenc\u00e9 a viajar: Congresos, viajes muchos, Europa, YO Y Sola?&#8230;si por que no?, Venezuela, Isla Margarita, Punta del Este, Brasil\u2026Bolivia, si aprend\u00ed mas, mucho\u00a1 claro no siempre es bastante!.<br>Entonces si no es por all\u00ed, entonces, busco otros caminos, terapias, &nbsp;talleres de desarrollo personal, autoestima, PNL, eh, s\u00ed ,&nbsp; ayudan! Y es realmente lo que busc\u00f3?<br>Voy a buscar, esto no puede quedar as\u00ed\u2026haber, que opciones hay?<br>Y no, no qued\u00f3 ni queda ni quedar\u00e1 as\u00ed\u2026TODOS SOMOS CREATIVOS, si? &nbsp;O no?. Estudio \u201cIn\u00e9s Moreno\u201d\u2026<br>El dar: ME GUSTA DAR, &nbsp;y recibir si!, y me lo merezco? Autoestima?, confianza, autoconfianza? Querida, JUDITH DESPERTATE!! BLOQUEOS!!!\u2026SI! &nbsp;ese, si ese que estas pensando yo lo viv\u00ed y &nbsp;en cierta forma no lo sabia. Pero con los JUEGOS, \u2026este vestido? Me queda.<br>Y esta bien, pero viajes cada mes, hay un buen paquete A\u00c9REO? SI &#8230;no este mes es terrestre\u2026 hace fr\u00edo, se cancel\u00f3 el vuelo! , me engripe!<br>hoy ,aqu\u00ed,&nbsp; el siguiente mes?, &nbsp;FLEXIBILIDAD, tener los poros BIEN ABIERTOS!, Saber ESPERAR. TENDR\u00c9 COMPA\u00d1EROS CON QUIEN COMPARTIR?&nbsp; \u201c Y SER\u00c1,&nbsp; SER\u00c1, \u2026, la vida ES APRENDER.<br>Y qu\u00e9 &nbsp;quieren que les diga, hoy este vestido me encanta!, y adem\u00e1s puedo ir cambi\u00e1ndolo, d\u00e1ndole esa originalidad m\u00eda, ese color m\u00edo &nbsp;y esa forma m\u00eda.<br>Y qu\u00e9 quieren que les diga, a veces no paso bien,\u2026Un momento, no vine a eso, yo quiero un buen producto, eso es lo que vale, se que tengo aptitud, as\u00ed que si cambio de actitud?&#8230;Este vestido me queda, es de mi talla.<br>Y qu\u00e9 quieren que les &nbsp;cuente: la primera vez que vine este a\u00f1o a Buenos Aires, lo hice &nbsp;en bus, \u201cCRUCERO DEL NORTE\u201d, llegamos a la aduana. \u201datenti JUDITH ..tan atenti, que un gendarme me dice: va en crucero se\u00f1ora?..mmmm?(pileta, tomar sol, navegar, m\u00fasica, bromas, baile, chistes!)no, no ,se\u00f1ora \u201cCRUCERO DEL NORTE!\u201d, si , si voy en ese\u2026p\u00e1seme sus docum..<br>Si estoy en ese crucero, y tendr\u00e9 1,2,3,4,5,6,7,8,9,10 posibilidades y &nbsp;dificultades,&nbsp; y tengo &nbsp;mi propia maleta! Si en el crucero se siente cuando hay AGUAS TURBULENTAS!!,no hay forma de escapar, ACTITUD Y APTITUD&#8230;es as\u00ed, aqu\u00ed estoy\u2026\u2026\u2026puedo ir mas\u2026.puede ser MAS.<br>Hace poco escuche una frase, como sin importancia en una pel\u00edcula, un amigo&nbsp; le dec\u00eda a otro: sabes \u2013no es el final lo que cuesta, no, lo que cuesta es continuar.<\/p>\n<p><strong>Si, por que eso estoy hoy aqu\u00ed con ustedes, contando y jugando, por que el juego,<br>EL JUEGO ES UNA COSA SERIA. Hasta Pronto.<\/strong><\/p>\t\t\t\t\t\t\t\t<\/div>\n\t\t\t\t<\/div>\n\t\t\t\t\t<\/div>\n\t\t<\/div>\n\t\t\t\t\t<\/div>\n\t\t<\/section>\n\t\t\t\t<\/div>\n\t\t","protected":false},"excerpt":{"rendered":"<p>\u00abMI PROCESO\u201dTeatro le\u00eddo. Autora:&nbsp;MAR\u00cdA JUDITH CABRAL DE&nbsp;VEL\u00c1ZQUEZColoquio del Curso&nbsp;\u00abCreatividad y Desarrollo Personal\u00bb &#8211; 2008 COLOQUIO FINAL CREATIVIDAD Y DESARROLLO PERSONALTEATRO LE\u00cdDO: \u201cMI PROCESO\u201d EL LLANTO DE MAM\u00c1 UNA PUERTA PARA ABRIR Y JUGAR LA BUSQUEDA MAR\u00cdA JUDITH CABRAL DE VELAZQUEZ \u201cESTUDIO IN\u00c9S MORENO\u201dA\u00d1O: 2008 EL LLANTO DE MAM\u00c1 La casa&nbsp; donde viv\u00ed,&nbsp; hasta los 23&hellip;<\/p>\n","protected":false},"author":1,"featured_media":0,"parent":0,"menu_order":0,"comment_status":"closed","ping_status":"closed","template":"","meta":{"_joinchat":[],"footnotes":""},"class_list":["post-3794","page","type-page","status-publish","hentry"],"_links":{"self":[{"href":"https:\/\/estudioinesmoreno.com.ar\/estudio\/wp-json\/wp\/v2\/pages\/3794","targetHints":{"allow":["GET"]}}],"collection":[{"href":"https:\/\/estudioinesmoreno.com.ar\/estudio\/wp-json\/wp\/v2\/pages"}],"about":[{"href":"https:\/\/estudioinesmoreno.com.ar\/estudio\/wp-json\/wp\/v2\/types\/page"}],"author":[{"embeddable":true,"href":"https:\/\/estudioinesmoreno.com.ar\/estudio\/wp-json\/wp\/v2\/users\/1"}],"replies":[{"embeddable":true,"href":"https:\/\/estudioinesmoreno.com.ar\/estudio\/wp-json\/wp\/v2\/comments?post=3794"}],"version-history":[{"count":12,"href":"https:\/\/estudioinesmoreno.com.ar\/estudio\/wp-json\/wp\/v2\/pages\/3794\/revisions"}],"predecessor-version":[{"id":6430,"href":"https:\/\/estudioinesmoreno.com.ar\/estudio\/wp-json\/wp\/v2\/pages\/3794\/revisions\/6430"}],"wp:attachment":[{"href":"https:\/\/estudioinesmoreno.com.ar\/estudio\/wp-json\/wp\/v2\/media?parent=3794"}],"curies":[{"name":"wp","href":"https:\/\/api.w.org\/{rel}","templated":true}]}}