{"id":3778,"date":"2016-04-15T21:03:08","date_gmt":"2016-04-16T00:03:08","guid":{"rendered":"http:\/\/www.inesmoreno.com.ar\/estudio\/?page_id=3778"},"modified":"2016-04-15T21:03:08","modified_gmt":"2016-04-16T00:03:08","slug":"abrir-o-cerrar-las-puertas","status":"publish","type":"page","link":"https:\/\/estudioinesmoreno.com.ar\/estudio\/reportajes-y-notas\/abrir-o-cerrar-las-puertas\/","title":{"rendered":"\u00bfABRIR O CERRAR LAS PUERTAS?"},"content":{"rendered":"<h2>Reportajes y Notas<\/h2>\n<h3>\u00bfAbrir o Cerrar Las Puertas?<\/h3>\n<p>El s\u00e1bado 15 de mayo, en la secci\u00f3n comunidad se encuentra la columna, que ha pedido del\u00a0diario, ha escrito la\u00a0Profesora In\u00e9s Moreno sobre el tema Juego.<\/p>\n<p>Transcribimos parte de la nota. \u00abAbrir o cerrar las puertas? La pregunta est\u00e1 planteada a los adultos y hace referencia al juego. \u00bfCu\u00e1nto abrimos o cerramos la puerta del juego? Al hacerlo, \u00bfcu\u00e1nta conciencia tenemos sobre los alcances de nuestra conducta sobre el desarrollo de los ni\u00f1os que est\u00e1n a nuestro cargo?<\/p>\n<p>Jugar es cosa seria y fundamentalmente para los ni\u00f1os. Morder, tocar, mover, apilar, arrastrar son conductas que ponen en marcha los sentidos y la acci\u00f3n. El juego se constituye en el soporte para el desarrollo de la seguridad, la curiosidad, la confianza en s\u00ed mismo y en los otros. Descubre el mundo en el que debe insertarse: los roles, las responsabilidades, el lenguaje. Es a trav\u00e9s del juego que comienza su proceso de socializaci\u00f3n, siendo el principal protagonista.Jugar es salud. Cuando una persona juega, toda ella est\u00e1 en juego: sus pensamientos, emociones, habilidades.<\/p>\n<p>Es en el juego donde tambi\u00e9n elabora sus frustraciones y encuentra caminos para sus peque\u00f1os o grandes problemas. Jugar es aprender. Mientras se juega ocurren infinidad de est\u00edmulos que requieren estrategias de pensamiento, aceptaci\u00f3n\u00a0 de reglas, reflexi\u00f3n y elaboraci\u00f3n de alternativas. Jugar no es inocente. En la acci\u00f3n de jugar nos vamos construyendo como sujetos.<\/p>\n<p>Por lo tanto no s\u00f3lo es importante preguntarse si el ni\u00f1o juega, deber\u00edamos agregar \u00bfcon qui\u00e9n o con qui\u00e9nes juega? \u00bfA qu\u00e9 juega? \u00bfCu\u00e1nto tiempo? Jugar es crear. Por eso no es necesario el despliegue de juguetes o elementos sofisticados. Propuestas simples, material de desecho, las propias ideas, son fuentes inagotables para encontrar nuevas formas de jugar.<\/p>\n<p>Jugar es mucho m\u00e1s que entretenerse. Aquellos adultos que han redescubierto las posibilidades del juego en\u00a0 sus tareas laborales y otras actividades tienen otra mirada sobre el papel del juego en la vida de los ni\u00f1os. Jugar no es perder el tiempo, es ganar vida. \u00bfCu\u00e1nto conocimiento, conciencia y convicci\u00f3n existe en nosotros, adultos, cuando abrimos o cerramos la puerta para jugar y crear\u00bb<\/p>\n","protected":false},"excerpt":{"rendered":"<p>Reportajes y Notas \u00bfAbrir o Cerrar Las Puertas? El s\u00e1bado 15 de mayo, en la secci\u00f3n comunidad se encuentra la columna, que ha pedido del\u00a0diario, ha escrito la\u00a0Profesora In\u00e9s Moreno sobre el tema Juego. Transcribimos parte de la nota. \u00abAbrir o cerrar las puertas? La pregunta est\u00e1 planteada a los adultos y hace referencia al&hellip;<\/p>\n","protected":false},"author":1,"featured_media":0,"parent":3867,"menu_order":0,"comment_status":"closed","ping_status":"closed","template":"","meta":{"_joinchat":[],"footnotes":""},"class_list":["post-3778","page","type-page","status-publish","hentry","description-off"],"_links":{"self":[{"href":"https:\/\/estudioinesmoreno.com.ar\/estudio\/wp-json\/wp\/v2\/pages\/3778","targetHints":{"allow":["GET"]}}],"collection":[{"href":"https:\/\/estudioinesmoreno.com.ar\/estudio\/wp-json\/wp\/v2\/pages"}],"about":[{"href":"https:\/\/estudioinesmoreno.com.ar\/estudio\/wp-json\/wp\/v2\/types\/page"}],"author":[{"embeddable":true,"href":"https:\/\/estudioinesmoreno.com.ar\/estudio\/wp-json\/wp\/v2\/users\/1"}],"replies":[{"embeddable":true,"href":"https:\/\/estudioinesmoreno.com.ar\/estudio\/wp-json\/wp\/v2\/comments?post=3778"}],"version-history":[{"count":0,"href":"https:\/\/estudioinesmoreno.com.ar\/estudio\/wp-json\/wp\/v2\/pages\/3778\/revisions"}],"up":[{"embeddable":true,"href":"https:\/\/estudioinesmoreno.com.ar\/estudio\/wp-json\/wp\/v2\/pages\/3867"}],"wp:attachment":[{"href":"https:\/\/estudioinesmoreno.com.ar\/estudio\/wp-json\/wp\/v2\/media?parent=3778"}],"curies":[{"name":"wp","href":"https:\/\/api.w.org\/{rel}","templated":true}]}}