{"id":3769,"date":"2016-04-15T20:52:11","date_gmt":"2016-04-15T23:52:11","guid":{"rendered":"http:\/\/www.inesmoreno.com.ar\/estudio\/?page_id=3769"},"modified":"2016-04-15T20:52:11","modified_gmt":"2016-04-15T23:52:11","slug":"a-que-jugamos","status":"publish","type":"page","link":"https:\/\/estudioinesmoreno.com.ar\/estudio\/reportajes-y-notas\/a-que-jugamos\/","title":{"rendered":"\u00bfA qu\u00e9 JUGAMOS?"},"content":{"rendered":"<h2>Reportajes y Notas<\/h2>\n<h3>\u00bfA qu\u00e9\u00a0JUGAMOS? <\/h3>\n<p><strong>Entrevista a la Profesora In\u00e9s Moreno<\/strong> &#8211; <strong>REVISTA JARD\u00cdN de GENIOS<\/strong><\/p>\n<p>La <strong>Profesora In\u00e9s Moreno<\/strong> ha sido entrevista para la revista. trascribimos el art\u00edculo que ser\u00e1 publicado a ra\u00edz de las vacaciones familiares tan pr\u00f3ximas en el calendario:\u00a0\u00ab\u00bfA qu\u00e9 jugamos? Una gu\u00eda pr\u00e1ctica con 10 juegos y actividades para realizar en familia y al aire libre durante estas vacaciones.\u00a0Las vacaciones brindan el contexto perfecto para que chicos y pap\u00e1s disfruten de actividades recreativas juntos.<\/p>\n<p>Seg\u00fan In\u00e9s Moreno, directora general del estudio que lleva su nombre, dedicado a la preparaci\u00f3n de profesionales en Recreaci\u00f3n y Juego, \u201cEl juego es un elemento fant\u00e1stico para que la familia pase un momento entretenido y sus integrantes se vinculen y conozcan\u201d. Una salida normal a la plaza, un rato en el jard\u00edn de la casa o una excursi\u00f3n pueden convertirse en el espacio ideal para jugar. Es lo que, por ejemplo, descubre quien ve a un grupo de chicos jugar: corren, saltan, se persiguen, patean pelotas, realizan peque\u00f1as escenas con sus mu\u00f1ecos o se trepan a los \u00e1rboles. \u201cToda situaci\u00f3n puede transformarse en un juego si dejamos volar nuestra imaginaci\u00f3n\u201d, indica Moreno.<\/p>\n<p>La especialista recomienda, como requisito fundamental para pensar e implementar cualquier juego con los chicos, que los pap\u00e1s cuenten con actitud l\u00fadica. Es decir, que est\u00e9n dispuestos a jugar ellos tambi\u00e9n. \u201cEs importante que los pap\u00e1s se abran a los ojos de sus hijos ya que muchas veces son ellos los que idean una actividad original y divertida\u201d, afirma Moreno. Con esto en mente, existe todo un abanico de actividades l\u00fadicas para realizar con los chicos y pasar juntos un hermoso momento. Aqu\u00ed, 10 juegos para realizar en familia y al aire libre.<\/p>\n<p>1-\u00a0 \u00bfD\u00f3nde estoy? Jugar a las escondidas todos juntos puede ser muy entretenido. Si los chicos son muy peque\u00f1os, pueden adaptarse las reglas y jugar en parejas formadas por un adulto y un chico<\/p>\n<p>2- Por el caminito &#8211; Con los elementos que se tengan a mano, puede hacerse un caminito para que recorra un integrante de la familia con los ojos tapados. Los dem\u00e1s jugadores tendr\u00e1n que darle indicaciones para guiarlo hasta el punto de llegada<\/p>\n<p>3- Rayuela &#8211; Otro cl\u00e1sico es la rayuela, juego s\u00faper sencillo porque no precisa m\u00e1s que unas tizas y una piedrita. Es importante tener en cuenta el tama\u00f1o de los cuadraditos para que los chicos puedan efectivamente saltar de uno a otro. Adem\u00e1s, seg\u00fan la edad de los jugadores, es posible adaptar las reglas: los m\u00e1s chiquitos, por ejemplo, pueden saltar con los dos pies juntos. Tambi\u00e9n es posible contar con variantes del dise\u00f1o (en forma de caracol o con aros) y del contenido de los sectores: n\u00fameros, palabras, letras y nombres de integrantes de la familia, entre otros. Ideas muy interesantes en: <a href=\"http:\/\/www.inesmoreno.com.ar\/www.museodeljuego.org\/_xmedia\/estudio\/0000000812\/docu1.pdf\" target=\"_blank\" rel=\"noopener\">www.museodeljuego.org\/_xmedia\/estudio\/0000000812\/docu1.pdf<\/a> .<\/p>\n<p>4- Pinto lo que veo &#8211; Es una actividad muy tranquila y permite que todos compartan diferentes miradas sobre su entorno, t\u00e9cnicas para pintar y los materiales. Adem\u00e1s, puede realizarse en el jard\u00edn de casa, en un parque o en alg\u00fan lugar interesante para toda la familia.<\/p>\n<p>5- Juguemos al picnic &#8211; Ir de picnic es toda una aventura: preparar la comida, elegir el lugar para sentarse, disponer las cosas sobre el mantel y compartir los alimentos. Pero adem\u00e1s, cualquier picnic se puede transformar en un juego. As\u00ed se puede jugar, por ejemplo, a que alguien descubra el elemento del mantel que han escondido los dem\u00e1s.<\/p>\n<p>6- Barriletes &#8211; Esta cl\u00e1sica actividad puede resultar muy completa. Implica creatividad a la hora de dise\u00f1ar y de armar el barrilete, actividad f\u00edsica al remontarlo y, por supuesto, la alegr\u00eda de ver algo construido con las propias manos volando por el cielo. \u00a1Es sin dudas un cl\u00e1sico que no pierde su encanto! Planos de diferentes modelos, en: <a href=\"http:\/\/www.batoco.org\/planos\" target=\"_blank\" rel=\"noopener\">www.batoco.org\/planos<\/a>.<\/p>\n<p>7- De campamento &#8211; Si es posible contar con una carpa, algunas bolsas de dormir y un jard\u00edn donde acampar, esta actividad suele ser muy enriquecedora. La familia entera puede comer bajo las estrellas, entonar algunas canciones alrededor de un fog\u00f3n, y compartir an\u00e9cdotas y relatos.<\/p>\n<p>8- \u00a1A la pelotita! &#8211; Los chicos adoran jugar con pelotas y las ideas para hacerlo pueden ser muchas: patearla, picarla contra el suelo, arrojarla lo m\u00e1s alto posible, pas\u00e1rsela entre los jugadores con diferentes t\u00e9cnicas (por el aire, con un pie, haci\u00e9ndola picar dos veces, entre otros) o ver qui\u00e9n la tira m\u00e1s lejos. Es importante dejarse llevar por las iniciativas de los chicos. Ellos pueden idear nuevos y originales juegos.<\/p>\n<p>9- Es tiempo de contar &#8211; Moreno destaca la importancia de que los chicos puedan entretenerse al aire libre: \u201cSalir en familia a un medio natural es fundamental, especialmente para aquellos chicos que viven en ciudades, que no est\u00e1n preparadas para el juego\u201d, opina. Esta actividad podr\u00eda hacerse en cualquier espacio y consiste en encontrar entre todos una determinada cantidad de elementos diferentes de la naturaleza y ordenarlos por tama\u00f1os. Tambi\u00e9n pueden buscarse otras variantes como las de contar cu\u00e1ntas hormigas pasan por un caminito o cu\u00e1ntos p\u00e1jaros pueden encontrar en los \u00e1rboles.<\/p>\n<p>10- B\u00fasqueda del tesoro &#8211; Tambi\u00e9n entre los grandes cl\u00e1sicos, este juego no pierde su encanto. Alguien debe esconder un objeto y los dem\u00e1s deben ir buscando las pistas que los llevar\u00e1n a descubrir el \u201ctesoro\u201d. Si los chicos que juegan est\u00e1n aprendiendo a leer, pueden escribirse las pistas con letras grandes y claras. Si en cambio, son m\u00e1s peque\u00f1os, pueden contar con dibujos, colores y n\u00fameros. Esto permite que puedan \u201cleerlas\u201d entre todos y pensar cu\u00e1l es la respuesta de cada pista.<\/p>\n<p>Reportaje de Pamela Altieri<\/p>\n","protected":false},"excerpt":{"rendered":"<p>Reportajes y Notas \u00bfA qu\u00e9\u00a0JUGAMOS? Entrevista a la Profesora In\u00e9s Moreno &#8211; REVISTA JARD\u00cdN de GENIOS La Profesora In\u00e9s Moreno ha sido entrevista para la revista. trascribimos el art\u00edculo que ser\u00e1 publicado a ra\u00edz de las vacaciones familiares tan pr\u00f3ximas en el calendario:\u00a0\u00ab\u00bfA qu\u00e9 jugamos? Una gu\u00eda pr\u00e1ctica con 10 juegos y actividades para realizar&hellip;<\/p>\n","protected":false},"author":1,"featured_media":0,"parent":3867,"menu_order":0,"comment_status":"closed","ping_status":"closed","template":"","meta":{"_joinchat":[],"footnotes":""},"class_list":["post-3769","page","type-page","status-publish","hentry","description-off"],"_links":{"self":[{"href":"https:\/\/estudioinesmoreno.com.ar\/estudio\/wp-json\/wp\/v2\/pages\/3769","targetHints":{"allow":["GET"]}}],"collection":[{"href":"https:\/\/estudioinesmoreno.com.ar\/estudio\/wp-json\/wp\/v2\/pages"}],"about":[{"href":"https:\/\/estudioinesmoreno.com.ar\/estudio\/wp-json\/wp\/v2\/types\/page"}],"author":[{"embeddable":true,"href":"https:\/\/estudioinesmoreno.com.ar\/estudio\/wp-json\/wp\/v2\/users\/1"}],"replies":[{"embeddable":true,"href":"https:\/\/estudioinesmoreno.com.ar\/estudio\/wp-json\/wp\/v2\/comments?post=3769"}],"version-history":[{"count":0,"href":"https:\/\/estudioinesmoreno.com.ar\/estudio\/wp-json\/wp\/v2\/pages\/3769\/revisions"}],"up":[{"embeddable":true,"href":"https:\/\/estudioinesmoreno.com.ar\/estudio\/wp-json\/wp\/v2\/pages\/3867"}],"wp:attachment":[{"href":"https:\/\/estudioinesmoreno.com.ar\/estudio\/wp-json\/wp\/v2\/media?parent=3769"}],"curies":[{"name":"wp","href":"https:\/\/api.w.org\/{rel}","templated":true}]}}