{"id":3757,"date":"2016-04-15T19:46:50","date_gmt":"2016-04-15T22:46:50","guid":{"rendered":"http:\/\/www.inesmoreno.com.ar\/estudio\/?page_id=3757"},"modified":"2016-04-15T19:46:50","modified_gmt":"2016-04-15T22:46:50","slug":"el-juego-esta-mucho-mas-vinculado-con-el-ser","status":"publish","type":"page","link":"https:\/\/estudioinesmoreno.com.ar\/estudio\/reportajes-y-notas\/el-juego-esta-mucho-mas-vinculado-con-el-ser\/","title":{"rendered":"El juego est\u00e1 mucho m\u00e1s vinculado con el ser"},"content":{"rendered":"<h2>Reportajes y Notas<\/h2>\n<h3>\u00abEl juego est\u00e1 mucho m\u00e1s vinculado con el ser\u00bb<\/h3>\n<p><strong>Reportaje a la Prof. In\u00e9s Moreno publicado por el diario MDZ de la ciudad de Mendoza, Argentina, realizado por el Periodista Alejandro Fr\u00edas<\/strong><br \/>\nEspecialista en el \u00e1rea de juego y directora del Estudio In\u00e9s Moreno, un espacio dedicado al desarrollo del juego y la creatividad en \u00e1reas como educaci\u00f3n, trabajo comunitario y salud, la profesional est\u00e1 en Mendoza para presentar su nuevo libro y dictar un taller. MDZ Online aprovech\u00f3 para hablar con ella.<\/p>\n<p>Est\u00e1 en Mendoza para presentar su m\u00e1s reciente libro y para dictar un taller In\u00e9s Moreno, especialista en el \u00e1rea de juego y directora del Estudio In\u00e9s Moreno, un espacio dedicado al desarrollo del juego y la creatividad en \u00e1reas como educaci\u00f3n, trabajo comunitario y salud.<\/p>\n<p>Moreno present\u00f3 ayer su nuevo libro, <em>Espacios de juego,<\/em> y hoy dictar\u00e1 un taller. <em><strong>MDZ Online\u00a0<\/strong><\/em>aprovech\u00f3 la oportunidad para dialogar con ella sobre el significado del juego para los ni\u00f1os y los espacios de juego, entre otros temas.<\/p>\n<p><strong>&#8211; \u00bfC\u00f3mo influye el juego en los ni\u00f1os?<\/strong><\/p>\n<p>&#8211; El juego es una herramienta potente para el adulto que est\u00e1 vincul\u00e1ndose con un ni\u00f1o, porque el juego, a diferencia de cualquier otra t\u00e9cnica, inclusive no convencional, moviliza el pensar, el sentir y el hacer. Cuando un ni\u00f1o salta una soga, que parece algo nimio, en realidad est\u00e1 haciendo un c\u00e1lculo matem\u00e1tico, en el sentido de calcular espacio y tiempo, est\u00e1 realizando un acto psicomotriz al movilizar todo el cuerpo y especialmente las piernas para poder saltar la soga, y adem\u00e1s est\u00e1 movilizando sus emociones al calcular esto es muy alto, esto es muy dif\u00edcil para m\u00ed, me est\u00e1n mirando, tengo miedo. En fin, en este ejemplo de la soga, que quiz\u00e1s es muy gr\u00e1fico, como en cualquier otra situaci\u00f3n ocurre lo mismo, el juego es movilizador de aspectos cognitivos y procedimentales, de habilidades de todo tipo, de aspectos motores y, fundamentalmente, de aspectos emocionales y actitudinales.<\/p>\n<p><strong>&#8211; \u00bfFaltan espacios de juego en la vida cotidiana de los chicos?<\/strong><\/p>\n<p>&#8211; En la vida cotidiana el juego se ha transformado bastante. La urbe es muy diferente a los espacios m\u00e1s abiertos, a m\u00ed no me gusta generalizar, pero s\u00ed podr\u00eda decir que en las grandes urbes el juego se ha restringido notablemente, por razones de seguridad e inclusive por aspectos culturales, tecnol\u00f3gicos y sociales. Pero la necesidad de jugar est\u00e1 siempre presente, s\u00f3lo que hay situaciones donde lo motor queda bastante invalidado. La computadora, de alguna manera, rigidiza aspectos corporales, y no estoy en contra de la tecnolog\u00eda, s\u00f3lo que hay que poder aprender a saber usarla y a que no bloquee aspectos del ser que son fundamentales en el desarrollo de una persona.<\/p>\n<p><strong>&#8211; A prop\u00f3sito de eso, ya hay estad\u00edsticas que hablan de una reducci\u00f3n de la motricidad gruesa de los ni\u00f1os.<\/strong><\/p>\n<p>&#8211; As\u00ed es, inclusive, eso est\u00e1 vinculado con aspectos serios en la salud, como el sobrepeso y la atrofia de determinados m\u00fasculos que ya se empiezan a observar. En nuestro pa\u00eds no hay muchas estad\u00edsticas, por razones obvias, pero en otros pa\u00edses del mundo esto ya se observa.<\/p>\n<p><strong>&#8211; \u00bfEn la escuela el juego tiene que ser siempre pedag\u00f3gico?<\/strong><\/p>\n<p>&#8211; No, en la escuela pueden existir muchos espacios de juego que no tengan una intencionalidad vinculada con contenidos de la curr\u00edcula. A\u00fan as\u00ed, inclusive con intencionalidad, es muy interesante observar c\u00f3mo muchos docentes transforman contenidos \u00e1ulicos en un situaci\u00f3n l\u00fadica general de la cual el ni\u00f1o no quiere salir, porque el ni\u00f1o no se resiste al aprendizaje, a lo que se resiste es a las formas r\u00edgidas de aprender, la necesidad de conocer siempre est\u00e1 presente. Y respecto de tu pregunta, hay muchas experiencias de transformaci\u00f3n del patio en diferentes rincones que impliquen que cuando un ni\u00f1o sale del aula no salga a destrozarse o a destrozar a otros. La violencia puede ser transformada en un espacio de camarader\u00eda.<\/p>\n<p><strong>&#8211; \u00bfA los adultos les falta juego?<\/strong><\/p>\n<p>&#8211; Al adulto le falta juego. Todos somos homo ludens, todos tenemos el ni\u00f1o interno, el tema es que a lo largo de la vida, y tambi\u00e9n de la escuela, de la cultura, nos van colocando, m\u00e1s que c\u00e1scaras de cebolla, c\u00e1scaras de metales que nos van robotizando, como si los \u00fanicos objetivos estuvieran en el tener. El juego est\u00e1 mucho m\u00e1s vinculado con el ser, y cuando ese adulto puede correr ciertas m\u00e1scaras r\u00edgidas, aparece el disfrute con relaci\u00f3n a un aprender o a un desarrollarse de otra manera.<\/p>\n","protected":false},"excerpt":{"rendered":"<p>Reportajes y Notas \u00abEl juego est\u00e1 mucho m\u00e1s vinculado con el ser\u00bb Reportaje a la Prof. In\u00e9s Moreno publicado por el diario MDZ de la ciudad de Mendoza, Argentina, realizado por el Periodista Alejandro Fr\u00edas Especialista en el \u00e1rea de juego y directora del Estudio In\u00e9s Moreno, un espacio dedicado al desarrollo del juego y&hellip;<\/p>\n","protected":false},"author":1,"featured_media":0,"parent":3867,"menu_order":0,"comment_status":"closed","ping_status":"closed","template":"","meta":{"_joinchat":[],"footnotes":""},"class_list":["post-3757","page","type-page","status-publish","hentry","description-off"],"_links":{"self":[{"href":"https:\/\/estudioinesmoreno.com.ar\/estudio\/wp-json\/wp\/v2\/pages\/3757","targetHints":{"allow":["GET"]}}],"collection":[{"href":"https:\/\/estudioinesmoreno.com.ar\/estudio\/wp-json\/wp\/v2\/pages"}],"about":[{"href":"https:\/\/estudioinesmoreno.com.ar\/estudio\/wp-json\/wp\/v2\/types\/page"}],"author":[{"embeddable":true,"href":"https:\/\/estudioinesmoreno.com.ar\/estudio\/wp-json\/wp\/v2\/users\/1"}],"replies":[{"embeddable":true,"href":"https:\/\/estudioinesmoreno.com.ar\/estudio\/wp-json\/wp\/v2\/comments?post=3757"}],"version-history":[{"count":0,"href":"https:\/\/estudioinesmoreno.com.ar\/estudio\/wp-json\/wp\/v2\/pages\/3757\/revisions"}],"up":[{"embeddable":true,"href":"https:\/\/estudioinesmoreno.com.ar\/estudio\/wp-json\/wp\/v2\/pages\/3867"}],"wp:attachment":[{"href":"https:\/\/estudioinesmoreno.com.ar\/estudio\/wp-json\/wp\/v2\/media?parent=3757"}],"curies":[{"name":"wp","href":"https:\/\/api.w.org\/{rel}","templated":true}]}}