{"id":3673,"date":"2016-04-06T11:51:00","date_gmt":"2016-04-06T14:51:00","guid":{"rendered":"http:\/\/www.inesmoreno.com.ar\/estudio\/?page_id=3673"},"modified":"2023-11-21T22:07:58","modified_gmt":"2023-11-22T01:07:58","slug":"workshop-in-company","status":"publish","type":"page","link":"https:\/\/estudioinesmoreno.com.ar\/estudio\/workshop-in-company\/","title":{"rendered":"Workshop in Company"},"content":{"rendered":"\t\t<div data-elementor-type=\"wp-page\" data-elementor-id=\"3673\" class=\"elementor elementor-3673\" data-elementor-post-type=\"page\">\n\t\t\t\t\t\t<section class=\"elementor-section elementor-top-section elementor-element elementor-element-2581abd elementor-section-boxed elementor-section-height-default elementor-section-height-default\" data-id=\"2581abd\" data-element_type=\"section\" data-e-type=\"section\">\n\t\t\t\t\t\t<div class=\"elementor-container elementor-column-gap-default\">\n\t\t\t\t\t<div class=\"elementor-column elementor-col-100 elementor-top-column elementor-element elementor-element-5368678\" data-id=\"5368678\" data-element_type=\"column\" data-e-type=\"column\">\n\t\t\t<div class=\"elementor-widget-wrap elementor-element-populated\">\n\t\t\t\t\t\t<div class=\"elementor-element elementor-element-7836da4 elementor-widget elementor-widget-heading\" data-id=\"7836da4\" data-element_type=\"widget\" data-e-type=\"widget\" data-widget_type=\"heading.default\">\n\t\t\t\t<div class=\"elementor-widget-container\">\n\t\t\t\t\t<h2 class=\"elementor-heading-title elementor-size-default\">Workshops in Company<\/h2>\t\t\t\t<\/div>\n\t\t\t\t<\/div>\n\t\t\t\t\t<\/div>\n\t\t<\/div>\n\t\t\t\t\t<\/div>\n\t\t<\/section>\n\t\t\t\t<section class=\"elementor-section elementor-top-section elementor-element elementor-element-3aac842c elementor-section-content-middle elementor-section-stretched elementor-section-boxed elementor-section-height-default elementor-section-height-default\" data-id=\"3aac842c\" data-element_type=\"section\" data-e-type=\"section\" data-settings=\"{&quot;stretch_section&quot;:&quot;section-stretched&quot;}\">\n\t\t\t\t\t\t<div class=\"elementor-container elementor-column-gap-wider\">\n\t\t\t\t\t<div class=\"elementor-column elementor-col-100 elementor-top-column elementor-element elementor-element-4084cb5a\" data-id=\"4084cb5a\" data-element_type=\"column\" data-e-type=\"column\">\n\t\t\t<div class=\"elementor-widget-wrap elementor-element-populated\">\n\t\t\t\t\t\t<div class=\"elementor-element elementor-element-323af766 elementor-widget elementor-widget-text-editor\" data-id=\"323af766\" data-element_type=\"widget\" data-e-type=\"widget\" data-widget_type=\"text-editor.default\">\n\t\t\t\t<div class=\"elementor-widget-container\">\n\t\t\t\t\t\t\t\t\t<h3>Servicio a Organizaciones, Empresas e Instituciones.<\/h3><p><span style=\"color: #000000; font-family: raleway, sans-serif; white-space-collapse: preserve-breaks;\"><br \/><\/span><span style=\"color: #4b4b4d; font-family: futura-pt, Futura, sans-serif; font-size: 18px; background-color: rgba(255, 255, 255, 0); letter-spacing: var(--the7-base-letter-spacing); text-transform: var(--the7-base-text-transform); word-spacing: normal;\">Los workshops realizados por el estudio se pueden utilizar para muchas situaciones diferentes, desde definir y acordar planes estrat\u00e9gicos, identificar y priorizar requisitos, tomar decisiones, asi como tambi\u00e9n para resolver problemas complejos de un sector. Tambi\u00e9n se puden implementar para<\/span><span style=\"letter-spacing: var(--the7-base-letter-spacing); text-transform: var(--the7-base-text-transform); word-spacing: normal; color: #4b4b4d; font-family: futura-pt, Futura, sans-serif; font-size: 18px; background-color: rgba(255, 255, 255, 0);\">\u00a0cualquier situaci\u00f3n en la que necesitemos elevar el nivel de<\/span><span style=\"letter-spacing: var(--the7-base-letter-spacing); text-transform: var(--the7-base-text-transform); word-spacing: normal; color: #4b4b4d; font-family: futura-pt, Futura, sans-serif; font-size: 18px; background-color: rgba(255, 255, 255, 0);\">\u00a0<\/span><span style=\"letter-spacing: var(--the7-base-letter-spacing); text-transform: var(--the7-base-text-transform); word-spacing: normal; color: #4b4b4d; font-family: futura-pt, Futura, sans-serif; font-size: 18px; background-color: rgba(255, 255, 255, 0); font-weight: bolder;\">colaboraci\u00f3n<\/span><span style=\"letter-spacing: var(--the7-base-letter-spacing); text-transform: var(--the7-base-text-transform); word-spacing: normal; color: #4b4b4d; font-family: futura-pt, Futura, sans-serif; font-size: 18px; background-color: rgba(255, 255, 255, 0);\">,<\/span><span style=\"letter-spacing: var(--the7-base-letter-spacing); text-transform: var(--the7-base-text-transform); word-spacing: normal; color: #4b4b4d; font-family: futura-pt, Futura, sans-serif; font-size: 18px; background-color: rgba(255, 255, 255, 0);\">\u00a0<\/span><span style=\"letter-spacing: var(--the7-base-letter-spacing); text-transform: var(--the7-base-text-transform); word-spacing: normal; color: #4b4b4d; font-family: futura-pt, Futura, sans-serif; font-size: 18px; background-color: rgba(255, 255, 255, 0); font-weight: bolder;\">compromiso<\/span><span style=\"letter-spacing: var(--the7-base-letter-spacing); text-transform: var(--the7-base-text-transform); word-spacing: normal; color: #4b4b4d; font-family: futura-pt, Futura, sans-serif; font-size: 18px; background-color: rgba(255, 255, 255, 0);\">\u00a0<\/span><span style=\"letter-spacing: var(--the7-base-letter-spacing); text-transform: var(--the7-base-text-transform); word-spacing: normal; color: #4b4b4d; font-family: futura-pt, Futura, sans-serif; font-size: 18px; background-color: rgba(255, 255, 255, 0);\">y<\/span><span style=\"letter-spacing: var(--the7-base-letter-spacing); text-transform: var(--the7-base-text-transform); word-spacing: normal; color: #4b4b4d; font-family: futura-pt, Futura, sans-serif; font-size: 18px; background-color: rgba(255, 255, 255, 0);\">\u00a0<\/span><span style=\"letter-spacing: var(--the7-base-letter-spacing); text-transform: var(--the7-base-text-transform); word-spacing: normal; color: #4b4b4d; font-family: futura-pt, Futura, sans-serif; font-size: 18px; background-color: rgba(255, 255, 255, 0); font-weight: bolder;\">acuerdo<\/span><span style=\"letter-spacing: var(--the7-base-letter-spacing); text-transform: var(--the7-base-text-transform); word-spacing: normal; color: #4b4b4d; font-family: futura-pt, Futura, sans-serif; font-size: 18px; background-color: rgba(255, 255, 255, 0);\">\u00a0<\/span><span style=\"letter-spacing: var(--the7-base-letter-spacing); text-transform: var(--the7-base-text-transform); word-spacing: normal; color: #4b4b4d; font-family: futura-pt, Futura, sans-serif; font-size: 18px; background-color: rgba(255, 255, 255, 0);\">entre diferentes participantes. Adem\u00e1s de promover<\/span><span style=\"letter-spacing: var(--the7-base-letter-spacing); text-transform: var(--the7-base-text-transform); word-spacing: normal; color: #4b4b4d; font-family: futura-pt, Futura, sans-serif; font-size: 18px; background-color: rgba(255, 255, 255, 0);\">\u00a0<\/span><span style=\"letter-spacing: var(--the7-base-letter-spacing); text-transform: var(--the7-base-text-transform); word-spacing: normal; color: #4b4b4d; font-family: futura-pt, Futura, sans-serif; font-size: 18px; background-color: rgba(255, 255, 255, 0); font-weight: bolder;\">confianza, autoconfianza<\/span><span style=\"letter-spacing: var(--the7-base-letter-spacing); text-transform: var(--the7-base-text-transform); word-spacing: normal; color: #4b4b4d; font-family: futura-pt, Futura, sans-serif; font-size: 18px; background-color: rgba(255, 255, 255, 0);\">\u00a0<\/span><span style=\"letter-spacing: var(--the7-base-letter-spacing); text-transform: var(--the7-base-text-transform); word-spacing: normal; color: #4b4b4d; font-family: futura-pt, Futura, sans-serif; font-size: 18px; background-color: rgba(255, 255, 255, 0);\">y<\/span><span style=\"letter-spacing: var(--the7-base-letter-spacing); text-transform: var(--the7-base-text-transform); word-spacing: normal; color: #4b4b4d; font-family: futura-pt, Futura, sans-serif; font-size: 18px; background-color: rgba(255, 255, 255, 0);\">\u00a0<\/span><span style=\"letter-spacing: var(--the7-base-letter-spacing); text-transform: var(--the7-base-text-transform); word-spacing: normal; color: #4b4b4d; font-family: futura-pt, Futura, sans-serif; font-size: 18px; background-color: rgba(255, 255, 255, 0); font-weight: bolder;\">comunicaci\u00f3n<\/span><span style=\"letter-spacing: var(--the7-base-letter-spacing); text-transform: var(--the7-base-text-transform); word-spacing: normal; color: #4b4b4d; font-family: futura-pt, Futura, sans-serif; font-size: 18px; background-color: rgba(255, 255, 255, 0);\">.\u00a0<br \/><\/span><span style=\"color: #000000; font-family: raleway, sans-serif; white-space-collapse: preserve-breaks; background-color: rgba(255, 255, 255, 0); letter-spacing: var(--the7-base-letter-spacing); text-transform: var(--the7-base-text-transform); word-spacing: normal;\">Nuestra misi\u00f3n est\u00e1 centrada en brindar herramientas a trav\u00e9s de las actividades creadas especificamente para desarrollar habilidades y competencias de los equipos de trabajo, en un clima de confianza y al mismo tiempo desafiante. <\/span><\/p>\t\t\t\t\t\t\t\t<\/div>\n\t\t\t\t<\/div>\n\t\t\t\t\t<\/div>\n\t\t<\/div>\n\t\t\t\t\t<\/div>\n\t\t<\/section>\n\t\t\t\t<\/div>\n\t\t","protected":false},"excerpt":{"rendered":"<p>Workshops in Company Servicio a Organizaciones, Empresas e Instituciones. Los workshops realizados por el estudio se pueden utilizar para muchas situaciones diferentes, desde definir y acordar planes estrat\u00e9gicos, identificar y priorizar requisitos, tomar decisiones, asi como tambi\u00e9n para resolver problemas complejos de un sector. Tambi\u00e9n se puden implementar para\u00a0cualquier situaci\u00f3n en la que necesitemos elevar&hellip;<\/p>\n","protected":false},"author":1,"featured_media":0,"parent":0,"menu_order":0,"comment_status":"closed","ping_status":"closed","template":"","meta":{"_joinchat":[],"footnotes":""},"class_list":["post-3673","page","type-page","status-publish","hentry"],"_links":{"self":[{"href":"https:\/\/estudioinesmoreno.com.ar\/estudio\/wp-json\/wp\/v2\/pages\/3673","targetHints":{"allow":["GET"]}}],"collection":[{"href":"https:\/\/estudioinesmoreno.com.ar\/estudio\/wp-json\/wp\/v2\/pages"}],"about":[{"href":"https:\/\/estudioinesmoreno.com.ar\/estudio\/wp-json\/wp\/v2\/types\/page"}],"author":[{"embeddable":true,"href":"https:\/\/estudioinesmoreno.com.ar\/estudio\/wp-json\/wp\/v2\/users\/1"}],"replies":[{"embeddable":true,"href":"https:\/\/estudioinesmoreno.com.ar\/estudio\/wp-json\/wp\/v2\/comments?post=3673"}],"version-history":[{"count":18,"href":"https:\/\/estudioinesmoreno.com.ar\/estudio\/wp-json\/wp\/v2\/pages\/3673\/revisions"}],"predecessor-version":[{"id":12443,"href":"https:\/\/estudioinesmoreno.com.ar\/estudio\/wp-json\/wp\/v2\/pages\/3673\/revisions\/12443"}],"wp:attachment":[{"href":"https:\/\/estudioinesmoreno.com.ar\/estudio\/wp-json\/wp\/v2\/media?parent=3673"}],"curies":[{"name":"wp","href":"https:\/\/api.w.org\/{rel}","templated":true}]}}