{"id":3077,"date":"2016-03-31T20:35:55","date_gmt":"2016-03-31T20:35:55","guid":{"rendered":"http:\/\/www.inesmoreno.com.ar\/estudio\/?page_id=2974"},"modified":"2023-11-28T10:37:25","modified_gmt":"2023-11-28T13:37:25","slug":"como-pensamos","status":"publish","type":"page","link":"https:\/\/estudioinesmoreno.com.ar\/estudio\/nosotros\/como-pensamos\/","title":{"rendered":"\u00bfC\u00f3mo Pensamos?"},"content":{"rendered":"\t\t<div data-elementor-type=\"wp-page\" data-elementor-id=\"3077\" class=\"elementor elementor-3077\" data-elementor-post-type=\"page\">\n\t\t\t\t\t\t<section class=\"elementor-section elementor-top-section elementor-element elementor-element-1f88b511 elementor-section-content-middle elementor-section-stretched elementor-section-boxed elementor-section-height-default elementor-section-height-default\" data-id=\"1f88b511\" data-element_type=\"section\" data-e-type=\"section\" data-settings=\"{&quot;stretch_section&quot;:&quot;section-stretched&quot;}\">\n\t\t\t\t\t\t<div class=\"elementor-container elementor-column-gap-wider\">\n\t\t\t\t\t<div class=\"elementor-column elementor-col-100 elementor-top-column elementor-element elementor-element-567df0db\" data-id=\"567df0db\" data-element_type=\"column\" data-e-type=\"column\">\n\t\t\t<div class=\"elementor-widget-wrap elementor-element-populated\">\n\t\t\t\t\t\t<div class=\"elementor-element elementor-element-56a20109 elementor-widget elementor-widget-text-editor\" data-id=\"56a20109\" data-element_type=\"widget\" data-e-type=\"widget\" data-widget_type=\"text-editor.default\">\n\t\t\t\t<div class=\"elementor-widget-container\">\n\t\t\t\t\t\t\t\t\t<p>Concebimos al Hombre como un ser total, por ello cada una de nuestras alternativas contiene el abordaje integral y simult\u00e1neo del participante:<\/p><ul><li><strong>como persona<\/strong><\/li><li><strong>como profesional<\/strong><\/li><\/ul><p>Entendemos que el aprender debe darse en un clima de libertad, cooperaci\u00f3n, indagaci\u00f3n, intercambio:<\/p><ul><li><strong>con uno mismo<\/strong><\/li><li><strong>con los otros<\/strong><\/li><\/ul><p>Fundamentalmente nos proponemos que cada situaci\u00f3n compartida logre la coherencia entre el:<\/p><p align=\"center\"><strong>Pensar, Sentir, Hacer.<\/strong><\/p><p>Integramos la investigaci\u00f3n-acci\u00f3n, como instrumento para conocer y operar en la realidad. Somos especialistas en utilizar el Juego como un poderoso instrumento que permite a cada persona lograr el descubrimiento y la transformaci\u00f3n de sus conductas. El Juego llega muy especialmente al campo de las <strong>ACTITUDES<\/strong> que son motor en el proceso de cambio. Hoy no basta saber m\u00e1s si internamente la persona no est\u00e1 preparada para <strong>SER<\/strong> en el cambio.<\/p><h4>\u00bfQu\u00e9 Nos Distingue?<\/h4><p>Nos disitingue:<\/p><blockquote><p>Nuestros <strong>objetivos<\/strong> pues buscamos, cualquiera sea la propuesta, aportar al desarrollo pleno de las personas que participan.<\/p><\/blockquote><p>Nos distingue:<\/p><blockquote><p>Nuestros <strong>contenidos<\/strong> pues trabajamos con temas que permiten resolver los problemas del nuevo siglo.<\/p><\/blockquote><p>Nos distingue:<\/p><blockquote><p>Nuestra <strong>permanente b\u00fasqueda.<\/strong> Que requiere una actualizaci\u00f3n e indagaci\u00f3n de ideas nuevas.<\/p><\/blockquote><p>Nos distingue:<\/p><blockquote><p>Nuestra <strong>metodolog\u00eda<\/strong> pues utilizamos t\u00e9cnicas l\u00fadicas y no convencionales que permiten partir de la vivencia para llegar a la teor\u00eda. Aplicamos en cada tema la construcci\u00f3n del conocimiento y del rol integrando simult\u00e1neamente el:<\/p><p align=\"center\"><strong>Pensar &#8211; Sentir &#8211; Hacer<\/strong><\/p><\/blockquote><p align=\"left\">Nos distingue:<\/p><blockquote><p align=\"left\">Compromiso, Creatividad, Pasi\u00f3n, en todo aquello que pensamos, sentimos, hacemos.<\/p><\/blockquote>\t\t\t\t\t\t\t\t<\/div>\n\t\t\t\t<\/div>\n\t\t\t\t\t<\/div>\n\t\t<\/div>\n\t\t\t\t\t<\/div>\n\t\t<\/section>\n\t\t\t\t<\/div>\n\t\t","protected":false},"excerpt":{"rendered":"<p>Concebimos al Hombre como un ser total, por ello cada una de nuestras alternativas contiene el abordaje integral y simult\u00e1neo del participante: como persona como profesional Entendemos que el aprender debe darse en un clima de libertad, cooperaci\u00f3n, indagaci\u00f3n, intercambio: con uno mismo con los otros Fundamentalmente nos proponemos que cada situaci\u00f3n compartida logre la&hellip;<\/p>\n","protected":false},"author":1,"featured_media":0,"parent":12009,"menu_order":0,"comment_status":"closed","ping_status":"closed","template":"","meta":{"_joinchat":[],"footnotes":""},"class_list":["post-3077","page","type-page","status-publish","hentry"],"_links":{"self":[{"href":"https:\/\/estudioinesmoreno.com.ar\/estudio\/wp-json\/wp\/v2\/pages\/3077","targetHints":{"allow":["GET"]}}],"collection":[{"href":"https:\/\/estudioinesmoreno.com.ar\/estudio\/wp-json\/wp\/v2\/pages"}],"about":[{"href":"https:\/\/estudioinesmoreno.com.ar\/estudio\/wp-json\/wp\/v2\/types\/page"}],"author":[{"embeddable":true,"href":"https:\/\/estudioinesmoreno.com.ar\/estudio\/wp-json\/wp\/v2\/users\/1"}],"replies":[{"embeddable":true,"href":"https:\/\/estudioinesmoreno.com.ar\/estudio\/wp-json\/wp\/v2\/comments?post=3077"}],"version-history":[{"count":9,"href":"https:\/\/estudioinesmoreno.com.ar\/estudio\/wp-json\/wp\/v2\/pages\/3077\/revisions"}],"predecessor-version":[{"id":12767,"href":"https:\/\/estudioinesmoreno.com.ar\/estudio\/wp-json\/wp\/v2\/pages\/3077\/revisions\/12767"}],"up":[{"embeddable":true,"href":"https:\/\/estudioinesmoreno.com.ar\/estudio\/wp-json\/wp\/v2\/pages\/12009"}],"wp:attachment":[{"href":"https:\/\/estudioinesmoreno.com.ar\/estudio\/wp-json\/wp\/v2\/media?parent=3077"}],"curies":[{"name":"wp","href":"https:\/\/api.w.org\/{rel}","templated":true}]}}