{"id":3076,"date":"2016-03-31T20:34:54","date_gmt":"2016-03-31T20:34:54","guid":{"rendered":"http:\/\/www.inesmoreno.com.ar\/estudio\/?page_id=2971"},"modified":"2023-11-28T10:37:53","modified_gmt":"2023-11-28T13:37:53","slug":"quienes-somos","status":"publish","type":"page","link":"https:\/\/estudioinesmoreno.com.ar\/estudio\/nosotros\/quienes-somos\/","title":{"rendered":"\u00bfQui\u00e9nes Somos?"},"content":{"rendered":"\t\t<div data-elementor-type=\"wp-page\" data-elementor-id=\"3076\" class=\"elementor elementor-3076\" data-elementor-post-type=\"page\">\n\t\t\t\t\t\t<section class=\"elementor-section elementor-top-section elementor-element elementor-element-2495cabd elementor-section-boxed elementor-section-height-default elementor-section-height-default\" data-id=\"2495cabd\" data-element_type=\"section\" data-e-type=\"section\">\n\t\t\t\t\t\t<div class=\"elementor-container elementor-column-gap-default\">\n\t\t\t\t\t<div class=\"elementor-column elementor-col-100 elementor-top-column elementor-element elementor-element-47ce0444\" data-id=\"47ce0444\" data-element_type=\"column\" data-e-type=\"column\">\n\t\t\t<div class=\"elementor-widget-wrap elementor-element-populated\">\n\t\t\t\t\t\t<div class=\"elementor-element elementor-element-541e1b7e elementor-widget elementor-widget-text-editor\" data-id=\"541e1b7e\" data-element_type=\"widget\" data-e-type=\"widget\" data-widget_type=\"text-editor.default\">\n\t\t\t\t<div class=\"elementor-widget-container\">\n\t\t\t\t\t\t\t\t\t\n<p>El <strong>estudio in\u00e9s moreno<\/strong> es una instituci\u00f3n reconocida en nuestro pa\u00eds y en el exterior por desarrollar el Juego y la\u00a0 Creatividad en diversas \u00e1reas: educaci\u00f3n, empresa, salud, trabajo comunitario, cultura. Desde sus inicios en 1977 fue pionera en implementar una metodolog\u00eda de trabajo basada en t\u00e9cnicas no convencionales para el desarrollo de las personas, grupos y organizaciones.<\/p>\n\n<h4 class=\"wp-block-heading\">Un Poco de Historia<\/h4>\n\n<p>El Estudio nace en 1977 a trav\u00e9s de Grupos de estudio constituidos por estudiantes universitarios y profesionales que buscaron en la Profesora In\u00e9s Moreno un referente para el abordaje de temas que no se inclu\u00edan en las instituciones de Educaci\u00f3n Formal. As\u00ed toma su nombre, pues los participantes durante los primeros a\u00f1os dec\u00edan:- \u00abvamos al estudio de In\u00e9s Moreno\u00bb-.<\/p>\n\n<p>Con los a\u00f1os las actividades crecieron y tambi\u00e9n se formalizaron. El Estudio fu\u00e9 construy\u00e9ndose como una Organizaci\u00f3n pero sin perder la esencia de su creaci\u00f3n: la tarea artesanal del trabajo de persona a persona. Profesionales, artistas, funcionarios gubernamentales, empresarios han encontrado y encuentran en el Estudio un lugar de capacitaci\u00f3n y entrenamiento.<\/p>\n\n<p>Hemos crecido como personas y como organizaci\u00f3n. Las actividades se han multiplicado y hemos abierto nuevos programas de trabajo de nivel nacional e internacional. Tambi\u00e9n se han extendido las actividades de docencia en nuestras sedes, en el interior y exterior del pa\u00eds.<\/p>\n\n<p>Hemos obtenido reconocimiento internacional como producto de nuestro documentos y workshops presentados en congresos y reuniones acad\u00e9micas. Los resultados de la tarea est\u00e1n en todos aquellos que transitan por el estudio y en cada proyecto a nivel municipal, provincial, nacional e internacional a trav\u00e9s de instituciones p\u00fablicas y privadas.<\/p>\n\t\t\t\t\t\t\t\t<\/div>\n\t\t\t\t<\/div>\n\t\t\t\t\t<\/div>\n\t\t<\/div>\n\t\t\t\t\t<\/div>\n\t\t<\/section>\n\t\t\t\t<\/div>\n\t\t","protected":false},"excerpt":{"rendered":"<p>El estudio in\u00e9s moreno es una instituci\u00f3n reconocida en nuestro pa\u00eds y en el exterior por desarrollar el Juego y la\u00a0 Creatividad en diversas \u00e1reas: educaci\u00f3n, empresa, salud, trabajo comunitario, cultura. Desde sus inicios en 1977 fue pionera en implementar una metodolog\u00eda de trabajo basada en t\u00e9cnicas no convencionales para el desarrollo de las personas,&hellip;<\/p>\n","protected":false},"author":1,"featured_media":0,"parent":12009,"menu_order":0,"comment_status":"closed","ping_status":"closed","template":"","meta":{"_joinchat":[],"footnotes":""},"class_list":["post-3076","page","type-page","status-publish","hentry"],"_links":{"self":[{"href":"https:\/\/estudioinesmoreno.com.ar\/estudio\/wp-json\/wp\/v2\/pages\/3076","targetHints":{"allow":["GET"]}}],"collection":[{"href":"https:\/\/estudioinesmoreno.com.ar\/estudio\/wp-json\/wp\/v2\/pages"}],"about":[{"href":"https:\/\/estudioinesmoreno.com.ar\/estudio\/wp-json\/wp\/v2\/types\/page"}],"author":[{"embeddable":true,"href":"https:\/\/estudioinesmoreno.com.ar\/estudio\/wp-json\/wp\/v2\/users\/1"}],"replies":[{"embeddable":true,"href":"https:\/\/estudioinesmoreno.com.ar\/estudio\/wp-json\/wp\/v2\/comments?post=3076"}],"version-history":[{"count":7,"href":"https:\/\/estudioinesmoreno.com.ar\/estudio\/wp-json\/wp\/v2\/pages\/3076\/revisions"}],"predecessor-version":[{"id":6043,"href":"https:\/\/estudioinesmoreno.com.ar\/estudio\/wp-json\/wp\/v2\/pages\/3076\/revisions\/6043"}],"up":[{"embeddable":true,"href":"https:\/\/estudioinesmoreno.com.ar\/estudio\/wp-json\/wp\/v2\/pages\/12009"}],"wp:attachment":[{"href":"https:\/\/estudioinesmoreno.com.ar\/estudio\/wp-json\/wp\/v2\/media?parent=3076"}],"curies":[{"name":"wp","href":"https:\/\/api.w.org\/{rel}","templated":true}]}}