{"id":3075,"date":"2016-03-31T20:33:29","date_gmt":"2016-03-31T20:33:29","guid":{"rendered":"http:\/\/www.inesmoreno.com.ar\/estudio\/?page_id=2968"},"modified":"2023-11-28T10:44:04","modified_gmt":"2023-11-28T13:44:04","slug":"carta-de-la-directora","status":"publish","type":"page","link":"https:\/\/estudioinesmoreno.com.ar\/estudio\/nosotros\/carta-de-la-directora\/","title":{"rendered":"Carta de la Directora"},"content":{"rendered":"\t\t<div data-elementor-type=\"wp-page\" data-elementor-id=\"3075\" class=\"elementor elementor-3075\" data-elementor-post-type=\"page\">\n\t\t\t\t\t\t<section class=\"elementor-section elementor-top-section elementor-element elementor-element-1aa7fd21 elementor-section-content-middle elementor-section-stretched elementor-section-boxed elementor-section-height-default elementor-section-height-default\" data-id=\"1aa7fd21\" data-element_type=\"section\" data-e-type=\"section\" data-settings=\"{&quot;stretch_section&quot;:&quot;section-stretched&quot;}\">\n\t\t\t\t\t\t<div class=\"elementor-container elementor-column-gap-wider\">\n\t\t\t\t\t<div class=\"elementor-column elementor-col-100 elementor-top-column elementor-element elementor-element-56e38100\" data-id=\"56e38100\" data-element_type=\"column\" data-e-type=\"column\">\n\t\t\t<div class=\"elementor-widget-wrap elementor-element-populated\">\n\t\t\t\t\t\t<div class=\"elementor-element elementor-element-747e79c8 elementor-widget elementor-widget-text-editor\" data-id=\"747e79c8\" data-element_type=\"widget\" data-e-type=\"widget\" data-widget_type=\"text-editor.default\">\n\t\t\t\t<div class=\"elementor-widget-container\">\n\t\t\t\t\t\t\t\t\t<p><img fetchpriority=\"high\" decoding=\"async\" class=\"wp-image-6782 size-medium alignleft\" src=\"https:\/\/estudioinesmoreno.com.ar\/estudio\/wp-content\/uploads\/2023\/01\/inesmoreno2022-204x300.jpg\" alt=\"ines moreno\" width=\"204\" height=\"300\" srcset=\"https:\/\/estudioinesmoreno.com.ar\/estudio\/wp-content\/uploads\/2023\/01\/inesmoreno2022-204x300.jpg 204w, https:\/\/estudioinesmoreno.com.ar\/estudio\/wp-content\/uploads\/2023\/01\/inesmoreno2022.jpg 340w\" sizes=\"(max-width: 204px) 100vw, 204px\" \/>Estimado Amigo:<\/p><p>Si abre por primera vez esta p\u00e1gina: <strong>BIENVENIDO!!!<\/strong><\/p><p>En ella tendr\u00e1 una s\u00edntesis de nuestras actividades y un\u00a0 muy breve resumen de experiencias desarrolladas a lo largo de m\u00e1s de 40 a\u00f1os de labor en nuestro pa\u00eds y en el exterior.<\/p><p>Es muy dif\u00edcil transmitir con palabras\u00a0o en im\u00e1genes todo el camino recorrido desde 1977 y la extensi\u00f3n de las actividades en la actualidad. M\u00e1s dif\u00edcil a\u00fan es transmitir por este medio lo que constituye una profunda experiencia de formaci\u00f3n personal y profesional para quienes deciden emprender este camino.<\/p><p>Decidimos entonces, a quien se asome por primera vez a nuestra p\u00e1gina no abrumarlos con palabras e invitarlo a conocernos.<\/p><p>Que este primer acercamiento se constituya en una carta de identidad, pero lo m\u00e1s importante podr\u00e1 comprenderlo en forma personal.<\/p><p>Nuestro mayor orgullo es que usted se sienta recibido con afecto en nuestro estudio que es<\/p><p><strong><em>\u00abUn lugar para vivenciar, pensar, crear, crecer, como Personas, como Profesionales\u00bb<\/em><\/strong><\/p><p>\u00a1Este tambi\u00e9n es su lugar!<\/p><p align=\"right\"><strong>Profesora In\u00e9s Moreno<br \/><\/strong><\/p>\t\t\t\t\t\t\t\t<\/div>\n\t\t\t\t<\/div>\n\t\t\t\t\t<\/div>\n\t\t<\/div>\n\t\t\t\t\t<\/div>\n\t\t<\/section>\n\t\t\t\t<\/div>\n\t\t","protected":false},"excerpt":{"rendered":"<p>Estimado Amigo: Si abre por primera vez esta p\u00e1gina: BIENVENIDO!!! En ella tendr\u00e1 una s\u00edntesis de nuestras actividades y un\u00a0 muy breve resumen de experiencias desarrolladas a lo largo de m\u00e1s de 40 a\u00f1os de labor en nuestro pa\u00eds y en el exterior. Es muy dif\u00edcil transmitir con palabras\u00a0o en im\u00e1genes todo el camino recorrido&hellip;<\/p>\n","protected":false},"author":1,"featured_media":0,"parent":12009,"menu_order":0,"comment_status":"closed","ping_status":"closed","template":"","meta":{"_joinchat":[],"footnotes":""},"class_list":["post-3075","page","type-page","status-publish","hentry"],"_links":{"self":[{"href":"https:\/\/estudioinesmoreno.com.ar\/estudio\/wp-json\/wp\/v2\/pages\/3075","targetHints":{"allow":["GET"]}}],"collection":[{"href":"https:\/\/estudioinesmoreno.com.ar\/estudio\/wp-json\/wp\/v2\/pages"}],"about":[{"href":"https:\/\/estudioinesmoreno.com.ar\/estudio\/wp-json\/wp\/v2\/types\/page"}],"author":[{"embeddable":true,"href":"https:\/\/estudioinesmoreno.com.ar\/estudio\/wp-json\/wp\/v2\/users\/1"}],"replies":[{"embeddable":true,"href":"https:\/\/estudioinesmoreno.com.ar\/estudio\/wp-json\/wp\/v2\/comments?post=3075"}],"version-history":[{"count":21,"href":"https:\/\/estudioinesmoreno.com.ar\/estudio\/wp-json\/wp\/v2\/pages\/3075\/revisions"}],"predecessor-version":[{"id":11954,"href":"https:\/\/estudioinesmoreno.com.ar\/estudio\/wp-json\/wp\/v2\/pages\/3075\/revisions\/11954"}],"up":[{"embeddable":true,"href":"https:\/\/estudioinesmoreno.com.ar\/estudio\/wp-json\/wp\/v2\/pages\/12009"}],"wp:attachment":[{"href":"https:\/\/estudioinesmoreno.com.ar\/estudio\/wp-json\/wp\/v2\/media?parent=3075"}],"curies":[{"name":"wp","href":"https:\/\/api.w.org\/{rel}","templated":true}]}}