{"id":12714,"date":"2023-11-24T12:58:35","date_gmt":"2023-11-24T15:58:35","guid":{"rendered":"https:\/\/estudioinesmoreno.com.ar\/estudio\/?page_id=12714"},"modified":"2023-11-24T12:58:35","modified_gmt":"2023-11-24T15:58:35","slug":"formacion-y-entrenamiento-de-capacitadores-con-tecnicas-ludicas","status":"publish","type":"page","link":"https:\/\/estudioinesmoreno.com.ar\/estudio\/formacion-y-entrenamiento-de-capacitadores-con-tecnicas-ludicas\/","title":{"rendered":"FORMACI\u00d3N y ENTRENAMIENTO de CAPACITADORES con t\u00e9cnicas l\u00fadicas"},"content":{"rendered":"","protected":false},"excerpt":{"rendered":"","protected":false},"author":1,"featured_media":0,"parent":0,"menu_order":0,"comment_status":"closed","ping_status":"closed","template":"","meta":{"_joinchat":[],"footnotes":""},"class_list":["post-12714","page","type-page","status-publish","hentry","description-off"],"_links":{"self":[{"href":"https:\/\/estudioinesmoreno.com.ar\/estudio\/wp-json\/wp\/v2\/pages\/12714","targetHints":{"allow":["GET"]}}],"collection":[{"href":"https:\/\/estudioinesmoreno.com.ar\/estudio\/wp-json\/wp\/v2\/pages"}],"about":[{"href":"https:\/\/estudioinesmoreno.com.ar\/estudio\/wp-json\/wp\/v2\/types\/page"}],"author":[{"embeddable":true,"href":"https:\/\/estudioinesmoreno.com.ar\/estudio\/wp-json\/wp\/v2\/users\/1"}],"replies":[{"embeddable":true,"href":"https:\/\/estudioinesmoreno.com.ar\/estudio\/wp-json\/wp\/v2\/comments?post=12714"}],"version-history":[{"count":1,"href":"https:\/\/estudioinesmoreno.com.ar\/estudio\/wp-json\/wp\/v2\/pages\/12714\/revisions"}],"predecessor-version":[{"id":12715,"href":"https:\/\/estudioinesmoreno.com.ar\/estudio\/wp-json\/wp\/v2\/pages\/12714\/revisions\/12715"}],"wp:attachment":[{"href":"https:\/\/estudioinesmoreno.com.ar\/estudio\/wp-json\/wp\/v2\/media?parent=12714"}],"curies":[{"name":"wp","href":"https:\/\/api.w.org\/{rel}","templated":true}]}}