{"id":12686,"date":"2023-11-24T12:25:49","date_gmt":"2023-11-24T15:25:49","guid":{"rendered":"https:\/\/estudioinesmoreno.com.ar\/estudio\/?page_id=12686"},"modified":"2023-12-05T18:04:17","modified_gmt":"2023-12-05T21:04:17","slug":"entrenamiento-de-ludotecarios","status":"publish","type":"page","link":"https:\/\/estudioinesmoreno.com.ar\/estudio\/entrenamiento-de-ludotecarios\/","title":{"rendered":"Entrenamiento de Ludotecarios"},"content":{"rendered":"\t\t<div data-elementor-type=\"wp-page\" data-elementor-id=\"12686\" class=\"elementor elementor-12686\" data-elementor-post-type=\"page\">\n\t\t\t\t\t\t<section class=\"elementor-section elementor-top-section elementor-element elementor-element-8eafd28 elementor-section-boxed elementor-section-height-default elementor-section-height-default\" data-id=\"8eafd28\" data-element_type=\"section\" data-e-type=\"section\">\n\t\t\t\t\t\t<div class=\"elementor-container elementor-column-gap-default\">\n\t\t\t\t\t<div class=\"elementor-column elementor-col-100 elementor-top-column elementor-element elementor-element-993e663\" data-id=\"993e663\" data-element_type=\"column\" data-e-type=\"column\">\n\t\t\t<div class=\"elementor-widget-wrap elementor-element-populated\">\n\t\t\t\t\t\t<div class=\"elementor-element elementor-element-77a688c elementor-widget elementor-widget-heading\" data-id=\"77a688c\" data-element_type=\"widget\" data-e-type=\"widget\" data-widget_type=\"heading.default\">\n\t\t\t\t<div class=\"elementor-widget-container\">\n\t\t\t\t\t<h2 class=\"elementor-heading-title elementor-size-default\">Programa de Trabajo Virtual Anual<\/h2>\t\t\t\t<\/div>\n\t\t\t\t<\/div>\n\t\t\t\t\t<\/div>\n\t\t<\/div>\n\t\t\t\t\t<\/div>\n\t\t<\/section>\n\t\t\t\t<section class=\"elementor-section elementor-top-section elementor-element elementor-element-de387cc elementor-section-boxed elementor-section-height-default elementor-section-height-default\" data-id=\"de387cc\" data-element_type=\"section\" data-e-type=\"section\">\n\t\t\t\t\t\t<div class=\"elementor-container elementor-column-gap-default\">\n\t\t\t\t\t<div class=\"elementor-column elementor-col-100 elementor-top-column elementor-element elementor-element-62f50d8\" data-id=\"62f50d8\" data-element_type=\"column\" data-e-type=\"column\">\n\t\t\t<div class=\"elementor-widget-wrap elementor-element-populated\">\n\t\t\t\t\t\t<div class=\"elementor-element elementor-element-9cb7dd9 elementor-widget elementor-widget-text-editor\" data-id=\"9cb7dd9\" data-element_type=\"widget\" data-e-type=\"widget\" data-widget_type=\"text-editor.default\">\n\t\t\t\t<div class=\"elementor-widget-container\">\n\t\t\t\t\t\t\t\t\t<p>\u00a0<\/p><p>DE MAYO A DICIEMBRE. 2 CLASES POR MES. Por cuatrimestre se realizar\u00e1 1 clase presencial en el estudio. (CABA)<\/p><p><strong><u>OBJETIVOS:<\/u><\/strong><\/p><ul><li>Conocer, incorporar e implementar el conceto ESPACIO DE JUEGO.<\/li><li>Comprender la importancia de la ludoteca como dispositivo transformador en sus dimensiones: Individual, grupal, comunitaria.<\/li><li>Conocer los aspectos involucrados en el armado y gesti\u00f3n de la ludoteca de acuerdo a objetivos previamente planteados.<\/li><li>Analizar los fundamentos te\u00f3ricos- pr\u00e1cticos que sustentan los proyectos y programas de ludotecas.<\/li><li>Dise\u00f1ar le implementar los espacios y juegos- juguetes aplicando los conceptos y t\u00e9cnicas del curso.<\/li><li>Planear y desarrollar actividades que tengan como eje el juego.<\/li><li>Entrenar os aspectos cognitivos, procedimentales y actitudinales que construyen el rol del ludotecario<\/li><\/ul><p><strong><u>CONTENIDOS:<\/u><\/strong><\/p><ul><li><strong><u>LA LUDOTECA HOY: una mirada desde espacio.<\/u><\/strong><\/li><li><strong><u>De las propuestas rutinarias a innovadoras<\/u><\/strong>:\u00a0<\/li><li>De nuestro PAIS\/ Experiencias en fuera del pa\u00eds Brasil, Per\u00fa y Espa\u00f1a.<\/li><\/ul><ul><li><strong><u>DE LOS PROYECTOS A LA ACCION:<\/u><\/strong><\/li><li>La estructura y armado: variables intervinientes.<\/li><li>\u00a0<\/li><li><strong><u>LOS MATERIALES<\/u><\/strong><strong>:<\/strong><\/li><li>Los juegos y juguetes: caracter\u00edsticas, elecci\u00f3n.<\/li><li><strong><u>LAS ACTIVIDADES EN LA LUDOTECA.<\/u><\/strong><\/li><li>El \u201ccomo si\u201d. Juego y creatividad.<\/li><li>\u00a0<\/li><\/ul><p><strong><u>\u00a0<\/u><\/strong><\/p><ul><li><strong><u>EL ROL DEL LUDOTECARIO.<\/u><\/strong><\/li><li>Funciones del ludotecario desde la visi\u00f3n innovadora. Formaci\u00f3n.<\/li><li>\u00a0<\/li><\/ul><p><strong><u>MODALIDAD<\/u><\/strong>:\u00a0Todos los cursos desarrollan la metodolog\u00eda que caracteriza a la instituci\u00f3n:\u00a0<em>de la vivencia a la elaboraci\u00f3n\u00a0<\/em>a trav\u00e9s de juegos y t\u00e9cnicas no convencionales unidas a un s\u00f3lido marco te\u00f3rico que articula un abanico de aportes te\u00f3ricos con 45 a\u00f1os de experiencia en la formaci\u00f3n<strong><em>\u00a0de personas y profesionales<\/em><\/strong><\/p>\t\t\t\t\t\t\t\t<\/div>\n\t\t\t\t<\/div>\n\t\t\t\t\t<\/div>\n\t\t<\/div>\n\t\t\t\t\t<\/div>\n\t\t<\/section>\n\t\t\t\t<\/div>\n\t\t","protected":false},"excerpt":{"rendered":"<p>Programa de Trabajo Virtual Anual \u00a0 DE MAYO A DICIEMBRE. 2 CLASES POR MES. Por cuatrimestre se realizar\u00e1 1 clase presencial en el estudio. (CABA) OBJETIVOS: Conocer, incorporar e implementar el conceto ESPACIO DE JUEGO. Comprender la importancia de la ludoteca como dispositivo transformador en sus dimensiones: Individual, grupal, comunitaria. Conocer los aspectos involucrados en&hellip;<\/p>\n","protected":false},"author":1,"featured_media":0,"parent":0,"menu_order":0,"comment_status":"closed","ping_status":"closed","template":"","meta":{"_joinchat":[],"footnotes":""},"class_list":["post-12686","page","type-page","status-publish","hentry"],"_links":{"self":[{"href":"https:\/\/estudioinesmoreno.com.ar\/estudio\/wp-json\/wp\/v2\/pages\/12686","targetHints":{"allow":["GET"]}}],"collection":[{"href":"https:\/\/estudioinesmoreno.com.ar\/estudio\/wp-json\/wp\/v2\/pages"}],"about":[{"href":"https:\/\/estudioinesmoreno.com.ar\/estudio\/wp-json\/wp\/v2\/types\/page"}],"author":[{"embeddable":true,"href":"https:\/\/estudioinesmoreno.com.ar\/estudio\/wp-json\/wp\/v2\/users\/1"}],"replies":[{"embeddable":true,"href":"https:\/\/estudioinesmoreno.com.ar\/estudio\/wp-json\/wp\/v2\/comments?post=12686"}],"version-history":[{"count":4,"href":"https:\/\/estudioinesmoreno.com.ar\/estudio\/wp-json\/wp\/v2\/pages\/12686\/revisions"}],"predecessor-version":[{"id":12989,"href":"https:\/\/estudioinesmoreno.com.ar\/estudio\/wp-json\/wp\/v2\/pages\/12686\/revisions\/12989"}],"wp:attachment":[{"href":"https:\/\/estudioinesmoreno.com.ar\/estudio\/wp-json\/wp\/v2\/media?parent=12686"}],"curies":[{"name":"wp","href":"https:\/\/api.w.org\/{rel}","templated":true}]}}