{"id":12199,"date":"2023-11-08T10:51:34","date_gmt":"2023-11-08T13:51:34","guid":{"rendered":"https:\/\/estudioinesmoreno.com.ar\/estudio\/?page_id=12199"},"modified":"2025-10-23T10:47:33","modified_gmt":"2025-10-23T13:47:33","slug":"capacitacion-y-entrenamiento-desarrollo-personal","status":"publish","type":"page","link":"https:\/\/estudioinesmoreno.com.ar\/estudio\/capacitacion-y-entrenamiento-desarrollo-personal\/","title":{"rendered":"CAPACITACION y ENTRENAMIENTO &#8211; DESARROLLO PERSONAL"},"content":{"rendered":"\t\t<div data-elementor-type=\"wp-page\" data-elementor-id=\"12199\" class=\"elementor elementor-12199\" data-elementor-post-type=\"page\">\n\t\t\t\t\t\t<section class=\"elementor-section elementor-top-section elementor-element elementor-element-6011667b elementor-section-boxed elementor-section-height-default elementor-section-height-default\" data-id=\"6011667b\" data-element_type=\"section\" data-e-type=\"section\">\n\t\t\t\t\t\t<div class=\"elementor-container elementor-column-gap-default\">\n\t\t\t\t\t<div class=\"elementor-column elementor-col-100 elementor-top-column elementor-element elementor-element-4222fd0f\" data-id=\"4222fd0f\" data-element_type=\"column\" data-e-type=\"column\">\n\t\t\t<div class=\"elementor-widget-wrap elementor-element-populated\">\n\t\t\t\t\t\t<div class=\"elementor-element elementor-element-34b262fc elementor-widget elementor-widget-text-editor\" data-id=\"34b262fc\" data-element_type=\"widget\" data-e-type=\"widget\" data-widget_type=\"text-editor.default\">\n\t\t\t\t<div class=\"elementor-widget-container\">\n\t\t\t\t\t\t\t\t\t<p><\/p>\n<h3 class=\"wp-block-heading\">DESARROLLO PERSONAL<\/h3>\n<p><\/p>\n<p><\/p>\n<p>Sabemos que los adultos\u00a0 independientemente de su tarea o profesi\u00f3n tienen necesidades y expectativas de desarrollo m\u00e1s all\u00e1 de aquello que ofrece el sistema educativo a trav\u00e9s de carreras o posgrados.<\/p>\n<p><\/p>\n<p><\/p>\n<p>Brindamos propuestas centradas en la persona y su bienestar teniendo en cuenta todas las demandas de un contexto de cambio acelerado que provoca gran estr\u00e9s.<\/p>\n<p><\/p>\n<p><\/p>\n<p>Aplicamos t\u00e9cnicas no convencionales y l\u00fadicas para la construcci\u00f3n\u00a0 la adquisici\u00f3n de habilidades y\u00a0 el fortalecimiento de actitudes que permitan la coherencia entre\u00a0lo\u00a0que se piensa, siente y hace en grupos peque\u00f1os que permitan el intercambio en un clima de respeto y afecto.<\/p>\n<p><\/p>\n<p><\/p>\n<p>Cada a\u00f1o las propuestas var\u00edan, de acuerdo a las necesidades que emergen, siendo las m\u00e1s solicitadas:<\/p>\n<p><\/p>\n<p><!-- \/wp:list --><\/p>\t\t\t\t\t\t\t\t<\/div>\n\t\t\t\t<\/div>\n\t\t\t\t\t<\/div>\n\t\t<\/div>\n\t\t\t\t\t<\/div>\n\t\t<\/section>\n\t\t\t\t<section class=\"elementor-section elementor-top-section elementor-element elementor-element-e6bf522 elementor-section-boxed elementor-section-height-default elementor-section-height-default\" data-id=\"e6bf522\" data-element_type=\"section\" data-e-type=\"section\">\n\t\t\t\t\t\t<div class=\"elementor-container elementor-column-gap-default\">\n\t\t\t\t\t<div class=\"elementor-column elementor-col-25 elementor-top-column elementor-element elementor-element-d5aded1\" data-id=\"d5aded1\" data-element_type=\"column\" data-e-type=\"column\">\n\t\t\t<div class=\"elementor-widget-wrap elementor-element-populated\">\n\t\t\t\t\t\t<div class=\"elementor-element elementor-element-3f6406d elementor-align-center elementor-widget__width-initial elementor-widget elementor-widget-button\" data-id=\"3f6406d\" data-element_type=\"widget\" data-e-type=\"widget\" data-widget_type=\"button.default\">\n\t\t\t\t<div class=\"elementor-widget-container\">\n\t\t\t\t\t\t\t\t\t<div class=\"elementor-button-wrapper\">\n\t\t\t\t\t<a class=\"elementor-button elementor-button-link elementor-size-xl\" href=\"https:\/\/estudioinesmoreno.com.ar\/estudio\/inteligencia-emocional\/\">\n\t\t\t\t\t\t<span class=\"elementor-button-content-wrapper\">\n\t\t\t\t\t\t\t\t\t<span class=\"elementor-button-text\">INTELIGENCIA EMOCIONAL<\/span>\n\t\t\t\t\t<\/span>\n\t\t\t\t\t<\/a>\n\t\t\t\t<\/div>\n\t\t\t\t\t\t\t\t<\/div>\n\t\t\t\t<\/div>\n\t\t\t\t\t<\/div>\n\t\t<\/div>\n\t\t\t\t<div class=\"elementor-column elementor-col-25 elementor-top-column elementor-element elementor-element-e76738a\" data-id=\"e76738a\" data-element_type=\"column\" data-e-type=\"column\">\n\t\t\t<div class=\"elementor-widget-wrap elementor-element-populated\">\n\t\t\t\t\t\t<div class=\"elementor-element elementor-element-31e1d39 elementor-align-center elementor-widget__width-initial elementor-widget elementor-widget-button\" data-id=\"31e1d39\" data-element_type=\"widget\" data-e-type=\"widget\" data-widget_type=\"button.default\">\n\t\t\t\t<div class=\"elementor-widget-container\">\n\t\t\t\t\t\t\t\t\t<div class=\"elementor-button-wrapper\">\n\t\t\t\t\t<a class=\"elementor-button elementor-button-link elementor-size-xl\" href=\"https:\/\/estudioinesmoreno.com.ar\/estudio\/inteligencia-socio-emocional\/\">\n\t\t\t\t\t\t<span class=\"elementor-button-content-wrapper\">\n\t\t\t\t\t\t\t\t\t<span class=\"elementor-button-text\">INTELIGENCIA SOCIO-EMOCIONAL<\/span>\n\t\t\t\t\t<\/span>\n\t\t\t\t\t<\/a>\n\t\t\t\t<\/div>\n\t\t\t\t\t\t\t\t<\/div>\n\t\t\t\t<\/div>\n\t\t\t\t\t<\/div>\n\t\t<\/div>\n\t\t\t\t<div class=\"elementor-column elementor-col-25 elementor-top-column elementor-element elementor-element-32c75e7\" data-id=\"32c75e7\" data-element_type=\"column\" data-e-type=\"column\">\n\t\t\t<div class=\"elementor-widget-wrap elementor-element-populated\">\n\t\t\t\t\t\t<div class=\"elementor-element elementor-element-05296b4 elementor-align-center elementor-widget__width-initial elementor-widget elementor-widget-button\" data-id=\"05296b4\" data-element_type=\"widget\" data-e-type=\"widget\" data-widget_type=\"button.default\">\n\t\t\t\t<div class=\"elementor-widget-container\">\n\t\t\t\t\t\t\t\t\t<div class=\"elementor-button-wrapper\">\n\t\t\t\t\t<a class=\"elementor-button elementor-button-link elementor-size-xl\" href=\"https:\/\/estudioinesmoreno.com.ar\/estudio\/creatividad-y-desarrollo-personal-nivel-1-nivel-2\/\">\n\t\t\t\t\t\t<span class=\"elementor-button-content-wrapper\">\n\t\t\t\t\t\t\t\t\t<span class=\"elementor-button-text\">CREATIVIDAD y DESARROLLO PERSONAL<\/span>\n\t\t\t\t\t<\/span>\n\t\t\t\t\t<\/a>\n\t\t\t\t<\/div>\n\t\t\t\t\t\t\t\t<\/div>\n\t\t\t\t<\/div>\n\t\t\t\t\t<\/div>\n\t\t<\/div>\n\t\t\t\t<div class=\"elementor-column elementor-col-25 elementor-top-column elementor-element elementor-element-51d07b6\" data-id=\"51d07b6\" data-element_type=\"column\" data-e-type=\"column\">\n\t\t\t<div class=\"elementor-widget-wrap elementor-element-populated\">\n\t\t\t\t\t\t<div class=\"elementor-element elementor-element-59d8c86 elementor-align-center elementor-widget__width-initial elementor-widget elementor-widget-button\" data-id=\"59d8c86\" data-element_type=\"widget\" data-e-type=\"widget\" data-widget_type=\"button.default\">\n\t\t\t\t<div class=\"elementor-widget-container\">\n\t\t\t\t\t\t\t\t\t<div class=\"elementor-button-wrapper\">\n\t\t\t\t\t<a class=\"elementor-button elementor-button-link elementor-size-xl\" href=\"https:\/\/estudioinesmoreno.com.ar\/estudio\/grupo-de-juego\/\">\n\t\t\t\t\t\t<span class=\"elementor-button-content-wrapper\">\n\t\t\t\t\t\t\t\t\t<span class=\"elementor-button-text\">GRUPO de JUEGO<\/span>\n\t\t\t\t\t<\/span>\n\t\t\t\t\t<\/a>\n\t\t\t\t<\/div>\n\t\t\t\t\t\t\t\t<\/div>\n\t\t\t\t<\/div>\n\t\t\t\t\t<\/div>\n\t\t<\/div>\n\t\t\t\t\t<\/div>\n\t\t<\/section>\n\t\t\t\t<\/div>\n\t\t","protected":false},"excerpt":{"rendered":"<p>DESARROLLO PERSONAL Sabemos que los adultos\u00a0 independientemente de su tarea o profesi\u00f3n tienen necesidades y expectativas de desarrollo m\u00e1s all\u00e1 de aquello que ofrece el sistema educativo a trav\u00e9s de carreras o posgrados. Brindamos propuestas centradas en la persona y su bienestar teniendo en cuenta todas las demandas de un contexto de cambio acelerado que&hellip;<\/p>\n","protected":false},"author":4,"featured_media":0,"parent":0,"menu_order":0,"comment_status":"closed","ping_status":"closed","template":"","meta":{"_joinchat":[],"footnotes":""},"class_list":["post-12199","page","type-page","status-publish","hentry"],"_links":{"self":[{"href":"https:\/\/estudioinesmoreno.com.ar\/estudio\/wp-json\/wp\/v2\/pages\/12199","targetHints":{"allow":["GET"]}}],"collection":[{"href":"https:\/\/estudioinesmoreno.com.ar\/estudio\/wp-json\/wp\/v2\/pages"}],"about":[{"href":"https:\/\/estudioinesmoreno.com.ar\/estudio\/wp-json\/wp\/v2\/types\/page"}],"author":[{"embeddable":true,"href":"https:\/\/estudioinesmoreno.com.ar\/estudio\/wp-json\/wp\/v2\/users\/4"}],"replies":[{"embeddable":true,"href":"https:\/\/estudioinesmoreno.com.ar\/estudio\/wp-json\/wp\/v2\/comments?post=12199"}],"version-history":[{"count":16,"href":"https:\/\/estudioinesmoreno.com.ar\/estudio\/wp-json\/wp\/v2\/pages\/12199\/revisions"}],"predecessor-version":[{"id":12750,"href":"https:\/\/estudioinesmoreno.com.ar\/estudio\/wp-json\/wp\/v2\/pages\/12199\/revisions\/12750"}],"wp:attachment":[{"href":"https:\/\/estudioinesmoreno.com.ar\/estudio\/wp-json\/wp\/v2\/media?parent=12199"}],"curies":[{"name":"wp","href":"https:\/\/api.w.org\/{rel}","templated":true}]}}