{"id":12190,"date":"2023-11-08T10:48:53","date_gmt":"2023-11-08T13:48:53","guid":{"rendered":"https:\/\/estudioinesmoreno.com.ar\/estudio\/?page_id=12190"},"modified":"2025-10-23T10:47:33","modified_gmt":"2025-10-23T13:47:33","slug":"capacitacion-y-entrenamiento-conduccion-y-liderazgo","status":"publish","type":"page","link":"https:\/\/estudioinesmoreno.com.ar\/estudio\/capacitacion-y-entrenamiento-conduccion-y-liderazgo\/","title":{"rendered":"CAPACITACION y ENTRENAMIENTO &#8211; CONDUCCION Y LIDERAZGO"},"content":{"rendered":"\t\t<div data-elementor-type=\"wp-page\" data-elementor-id=\"12190\" class=\"elementor elementor-12190\" data-elementor-post-type=\"page\">\n\t\t\t\t\t\t<section class=\"elementor-section elementor-top-section elementor-element elementor-element-26ee7214 elementor-section-boxed elementor-section-height-default elementor-section-height-default\" data-id=\"26ee7214\" data-element_type=\"section\" data-e-type=\"section\">\n\t\t\t\t\t\t<div class=\"elementor-container elementor-column-gap-default\">\n\t\t\t\t\t<div class=\"elementor-column elementor-col-100 elementor-top-column elementor-element elementor-element-140b6876\" data-id=\"140b6876\" data-element_type=\"column\" data-e-type=\"column\">\n\t\t\t<div class=\"elementor-widget-wrap elementor-element-populated\">\n\t\t\t\t\t\t<div class=\"elementor-element elementor-element-626afc21 elementor-widget elementor-widget-text-editor\" data-id=\"626afc21\" data-element_type=\"widget\" data-e-type=\"widget\" data-widget_type=\"text-editor.default\">\n\t\t\t\t<div class=\"elementor-widget-container\">\n\t\t\t\t\t\t\t\t\t<p><\/p>\n<h3 class=\"wp-block-heading\"><br>CONDUCCI\u00d3N y LIDERAZGO<\/h3>\n<p><\/p>\n<p><\/p>\n<p>Ofrecemos propuestas que brindan aportes&nbsp;de las neurociencia, psicolog\u00eda organizacional, &nbsp;neurolingu\u00edstica, ontolog\u00eda del lenguaje, creatividad e innovaci\u00f3n, nuevos paradigmas en el management, entre otros, junto con la experiencia de m\u00e1s de 45 a\u00f1os en el trabajo directo asesorando empresas, instituciones educativas , de servicios y realizando&nbsp;coaching&nbsp;&nbsp;a personas que lideran,&nbsp; para lograr una mejora en los modos de gesti\u00f3n adecu\u00e1ndose a las necesidades de una realidad cambiante modificando aquellos aspectos que as\u00ed lo requieran &nbsp;para construir ORGANIZACIONES INTELIGENTES<\/p>\n<p><\/p>\n<p><\/p>\n<p>&nbsp;El abordaje de cada contenido se realiza a trav\u00e9s de t\u00e9cnicas no convencionales y l\u00fadicas para permitir un aprendizaje significativo, capaz de ser transferido en forma inmediata al contexto cotidiano de cada participante. La vivencia se une a la reflexi\u00f3n individual y grupal sumando el fundamento te\u00f3rico que brinda el docente. Se busca el intercambio entre los participantes-docentes para ampliar puntos de vista, unir praxis-teor\u00eda y nutrir la experiencia personal.<\/p><ul>\n<p><\/p><\/ul>\n<p><!-- \/wp:list --><\/p>\t\t\t\t\t\t\t\t<\/div>\n\t\t\t\t<\/div>\n\t\t\t\t\t<\/div>\n\t\t<\/div>\n\t\t\t\t\t<\/div>\n\t\t<\/section>\n\t\t\t\t<section class=\"elementor-section elementor-top-section elementor-element elementor-element-50b9160 elementor-section-boxed elementor-section-height-default elementor-section-height-default\" data-id=\"50b9160\" data-element_type=\"section\" data-e-type=\"section\">\n\t\t\t\t\t\t<div class=\"elementor-container elementor-column-gap-default\">\n\t\t\t\t\t<div class=\"elementor-column elementor-col-20 elementor-top-column elementor-element elementor-element-f7ed024\" data-id=\"f7ed024\" data-element_type=\"column\" data-e-type=\"column\">\n\t\t\t<div class=\"elementor-widget-wrap elementor-element-populated\">\n\t\t\t\t\t\t<div class=\"elementor-element elementor-element-32b6687 elementor-align-center elementor-widget__width-initial elementor-widget elementor-widget-button\" data-id=\"32b6687\" data-element_type=\"widget\" data-e-type=\"widget\" data-widget_type=\"button.default\">\n\t\t\t\t<div class=\"elementor-widget-container\">\n\t\t\t\t\t\t\t\t\t<div class=\"elementor-button-wrapper\">\n\t\t\t\t\t<a class=\"elementor-button elementor-button-link elementor-size-xl\" href=\"https:\/\/estudioinesmoreno.com.ar\/estudio\/entrenamiento-de-roles-directivos\/\">\n\t\t\t\t\t\t<span class=\"elementor-button-content-wrapper\">\n\t\t\t\t\t\t\t\t\t<span class=\"elementor-button-text\">ENTRENAMIENTO de ROLES DIRECTIVOS - Niveles I - II - III<\/span>\n\t\t\t\t\t<\/span>\n\t\t\t\t\t<\/a>\n\t\t\t\t<\/div>\n\t\t\t\t\t\t\t\t<\/div>\n\t\t\t\t<\/div>\n\t\t\t\t\t<\/div>\n\t\t<\/div>\n\t\t\t\t<div class=\"elementor-column elementor-col-20 elementor-top-column elementor-element elementor-element-cb97a8a\" data-id=\"cb97a8a\" data-element_type=\"column\" data-e-type=\"column\">\n\t\t\t<div class=\"elementor-widget-wrap elementor-element-populated\">\n\t\t\t\t\t\t<div class=\"elementor-element elementor-element-ae21a7e elementor-align-center elementor-widget__width-initial elementor-widget elementor-widget-button\" data-id=\"ae21a7e\" data-element_type=\"widget\" data-e-type=\"widget\" data-widget_type=\"button.default\">\n\t\t\t\t<div class=\"elementor-widget-container\">\n\t\t\t\t\t\t\t\t\t<div class=\"elementor-button-wrapper\">\n\t\t\t\t\t<a class=\"elementor-button elementor-button-link elementor-size-xl\" href=\"https:\/\/estudioinesmoreno.com.ar\/estudio\/conduccion-de-grupos-especializada-en-tecnicas-expresivas\/\">\n\t\t\t\t\t\t<span class=\"elementor-button-content-wrapper\">\n\t\t\t\t\t\t\t\t\t<span class=\"elementor-button-text\">CONDUCCI\u00d3N de GRUPOS especializado en t\u00e9cnicas.<\/span>\n\t\t\t\t\t<\/span>\n\t\t\t\t\t<\/a>\n\t\t\t\t<\/div>\n\t\t\t\t\t\t\t\t<\/div>\n\t\t\t\t<\/div>\n\t\t\t\t\t<\/div>\n\t\t<\/div>\n\t\t\t\t<div class=\"elementor-column elementor-col-20 elementor-top-column elementor-element elementor-element-c65fdfb\" data-id=\"c65fdfb\" data-element_type=\"column\" data-e-type=\"column\">\n\t\t\t<div class=\"elementor-widget-wrap elementor-element-populated\">\n\t\t\t\t\t\t<div class=\"elementor-element elementor-element-0138eff elementor-align-center elementor-widget__width-initial elementor-widget elementor-widget-button\" data-id=\"0138eff\" data-element_type=\"widget\" data-e-type=\"widget\" data-widget_type=\"button.default\">\n\t\t\t\t<div class=\"elementor-widget-container\">\n\t\t\t\t\t\t\t\t\t<div class=\"elementor-button-wrapper\">\n\t\t\t\t\t<a class=\"elementor-button elementor-button-link elementor-size-xl\" href=\"https:\/\/estudioinesmoreno.com.ar\/estudio\/formacion-y-entrenamiento-de-capacitadores-con-tecnicas-ludicas\/\">\n\t\t\t\t\t\t<span class=\"elementor-button-content-wrapper\">\n\t\t\t\t\t\t\t\t\t<span class=\"elementor-button-text\">FORMACI\u00d3N de CAPACITADORES con t\u00e9cnicas l\u00fadicas<\/span>\n\t\t\t\t\t<\/span>\n\t\t\t\t\t<\/a>\n\t\t\t\t<\/div>\n\t\t\t\t\t\t\t\t<\/div>\n\t\t\t\t<\/div>\n\t\t\t\t\t<\/div>\n\t\t<\/div>\n\t\t\t\t<div class=\"elementor-column elementor-col-20 elementor-top-column elementor-element elementor-element-f6e7ac6\" data-id=\"f6e7ac6\" data-element_type=\"column\" data-e-type=\"column\">\n\t\t\t<div class=\"elementor-widget-wrap elementor-element-populated\">\n\t\t\t\t\t\t<div class=\"elementor-element elementor-element-cccbf6c elementor-align-center elementor-widget__width-initial elementor-widget elementor-widget-button\" data-id=\"cccbf6c\" data-element_type=\"widget\" data-e-type=\"widget\" data-widget_type=\"button.default\">\n\t\t\t\t<div class=\"elementor-widget-container\">\n\t\t\t\t\t\t\t\t\t<div class=\"elementor-button-wrapper\">\n\t\t\t\t\t<a class=\"elementor-button elementor-button-link elementor-size-xl\" href=\"https:\/\/estudioinesmoreno.com.ar\/estudio\/cursos\/armado-y-conduccion-de-proyectos\/\">\n\t\t\t\t\t\t<span class=\"elementor-button-content-wrapper\">\n\t\t\t\t\t\t\t\t\t<span class=\"elementor-button-text\">ARMADO y CONDUCCI\u00d3N de PROYECTOS<\/span>\n\t\t\t\t\t<\/span>\n\t\t\t\t\t<\/a>\n\t\t\t\t<\/div>\n\t\t\t\t\t\t\t\t<\/div>\n\t\t\t\t<\/div>\n\t\t\t\t\t<\/div>\n\t\t<\/div>\n\t\t\t\t<div class=\"elementor-column elementor-col-20 elementor-top-column elementor-element elementor-element-a682271\" data-id=\"a682271\" data-element_type=\"column\" data-e-type=\"column\">\n\t\t\t<div class=\"elementor-widget-wrap elementor-element-populated\">\n\t\t\t\t\t\t<div class=\"elementor-element elementor-element-e66165b elementor-align-center elementor-widget__width-initial elementor-widget elementor-widget-button\" data-id=\"e66165b\" data-element_type=\"widget\" data-e-type=\"widget\" data-widget_type=\"button.default\">\n\t\t\t\t<div class=\"elementor-widget-container\">\n\t\t\t\t\t\t\t\t\t<div class=\"elementor-button-wrapper\">\n\t\t\t\t\t<a class=\"elementor-button elementor-button-link elementor-size-xl\" href=\"https:\/\/estudioinesmoreno.com.ar\/estudio\/inteligencia-emocional-para-directivos\/\">\n\t\t\t\t\t\t<span class=\"elementor-button-content-wrapper\">\n\t\t\t\t\t\t\t\t\t<span class=\"elementor-button-text\">INTELIGENCIA EMOCIONAL para DIRECTIVOS<\/span>\n\t\t\t\t\t<\/span>\n\t\t\t\t\t<\/a>\n\t\t\t\t<\/div>\n\t\t\t\t\t\t\t\t<\/div>\n\t\t\t\t<\/div>\n\t\t\t\t\t<\/div>\n\t\t<\/div>\n\t\t\t\t\t<\/div>\n\t\t<\/section>\n\t\t\t\t<\/div>\n\t\t","protected":false},"excerpt":{"rendered":"<p>CONDUCCI\u00d3N y LIDERAZGO Ofrecemos propuestas que brindan aportes&nbsp;de las neurociencia, psicolog\u00eda organizacional, &nbsp;neurolingu\u00edstica, ontolog\u00eda del lenguaje, creatividad e innovaci\u00f3n, nuevos paradigmas en el management, entre otros, junto con la experiencia de m\u00e1s de 45 a\u00f1os en el trabajo directo asesorando empresas, instituciones educativas , de servicios y realizando&nbsp;coaching&nbsp;&nbsp;a personas que lideran,&nbsp; para lograr una mejora&hellip;<\/p>\n","protected":false},"author":4,"featured_media":0,"parent":0,"menu_order":0,"comment_status":"closed","ping_status":"closed","template":"","meta":{"_joinchat":[],"footnotes":""},"class_list":["post-12190","page","type-page","status-publish","hentry"],"_links":{"self":[{"href":"https:\/\/estudioinesmoreno.com.ar\/estudio\/wp-json\/wp\/v2\/pages\/12190","targetHints":{"allow":["GET"]}}],"collection":[{"href":"https:\/\/estudioinesmoreno.com.ar\/estudio\/wp-json\/wp\/v2\/pages"}],"about":[{"href":"https:\/\/estudioinesmoreno.com.ar\/estudio\/wp-json\/wp\/v2\/types\/page"}],"author":[{"embeddable":true,"href":"https:\/\/estudioinesmoreno.com.ar\/estudio\/wp-json\/wp\/v2\/users\/4"}],"replies":[{"embeddable":true,"href":"https:\/\/estudioinesmoreno.com.ar\/estudio\/wp-json\/wp\/v2\/comments?post=12190"}],"version-history":[{"count":25,"href":"https:\/\/estudioinesmoreno.com.ar\/estudio\/wp-json\/wp\/v2\/pages\/12190\/revisions"}],"predecessor-version":[{"id":13012,"href":"https:\/\/estudioinesmoreno.com.ar\/estudio\/wp-json\/wp\/v2\/pages\/12190\/revisions\/13012"}],"wp:attachment":[{"href":"https:\/\/estudioinesmoreno.com.ar\/estudio\/wp-json\/wp\/v2\/media?parent=12190"}],"curies":[{"name":"wp","href":"https:\/\/api.w.org\/{rel}","templated":true}]}}