{"id":12182,"date":"2023-11-08T10:46:41","date_gmt":"2023-11-08T13:46:41","guid":{"rendered":"https:\/\/estudioinesmoreno.com.ar\/estudio\/?page_id=12182"},"modified":"2025-10-23T10:47:33","modified_gmt":"2025-10-23T13:47:33","slug":"capacitacion-y-entrenamiento-creatividad","status":"publish","type":"page","link":"https:\/\/estudioinesmoreno.com.ar\/estudio\/capacitacion-entrenamiento\/capacitacion-y-entrenamiento-creatividad\/","title":{"rendered":"CAPACITACION y ENTRENAMIENTO &#8211; CREATIVIDAD"},"content":{"rendered":"\t\t<div data-elementor-type=\"wp-page\" data-elementor-id=\"12182\" class=\"elementor elementor-12182\" data-elementor-post-type=\"page\">\n\t\t\t\t\t\t<section class=\"elementor-section elementor-top-section elementor-element elementor-element-1103591a elementor-section-boxed elementor-section-height-default elementor-section-height-default\" data-id=\"1103591a\" data-element_type=\"section\" data-e-type=\"section\">\n\t\t\t\t\t\t<div class=\"elementor-container elementor-column-gap-default\">\n\t\t\t\t\t<div class=\"elementor-column elementor-col-100 elementor-top-column elementor-element elementor-element-29214376\" data-id=\"29214376\" data-element_type=\"column\" data-e-type=\"column\">\n\t\t\t<div class=\"elementor-widget-wrap elementor-element-populated\">\n\t\t\t\t\t\t<div class=\"elementor-element elementor-element-3b2f70d6 elementor-widget elementor-widget-text-editor\" data-id=\"3b2f70d6\" data-element_type=\"widget\" data-e-type=\"widget\" data-widget_type=\"text-editor.default\">\n\t\t\t\t<div class=\"elementor-widget-container\">\n\t\t\t\t\t\t\t\t\t<p><\/p>\n<h3 class=\"wp-block-heading\"><br \/>CREATIVIDAD<\/h3>\n<p><\/p>\n<p><\/p>\n<p><strong>El\u00a0estudio in\u00e9s moreno<\/strong>\u00a0es\u00a0<strong>pionero<\/strong>\u00a0en\u00a0<strong>\u00a0JUEGO y CREATIVIDAD<\/strong><\/p>\n<p><\/p>\n<p><\/p>\n<p>Desde 1977 desarrolla proyectos, programas, actividades y formaci\u00f3n de profesionales para aplicar el JUEGO y la CREATIVIDAD \u00a0en diversos campos: empresa, salud, educaci\u00f3n, trabajo comunitario, animaci\u00f3n socio-cultural, tiempo libre y recreaci\u00f3n, arte, medios de comunicaci\u00f3n, entre otros \u00e1mbitos.<\/p>\n<p><\/p>\n<p><\/p>\n<p>Creador de la Carrera Oficial \u201cT\u00e9cnico Superior en Juego y Creatividad\u201d \u00fanica en el mundo por sus contenidos y metodolog\u00eda.<\/p>\n<p><\/p>\n<p><\/p>\n<p>En la actualidad ofrece diversas alternativas de formaci\u00f3n para toda persona que desee adquirir o profundizar la aplicaci\u00f3n la Creatividad en su tarea o vida cotidiana.<\/p>\n<p><\/p>\n<p><!-- \/wp:list --><\/p>\t\t\t\t\t\t\t\t<\/div>\n\t\t\t\t<\/div>\n\t\t\t\t\t<\/div>\n\t\t<\/div>\n\t\t\t\t\t<\/div>\n\t\t<\/section>\n\t\t\t\t<section class=\"elementor-section elementor-top-section elementor-element elementor-element-686ba38 elementor-section-boxed elementor-section-height-default elementor-section-height-default\" data-id=\"686ba38\" data-element_type=\"section\" data-e-type=\"section\">\n\t\t\t\t\t\t<div class=\"elementor-container elementor-column-gap-default\">\n\t\t\t\t\t<div class=\"elementor-column elementor-col-20 elementor-top-column elementor-element elementor-element-06b95a3\" data-id=\"06b95a3\" data-element_type=\"column\" data-e-type=\"column\">\n\t\t\t<div class=\"elementor-widget-wrap elementor-element-populated\">\n\t\t\t\t\t\t<div class=\"elementor-element elementor-element-cb6366f elementor-align-center elementor-widget__width-initial elementor-widget elementor-widget-button\" data-id=\"cb6366f\" data-element_type=\"widget\" data-e-type=\"widget\" data-widget_type=\"button.default\">\n\t\t\t\t<div class=\"elementor-widget-container\">\n\t\t\t\t\t\t\t\t\t<div class=\"elementor-button-wrapper\">\n\t\t\t\t\t<a class=\"elementor-button elementor-button-link elementor-size-xl\" href=\"https:\/\/estudioinesmoreno.com.ar\/estudio\/formacion\/escuela-de-creatividad\/\">\n\t\t\t\t\t\t<span class=\"elementor-button-content-wrapper\">\n\t\t\t\t\t\t\t\t\t<span class=\"elementor-button-text\">ESCUELA de CREATIVIDAD<\/span>\n\t\t\t\t\t<\/span>\n\t\t\t\t\t<\/a>\n\t\t\t\t<\/div>\n\t\t\t\t\t\t\t\t<\/div>\n\t\t\t\t<\/div>\n\t\t\t\t\t<\/div>\n\t\t<\/div>\n\t\t\t\t<div class=\"elementor-column elementor-col-20 elementor-top-column elementor-element elementor-element-6401456\" data-id=\"6401456\" data-element_type=\"column\" data-e-type=\"column\">\n\t\t\t<div class=\"elementor-widget-wrap elementor-element-populated\">\n\t\t\t\t\t\t<div class=\"elementor-element elementor-element-e182b9e elementor-align-center elementor-widget__width-initial elementor-widget elementor-widget-button\" data-id=\"e182b9e\" data-element_type=\"widget\" data-e-type=\"widget\" data-widget_type=\"button.default\">\n\t\t\t\t<div class=\"elementor-widget-container\">\n\t\t\t\t\t\t\t\t\t<div class=\"elementor-button-wrapper\">\n\t\t\t\t\t<a class=\"elementor-button elementor-button-link elementor-size-xl\" href=\"https:\/\/estudioinesmoreno.com.ar\/estudio\/facilitador-en-creatividad\/\">\n\t\t\t\t\t\t<span class=\"elementor-button-content-wrapper\">\n\t\t\t\t\t\t\t\t\t<span class=\"elementor-button-text\">FACILITADOR en CREATIVIDAD<\/span>\n\t\t\t\t\t<\/span>\n\t\t\t\t\t<\/a>\n\t\t\t\t<\/div>\n\t\t\t\t\t\t\t\t<\/div>\n\t\t\t\t<\/div>\n\t\t\t\t\t<\/div>\n\t\t<\/div>\n\t\t\t\t<div class=\"elementor-column elementor-col-20 elementor-top-column elementor-element elementor-element-9241c10\" data-id=\"9241c10\" data-element_type=\"column\" data-e-type=\"column\">\n\t\t\t<div class=\"elementor-widget-wrap elementor-element-populated\">\n\t\t\t\t\t\t<div class=\"elementor-element elementor-element-54fc3a4 elementor-align-center elementor-widget__width-initial elementor-widget elementor-widget-button\" data-id=\"54fc3a4\" data-element_type=\"widget\" data-e-type=\"widget\" data-widget_type=\"button.default\">\n\t\t\t\t<div class=\"elementor-widget-container\">\n\t\t\t\t\t\t\t\t\t<div class=\"elementor-button-wrapper\">\n\t\t\t\t\t<a class=\"elementor-button elementor-button-link elementor-size-xl\" href=\"https:\/\/estudioinesmoreno.com.ar\/estudio\/creatividad-y-desarrollo-personal-nivel-1-nivel-2\/\">\n\t\t\t\t\t\t<span class=\"elementor-button-content-wrapper\">\n\t\t\t\t\t\t\t\t\t<span class=\"elementor-button-text\">CREATIVIDAD y DESARROLLO PERSONAL <\/span>\n\t\t\t\t\t<\/span>\n\t\t\t\t\t<\/a>\n\t\t\t\t<\/div>\n\t\t\t\t\t\t\t\t<\/div>\n\t\t\t\t<\/div>\n\t\t\t\t\t<\/div>\n\t\t<\/div>\n\t\t\t\t<div class=\"elementor-column elementor-col-20 elementor-top-column elementor-element elementor-element-9125c94\" data-id=\"9125c94\" data-element_type=\"column\" data-e-type=\"column\">\n\t\t\t<div class=\"elementor-widget-wrap elementor-element-populated\">\n\t\t\t\t\t\t<div class=\"elementor-element elementor-element-93fd0b2 elementor-align-center elementor-widget__width-initial elementor-widget elementor-widget-button\" data-id=\"93fd0b2\" data-element_type=\"widget\" data-e-type=\"widget\" data-widget_type=\"button.default\">\n\t\t\t\t<div class=\"elementor-widget-container\">\n\t\t\t\t\t\t\t\t\t<div class=\"elementor-button-wrapper\">\n\t\t\t\t\t<a class=\"elementor-button elementor-button-link elementor-size-xl\" href=\"https:\/\/estudioinesmoreno.com.ar\/estudio\/todos-somos-creativos-explorando-nuestra-creatividad\/\">\n\t\t\t\t\t\t<span class=\"elementor-button-content-wrapper\">\n\t\t\t\t\t\t\t\t\t<span class=\"elementor-button-text\">TODOS SOMOS CREATIVOS. <\/span>\n\t\t\t\t\t<\/span>\n\t\t\t\t\t<\/a>\n\t\t\t\t<\/div>\n\t\t\t\t\t\t\t\t<\/div>\n\t\t\t\t<\/div>\n\t\t\t\t\t<\/div>\n\t\t<\/div>\n\t\t\t\t<div class=\"elementor-column elementor-col-20 elementor-top-column elementor-element elementor-element-af876d6\" data-id=\"af876d6\" data-element_type=\"column\" data-e-type=\"column\">\n\t\t\t<div class=\"elementor-widget-wrap elementor-element-populated\">\n\t\t\t\t\t\t<div class=\"elementor-element elementor-element-d636482 elementor-align-center elementor-widget__width-initial elementor-widget elementor-widget-button\" data-id=\"d636482\" data-element_type=\"widget\" data-e-type=\"widget\" data-widget_type=\"button.default\">\n\t\t\t\t<div class=\"elementor-widget-container\">\n\t\t\t\t\t\t\t\t\t<div class=\"elementor-button-wrapper\">\n\t\t\t\t\t<a class=\"elementor-button elementor-button-link elementor-size-xl\" href=\"https:\/\/estudioinesmoreno.com.ar\/estudio\/creatividad-a-la-carta\/\">\n\t\t\t\t\t\t<span class=\"elementor-button-content-wrapper\">\n\t\t\t\t\t\t\t\t\t<span class=\"elementor-button-text\">CREATIVIDAD a la CARTA<\/span>\n\t\t\t\t\t<\/span>\n\t\t\t\t\t<\/a>\n\t\t\t\t<\/div>\n\t\t\t\t\t\t\t\t<\/div>\n\t\t\t\t<\/div>\n\t\t\t\t\t<\/div>\n\t\t<\/div>\n\t\t\t\t\t<\/div>\n\t\t<\/section>\n\t\t\t\t<\/div>\n\t\t","protected":false},"excerpt":{"rendered":"<p>CREATIVIDAD El\u00a0estudio in\u00e9s moreno\u00a0es\u00a0pionero\u00a0en\u00a0\u00a0JUEGO y CREATIVIDAD Desde 1977 desarrolla proyectos, programas, actividades y formaci\u00f3n de profesionales para aplicar el JUEGO y la CREATIVIDAD \u00a0en diversos campos: empresa, salud, educaci\u00f3n, trabajo comunitario, animaci\u00f3n socio-cultural, tiempo libre y recreaci\u00f3n, arte, medios de comunicaci\u00f3n, entre otros \u00e1mbitos. Creador de la Carrera Oficial \u201cT\u00e9cnico Superior en Juego y Creatividad\u201d&hellip;<\/p>\n","protected":false},"author":4,"featured_media":0,"parent":11469,"menu_order":0,"comment_status":"closed","ping_status":"closed","template":"","meta":{"_joinchat":[],"footnotes":""},"class_list":["post-12182","page","type-page","status-publish","hentry"],"_links":{"self":[{"href":"https:\/\/estudioinesmoreno.com.ar\/estudio\/wp-json\/wp\/v2\/pages\/12182","targetHints":{"allow":["GET"]}}],"collection":[{"href":"https:\/\/estudioinesmoreno.com.ar\/estudio\/wp-json\/wp\/v2\/pages"}],"about":[{"href":"https:\/\/estudioinesmoreno.com.ar\/estudio\/wp-json\/wp\/v2\/types\/page"}],"author":[{"embeddable":true,"href":"https:\/\/estudioinesmoreno.com.ar\/estudio\/wp-json\/wp\/v2\/users\/4"}],"replies":[{"embeddable":true,"href":"https:\/\/estudioinesmoreno.com.ar\/estudio\/wp-json\/wp\/v2\/comments?post=12182"}],"version-history":[{"count":22,"href":"https:\/\/estudioinesmoreno.com.ar\/estudio\/wp-json\/wp\/v2\/pages\/12182\/revisions"}],"predecessor-version":[{"id":13002,"href":"https:\/\/estudioinesmoreno.com.ar\/estudio\/wp-json\/wp\/v2\/pages\/12182\/revisions\/13002"}],"up":[{"embeddable":true,"href":"https:\/\/estudioinesmoreno.com.ar\/estudio\/wp-json\/wp\/v2\/pages\/11469"}],"wp:attachment":[{"href":"https:\/\/estudioinesmoreno.com.ar\/estudio\/wp-json\/wp\/v2\/media?parent=12182"}],"curies":[{"name":"wp","href":"https:\/\/api.w.org\/{rel}","templated":true}]}}