{"id":12040,"date":"2023-11-07T09:58:44","date_gmt":"2023-11-07T12:58:44","guid":{"rendered":"https:\/\/estudioinesmoreno.com.ar\/estudio\/?page_id=12040"},"modified":"2023-11-07T10:03:41","modified_gmt":"2023-11-07T13:03:41","slug":"descarga-el-pequenio-manual-crecimiento-personal","status":"publish","type":"page","link":"https:\/\/estudioinesmoreno.com.ar\/estudio\/descarga-el-pequenio-manual-crecimiento-personal\/","title":{"rendered":"Descarga El Peque\u00f1o Manual de Crecimiento Personal"},"content":{"rendered":"<div class=\"wp-block-image\">\n<figure class=\"aligncenter size-large\"><img fetchpriority=\"high\" decoding=\"async\" width=\"1024\" height=\"256\" src=\"https:\/\/estudioinesmoreno.com.ar\/estudio\/wp-content\/uploads\/2023\/10\/DESCARGAS-MANUAL-2024-1024x256.png\" alt=\"Peque\u00f1o Manual de Crecimiento Personal 2024\" class=\"wp-image-11815\" srcset=\"https:\/\/estudioinesmoreno.com.ar\/estudio\/wp-content\/uploads\/2023\/10\/DESCARGAS-MANUAL-2024-1024x256.png 1024w, https:\/\/estudioinesmoreno.com.ar\/estudio\/wp-content\/uploads\/2023\/10\/DESCARGAS-MANUAL-2024-300x75.png 300w, https:\/\/estudioinesmoreno.com.ar\/estudio\/wp-content\/uploads\/2023\/10\/DESCARGAS-MANUAL-2024-768x192.png 768w, https:\/\/estudioinesmoreno.com.ar\/estudio\/wp-content\/uploads\/2023\/10\/DESCARGAS-MANUAL-2024-1536x384.png 1536w, https:\/\/estudioinesmoreno.com.ar\/estudio\/wp-content\/uploads\/2023\/10\/DESCARGAS-MANUAL-2024.png 1750w\" sizes=\"(max-width: 1024px) 100vw, 1024px\" \/><\/figure>\n<\/div>\n\n<style id=\"wpforms-css-vars-12036\">\n\t\t\t\t#wpforms-12036 {\n\t\t\t\t\n\t\t\t}\n\t\t\t<\/style><div class=\"wpforms-container wpforms-container-full wpforms-render-modern\" id=\"wpforms-12036\"><form id=\"wpforms-form-12036\" class=\"wpforms-validate wpforms-form wpforms-ajax-form\" data-formid=\"12036\" method=\"post\" enctype=\"multipart\/form-data\" action=\"\/estudio\/wp-json\/wp\/v2\/pages\/12040\" data-token=\"6f966ebdcb270891804287ac1c7f661a\" data-token-time=\"1777950368\"><noscript class=\"wpforms-error-noscript\">Por favor, activa JavaScript en tu navegador para completar este formulario.<\/noscript><div id=\"wpforms-error-noscript\" style=\"display: none;\">Por favor, activa JavaScript en tu navegador para completar este formulario.<\/div><div class=\"wpforms-field-container\"><div id=\"wpforms-12036-field_1-container\" class=\"wpforms-field wpforms-field-name\" data-field-id=\"1\"><fieldset><legend class=\"wpforms-field-label wpforms-label-hide\" aria-hidden=\"false\">Nombre <span class=\"wpforms-required-label\" aria-hidden=\"true\">*<\/span><\/legend><div class=\"wpforms-field-row wpforms-field-medium\"><div class=\"wpforms-field-row-block wpforms-first wpforms-one-half\"><input type=\"text\" id=\"wpforms-12036-field_1\" class=\"wpforms-field-name-first wpforms-field-required\" name=\"wpforms[fields][1][first]\" placeholder=\"Nombre\" aria-errormessage=\"wpforms-12036-field_1-error\" required><label for=\"wpforms-12036-field_1\" class=\"wpforms-field-sublabel after\">Nombre<\/label><\/div><div class=\"wpforms-field-row-block wpforms-one-half\"><input type=\"text\" id=\"wpforms-12036-field_1-last\" class=\"wpforms-field-name-last wpforms-field-required\" name=\"wpforms[fields][1][last]\" placeholder=\"Apellido\" aria-errormessage=\"wpforms-12036-field_1-last-error\" required><label for=\"wpforms-12036-field_1-last\" class=\"wpforms-field-sublabel after\">Apellidos<\/label><\/div><\/div><\/fieldset><\/div><div id=\"wpforms-12036-field_2-container\" class=\"wpforms-field wpforms-field-email\" data-field-id=\"2\"><label class=\"wpforms-field-label wpforms-label-hide\" for=\"wpforms-12036-field_2\" aria-hidden=\"false\">Email <span class=\"wpforms-required-label\" aria-hidden=\"true\">*<\/span><\/label><input type=\"email\" id=\"wpforms-12036-field_2\" class=\"wpforms-field-medium wpforms-field-required\" name=\"wpforms[fields][2]\" placeholder=\"Email\" spellcheck=\"false\" aria-errormessage=\"wpforms-12036-field_2-error\" required><\/div><div id=\"wpforms-12036-field_3-container\" class=\"wpforms-field wpforms-field-gdpr-checkbox\" data-field-id=\"3\"><label class=\"wpforms-field-label wpforms-label-hide\" aria-hidden=\"false\">Acuerdo RGPD <span class=\"wpforms-required-label\" aria-hidden=\"true\">*<\/span><\/label><ul id=\"wpforms-12036-field_3\" class=\"wpforms-field-required\"><li class=\"choice-1\"><input type=\"checkbox\" id=\"wpforms-12036-field_3_1\" name=\"wpforms[fields][3][]\" value=\"Doy mi consentimiento para que esta web almacene la informaci\u00f3n que env\u00edo para que puedan responder a mi petici\u00f3n.\" aria-errormessage=\"wpforms-12036-field_3_1-error\" required ><label class=\"wpforms-field-label-inline\" for=\"wpforms-12036-field_3_1\">Doy mi consentimiento para que esta web almacene la informaci\u00f3n que env\u00edo para que puedan responder a mi petici\u00f3n. <span class=\"wpforms-required-label\" aria-hidden=\"true\">*<\/span><\/label><\/li><\/ul><\/div><\/div><!-- .wpforms-field-container --><div class=\"wpforms-submit-container\" ><input type=\"hidden\" name=\"wpforms[id]\" value=\"12036\"><input type=\"hidden\" name=\"page_title\" value=\"\"><input type=\"hidden\" name=\"page_url\" value=\"https:\/\/estudioinesmoreno.com.ar\/estudio\/wp-json\/wp\/v2\/pages\/12040\"><input type=\"hidden\" name=\"url_referer\" value=\"\"><button type=\"submit\" name=\"wpforms[submit]\" id=\"wpforms-submit-12036\" class=\"wpforms-submit\" data-alt-text=\"Enviando...\" data-submit-text=\"Enviar y Descargar \" aria-live=\"assertive\" value=\"wpforms-submit\">Enviar y Descargar <\/button><img decoding=\"async\" src=\"https:\/\/estudioinesmoreno.com.ar\/estudio\/wp-content\/plugins\/wpforms-lite\/assets\/images\/submit-spin.svg\" class=\"wpforms-submit-spinner\" style=\"display: none;\" width=\"26\" height=\"26\" alt=\"Cargando\"><\/div><\/form><\/div>  <!-- .wpforms-container -->","protected":false},"excerpt":{"rendered":"<p>Por favor, activa JavaScript en tu navegador para completar este formulario.Por favor, activa JavaScript en tu navegador para completar este formulario.Nombre *NombreApellidosEmail *Acuerdo RGPD *Doy mi consentimiento para que esta web almacene la informaci\u00f3n que env\u00edo para que puedan responder a mi petici\u00f3n. *Enviar y Descargar<\/p>\n","protected":false},"author":1,"featured_media":0,"parent":0,"menu_order":0,"comment_status":"closed","ping_status":"closed","template":"","meta":{"_joinchat":[],"footnotes":""},"class_list":["post-12040","page","type-page","status-publish","hentry","description-off"],"_links":{"self":[{"href":"https:\/\/estudioinesmoreno.com.ar\/estudio\/wp-json\/wp\/v2\/pages\/12040","targetHints":{"allow":["GET"]}}],"collection":[{"href":"https:\/\/estudioinesmoreno.com.ar\/estudio\/wp-json\/wp\/v2\/pages"}],"about":[{"href":"https:\/\/estudioinesmoreno.com.ar\/estudio\/wp-json\/wp\/v2\/types\/page"}],"author":[{"embeddable":true,"href":"https:\/\/estudioinesmoreno.com.ar\/estudio\/wp-json\/wp\/v2\/users\/1"}],"replies":[{"embeddable":true,"href":"https:\/\/estudioinesmoreno.com.ar\/estudio\/wp-json\/wp\/v2\/comments?post=12040"}],"version-history":[{"count":7,"href":"https:\/\/estudioinesmoreno.com.ar\/estudio\/wp-json\/wp\/v2\/pages\/12040\/revisions"}],"predecessor-version":[{"id":12051,"href":"https:\/\/estudioinesmoreno.com.ar\/estudio\/wp-json\/wp\/v2\/pages\/12040\/revisions\/12051"}],"wp:attachment":[{"href":"https:\/\/estudioinesmoreno.com.ar\/estudio\/wp-json\/wp\/v2\/media?parent=12040"}],"curies":[{"name":"wp","href":"https:\/\/api.w.org\/{rel}","templated":true}]}}