{"id":11542,"date":"2023-08-23T11:42:57","date_gmt":"2023-08-23T14:42:57","guid":{"rendered":"https:\/\/estudioinesmoreno.com.ar\/estudio\/?page_id=11542"},"modified":"2023-12-04T20:17:51","modified_gmt":"2023-12-04T23:17:51","slug":"asesoramiento-servicios-individual-grupal-organizacional","status":"publish","type":"page","link":"https:\/\/estudioinesmoreno.com.ar\/estudio\/asesoramiento-servicios-individual-grupal-organizacional\/","title":{"rendered":"Asesoramientos y Consultorias."},"content":{"rendered":"\t\t<div data-elementor-type=\"wp-page\" data-elementor-id=\"11542\" class=\"elementor elementor-11542\" data-elementor-post-type=\"page\">\n\t\t\t\t\t\t<section class=\"elementor-section elementor-top-section elementor-element elementor-element-74ecc687 elementor-section-content-middle elementor-section-stretched elementor-section-boxed elementor-section-height-default elementor-section-height-default\" data-id=\"74ecc687\" data-element_type=\"section\" data-e-type=\"section\" data-settings=\"{&quot;stretch_section&quot;:&quot;section-stretched&quot;}\">\n\t\t\t\t\t\t<div class=\"elementor-container elementor-column-gap-wider\">\n\t\t\t\t\t<div class=\"elementor-column elementor-col-100 elementor-top-column elementor-element elementor-element-66ba22ba\" data-id=\"66ba22ba\" data-element_type=\"column\" data-e-type=\"column\">\n\t\t\t<div class=\"elementor-widget-wrap elementor-element-populated\">\n\t\t\t\t\t\t<div class=\"elementor-element elementor-element-26b53db6 elementor-widget elementor-widget-text-editor\" data-id=\"26b53db6\" data-element_type=\"widget\" data-e-type=\"widget\" data-widget_type=\"text-editor.default\">\n\t\t\t\t<div class=\"elementor-widget-container\">\n\t\t\t\t\t\t\t\t\t<p>Brindamos Asesoramiento y Consultorias a\u00a0<\/p><h3>* Personas<\/h3><h3>* Grupos<\/h3><h3>* Organizaciones<\/h3><ul><li style=\"list-style-type: none;\"><ul><li>En <strong>PROGRAMAS, PROYECTOS, ACTIVIDADES.<\/strong><ul><li>ARMADO &#8211; DESARROLLO &#8211; SUPERVISI\u00d3N- EVALUACI\u00d3N<\/li><\/ul><\/li><li><strong>DIAGN\u00d3STICOS y EVALUACI\u00d3N<\/strong> de profesionales -grupos &#8211; organizaciones &#8211; sectores.<\/li><li><strong>ENTRENAMIENTO DE CAPACITADORES<\/strong><ul><li>Acompa\u00f1amiento a l\u00edderes en desarrollo.<\/li><\/ul><\/li><li><strong>COACHING<\/strong><\/li><li><strong>SELECCI\u00d3N de PERSONAL<\/strong> especializada en el <span style=\"text-decoration: underline;\">campo actitudinal.<\/span><\/li><li><strong><a href=\"cartahttps:\/\/estudioinesmoreno.com.ar\/estudio\/creatividad-a-la-carta\/\" target=\"_blank\" rel=\"noopener\">CREATIVIDAD A LA CARTA<\/a><\/strong><ul><li>Semana Creativa<\/li><li>Cita Creativa.<\/li><\/ul><\/li><\/ul><\/li><\/ul><p>Aplicamos todos nuestros saberes y la experiencia de m\u00e1s de 45 a\u00f1os de praxis realizando estas tareas. Las personas &#8211; grupos &#8211; organizaciones son singulares, complejas y cambiantes. Asumimos cada propuesta de manera artesanal considerando que cada hip\u00f3tesis o intervenci\u00f3n debe estar \u00a0\u201ca la medida\u201d de cada solicitante.<\/p>\t\t\t\t\t\t\t\t<\/div>\n\t\t\t\t<\/div>\n\t\t\t\t\t<\/div>\n\t\t<\/div>\n\t\t\t\t\t<\/div>\n\t\t<\/section>\n\t\t\t\t<\/div>\n\t\t","protected":false},"excerpt":{"rendered":"<p>Brindamos Asesoramiento y Consultorias a\u00a0 * Personas * Grupos * Organizaciones En PROGRAMAS, PROYECTOS, ACTIVIDADES. ARMADO &#8211; DESARROLLO &#8211; SUPERVISI\u00d3N- EVALUACI\u00d3N DIAGN\u00d3STICOS y EVALUACI\u00d3N de profesionales -grupos &#8211; organizaciones &#8211; sectores. ENTRENAMIENTO DE CAPACITADORES Acompa\u00f1amiento a l\u00edderes en desarrollo. COACHING SELECCI\u00d3N de PERSONAL especializada en el campo actitudinal. CREATIVIDAD A LA CARTA Semana Creativa Cita&hellip;<\/p>\n","protected":false},"author":1,"featured_media":0,"parent":0,"menu_order":0,"comment_status":"closed","ping_status":"closed","template":"","meta":{"_joinchat":[],"footnotes":""},"class_list":["post-11542","page","type-page","status-publish","hentry"],"_links":{"self":[{"href":"https:\/\/estudioinesmoreno.com.ar\/estudio\/wp-json\/wp\/v2\/pages\/11542","targetHints":{"allow":["GET"]}}],"collection":[{"href":"https:\/\/estudioinesmoreno.com.ar\/estudio\/wp-json\/wp\/v2\/pages"}],"about":[{"href":"https:\/\/estudioinesmoreno.com.ar\/estudio\/wp-json\/wp\/v2\/types\/page"}],"author":[{"embeddable":true,"href":"https:\/\/estudioinesmoreno.com.ar\/estudio\/wp-json\/wp\/v2\/users\/1"}],"replies":[{"embeddable":true,"href":"https:\/\/estudioinesmoreno.com.ar\/estudio\/wp-json\/wp\/v2\/comments?post=11542"}],"version-history":[{"count":30,"href":"https:\/\/estudioinesmoreno.com.ar\/estudio\/wp-json\/wp\/v2\/pages\/11542\/revisions"}],"predecessor-version":[{"id":12900,"href":"https:\/\/estudioinesmoreno.com.ar\/estudio\/wp-json\/wp\/v2\/pages\/11542\/revisions\/12900"}],"wp:attachment":[{"href":"https:\/\/estudioinesmoreno.com.ar\/estudio\/wp-json\/wp\/v2\/media?parent=11542"}],"curies":[{"name":"wp","href":"https:\/\/api.w.org\/{rel}","templated":true}]}}