{"id":11469,"date":"2023-08-23T10:16:27","date_gmt":"2023-08-23T13:16:27","guid":{"rendered":"https:\/\/estudioinesmoreno.com.ar\/estudio\/?page_id=11469"},"modified":"2023-11-08T10:56:56","modified_gmt":"2023-11-08T13:56:56","slug":"capacitacion-entrenamiento","status":"publish","type":"page","link":"https:\/\/estudioinesmoreno.com.ar\/estudio\/capacitacion-entrenamiento\/","title":{"rendered":"Capacitaci\u00f3n y Entrenamiento"},"content":{"rendered":"\t\t<div data-elementor-type=\"wp-page\" data-elementor-id=\"11469\" class=\"elementor elementor-11469\" data-elementor-post-type=\"page\">\n\t\t\t\t\t\t<section class=\"elementor-section elementor-top-section elementor-element elementor-element-2798601d elementor-section-content-middle elementor-section-stretched elementor-section-boxed elementor-section-height-default elementor-section-height-default\" data-id=\"2798601d\" data-element_type=\"section\" data-e-type=\"section\" data-settings=\"{&quot;stretch_section&quot;:&quot;section-stretched&quot;}\">\n\t\t\t\t\t\t<div class=\"elementor-container elementor-column-gap-wider\">\n\t\t\t\t\t<div class=\"elementor-column elementor-col-100 elementor-top-column elementor-element elementor-element-74183c2b\" data-id=\"74183c2b\" data-element_type=\"column\" data-e-type=\"column\">\n\t\t\t<div class=\"elementor-widget-wrap elementor-element-populated\">\n\t\t\t\t\t\t<div class=\"elementor-element elementor-element-7be5ddf8 elementor-widget elementor-widget-text-editor\" data-id=\"7be5ddf8\" data-element_type=\"widget\" data-e-type=\"widget\" data-widget_type=\"text-editor.default\">\n\t\t\t\t<div class=\"elementor-widget-container\">\n\t\t\t\t\t\t\t\t\t<p>Sabemos que los adultos y profesionales pueden <em>aprender de un modo diferente.<\/em>, por ello aplicamos t\u00e9cnicas no convencionales y l\u00fadicas para la construcci\u00f3n del conocimiento, la adquisici\u00f3n de habilidades y\u00a0 el fortalecimiento de actitudes que permitan la coherencia entre\u00a0lo\u00a0que se piensa, siente y hace.<br \/>Todas las actividades de la instituci\u00f3n tienen una metodolog\u00eda que articula la vivencia y reflexi\u00f3n personal y grupal junto con la fundamentaci\u00f3n te\u00f3rica.<\/p><p>La tarea es personalizada \u00a0y se busca establecer v\u00ednculos de ense\u00f1aje entre todos los involucrados: participantes y docentes. <br \/>Consideramos que el proceso no se realiza \u00fanicamente a trav\u00e9s de los contenidos que se brindan, sino tambi\u00e9n, en el intercambio de experiencias y diferentes puntos de vista de quienes comparten el espacio del grupo y de la instituci\u00f3n.<\/p><p><strong>Cientos de personas<\/strong>\u00a0que han pasado por nuestras aulas dan cuenta en diferentes partes del mundo de la formaci\u00f3n recibida constituy\u00e9ndose en\u00a0<strong>referentes<\/strong>. Estamos orgullosos de\u00a0<strong>multiplicar\u00a0<\/strong>en cada persona\u00a0<strong>saberes pr\u00e1cticos y fundamentos te\u00f3ricos<\/strong>\u00a0 que puedan transferir a la pr\u00e1ctica.<\/p>\t\t\t\t\t\t\t\t<\/div>\n\t\t\t\t<\/div>\n\t\t\t\t\t<\/div>\n\t\t<\/div>\n\t\t\t\t\t<\/div>\n\t\t<\/section>\n\t\t\t\t<section class=\"elementor-section elementor-top-section elementor-element elementor-element-f45b534 elementor-section-boxed elementor-section-height-default elementor-section-height-default\" data-id=\"f45b534\" data-element_type=\"section\" data-e-type=\"section\">\n\t\t\t\t\t\t<div class=\"elementor-container elementor-column-gap-default\">\n\t\t\t\t\t<div class=\"elementor-column elementor-col-100 elementor-top-column elementor-element elementor-element-73caa46\" data-id=\"73caa46\" data-element_type=\"column\" data-e-type=\"column\">\n\t\t\t<div class=\"elementor-widget-wrap elementor-element-populated\">\n\t\t\t\t\t\t<div class=\"elementor-element elementor-element-a58d22a elementor-widget elementor-widget-heading\" data-id=\"a58d22a\" data-element_type=\"widget\" data-e-type=\"widget\" data-widget_type=\"heading.default\">\n\t\t\t\t<div class=\"elementor-widget-container\">\n\t\t\t\t\t<h2 class=\"elementor-heading-title elementor-size-default\">AREAS y PROPUESTAS<\/h2>\t\t\t\t<\/div>\n\t\t\t\t<\/div>\n\t\t\t\t\t<\/div>\n\t\t<\/div>\n\t\t\t\t\t<\/div>\n\t\t<\/section>\n\t\t\t\t<section class=\"elementor-section elementor-top-section elementor-element elementor-element-4021597 elementor-section-boxed elementor-section-height-default elementor-section-height-default\" data-id=\"4021597\" data-element_type=\"section\" data-e-type=\"section\">\n\t\t\t\t\t\t<div class=\"elementor-container elementor-column-gap-default\">\n\t\t\t\t\t<div class=\"elementor-column elementor-col-25 elementor-top-column elementor-element elementor-element-f4361b0\" data-id=\"f4361b0\" data-element_type=\"column\" data-e-type=\"column\">\n\t\t\t<div class=\"elementor-widget-wrap elementor-element-populated\">\n\t\t\t\t\t\t<div class=\"elementor-element elementor-element-759bf35 elementor-align-center elementor-widget__width-initial elementor-widget elementor-widget-button\" data-id=\"759bf35\" data-element_type=\"widget\" data-e-type=\"widget\" data-widget_type=\"button.default\">\n\t\t\t\t<div class=\"elementor-widget-container\">\n\t\t\t\t\t\t\t\t\t<div class=\"elementor-button-wrapper\">\n\t\t\t\t\t<a class=\"elementor-button elementor-button-link elementor-size-xl\" href=\"https:\/\/estudioinesmoreno.com.ar\/estudio\/capacitacion-y-entrenamiento-juego\/\">\n\t\t\t\t\t\t<span class=\"elementor-button-content-wrapper\">\n\t\t\t\t\t\t\t\t\t<span class=\"elementor-button-text\">JUEGO<\/span>\n\t\t\t\t\t<\/span>\n\t\t\t\t\t<\/a>\n\t\t\t\t<\/div>\n\t\t\t\t\t\t\t\t<\/div>\n\t\t\t\t<\/div>\n\t\t\t\t\t<\/div>\n\t\t<\/div>\n\t\t\t\t<div class=\"elementor-column elementor-col-25 elementor-top-column elementor-element elementor-element-c701b1c\" data-id=\"c701b1c\" data-element_type=\"column\" data-e-type=\"column\">\n\t\t\t<div class=\"elementor-widget-wrap elementor-element-populated\">\n\t\t\t\t\t\t<div class=\"elementor-element elementor-element-b13b996 elementor-align-center elementor-widget__width-initial elementor-widget elementor-widget-button\" data-id=\"b13b996\" data-element_type=\"widget\" data-e-type=\"widget\" data-widget_type=\"button.default\">\n\t\t\t\t<div class=\"elementor-widget-container\">\n\t\t\t\t\t\t\t\t\t<div class=\"elementor-button-wrapper\">\n\t\t\t\t\t<a class=\"elementor-button elementor-button-link elementor-size-xl\" href=\"https:\/\/estudioinesmoreno.com.ar\/estudio\/capacitacion-y-entrenamiento-creatividad\/\">\n\t\t\t\t\t\t<span class=\"elementor-button-content-wrapper\">\n\t\t\t\t\t\t\t\t\t<span class=\"elementor-button-text\">CREATIVIDAD<\/span>\n\t\t\t\t\t<\/span>\n\t\t\t\t\t<\/a>\n\t\t\t\t<\/div>\n\t\t\t\t\t\t\t\t<\/div>\n\t\t\t\t<\/div>\n\t\t\t\t\t<\/div>\n\t\t<\/div>\n\t\t\t\t<div class=\"elementor-column elementor-col-25 elementor-top-column elementor-element elementor-element-79c383a\" data-id=\"79c383a\" data-element_type=\"column\" data-e-type=\"column\">\n\t\t\t<div class=\"elementor-widget-wrap elementor-element-populated\">\n\t\t\t\t\t\t<div class=\"elementor-element elementor-element-4419762 elementor-align-center elementor-widget__width-initial elementor-widget elementor-widget-button\" data-id=\"4419762\" data-element_type=\"widget\" data-e-type=\"widget\" data-widget_type=\"button.default\">\n\t\t\t\t<div class=\"elementor-widget-container\">\n\t\t\t\t\t\t\t\t\t<div class=\"elementor-button-wrapper\">\n\t\t\t\t\t<a class=\"elementor-button elementor-button-link elementor-size-xl\" href=\"https:\/\/estudioinesmoreno.com.ar\/estudio\/capacitacion-y-entrenamiento-conduccion-y-liderazgo\/\">\n\t\t\t\t\t\t<span class=\"elementor-button-content-wrapper\">\n\t\t\t\t\t\t\t\t\t<span class=\"elementor-button-text\">CONDUCCI\u00d3N y LIDERAZGO<\/span>\n\t\t\t\t\t<\/span>\n\t\t\t\t\t<\/a>\n\t\t\t\t<\/div>\n\t\t\t\t\t\t\t\t<\/div>\n\t\t\t\t<\/div>\n\t\t\t\t\t<\/div>\n\t\t<\/div>\n\t\t\t\t<div class=\"elementor-column elementor-col-25 elementor-top-column elementor-element elementor-element-1650710\" data-id=\"1650710\" data-element_type=\"column\" data-e-type=\"column\">\n\t\t\t<div class=\"elementor-widget-wrap elementor-element-populated\">\n\t\t\t\t\t\t<div class=\"elementor-element elementor-element-40f1119 elementor-align-center elementor-widget__width-initial elementor-widget elementor-widget-button\" data-id=\"40f1119\" data-element_type=\"widget\" data-e-type=\"widget\" data-widget_type=\"button.default\">\n\t\t\t\t<div class=\"elementor-widget-container\">\n\t\t\t\t\t\t\t\t\t<div class=\"elementor-button-wrapper\">\n\t\t\t\t\t<a class=\"elementor-button elementor-button-link elementor-size-xl\" href=\"https:\/\/estudioinesmoreno.com.ar\/estudio\/capacitacion-y-entrenamiento-desarrollo-personal\/\">\n\t\t\t\t\t\t<span class=\"elementor-button-content-wrapper\">\n\t\t\t\t\t\t\t\t\t<span class=\"elementor-button-text\">DESARROLLO PERSONAL<\/span>\n\t\t\t\t\t<\/span>\n\t\t\t\t\t<\/a>\n\t\t\t\t<\/div>\n\t\t\t\t\t\t\t\t<\/div>\n\t\t\t\t<\/div>\n\t\t\t\t\t<\/div>\n\t\t<\/div>\n\t\t\t\t\t<\/div>\n\t\t<\/section>\n\t\t\t\t<\/div>\n\t\t","protected":false},"excerpt":{"rendered":"<p>Sabemos que los adultos y profesionales pueden aprender de un modo diferente., por ello aplicamos t\u00e9cnicas no convencionales y l\u00fadicas para la construcci\u00f3n del conocimiento, la adquisici\u00f3n de habilidades y\u00a0 el fortalecimiento de actitudes que permitan la coherencia entre\u00a0lo\u00a0que se piensa, siente y hace.Todas las actividades de la instituci\u00f3n tienen una metodolog\u00eda que articula la&hellip;<\/p>\n","protected":false},"author":1,"featured_media":0,"parent":0,"menu_order":0,"comment_status":"closed","ping_status":"closed","template":"","meta":{"_joinchat":[],"footnotes":""},"class_list":["post-11469","page","type-page","status-publish","hentry"],"_links":{"self":[{"href":"https:\/\/estudioinesmoreno.com.ar\/estudio\/wp-json\/wp\/v2\/pages\/11469","targetHints":{"allow":["GET"]}}],"collection":[{"href":"https:\/\/estudioinesmoreno.com.ar\/estudio\/wp-json\/wp\/v2\/pages"}],"about":[{"href":"https:\/\/estudioinesmoreno.com.ar\/estudio\/wp-json\/wp\/v2\/types\/page"}],"author":[{"embeddable":true,"href":"https:\/\/estudioinesmoreno.com.ar\/estudio\/wp-json\/wp\/v2\/users\/1"}],"replies":[{"embeddable":true,"href":"https:\/\/estudioinesmoreno.com.ar\/estudio\/wp-json\/wp\/v2\/comments?post=11469"}],"version-history":[{"count":62,"href":"https:\/\/estudioinesmoreno.com.ar\/estudio\/wp-json\/wp\/v2\/pages\/11469\/revisions"}],"predecessor-version":[{"id":12217,"href":"https:\/\/estudioinesmoreno.com.ar\/estudio\/wp-json\/wp\/v2\/pages\/11469\/revisions\/12217"}],"wp:attachment":[{"href":"https:\/\/estudioinesmoreno.com.ar\/estudio\/wp-json\/wp\/v2\/media?parent=11469"}],"curies":[{"name":"wp","href":"https:\/\/api.w.org\/{rel}","templated":true}]}}